{"id":1383,"date":"2023-08-09T12:09:57","date_gmt":"2023-08-09T10:09:57","guid":{"rendered":"https:\/\/camping-houlgate.com\/startseite\/"},"modified":"2024-12-18T09:22:17","modified_gmt":"2024-12-18T08:22:17","slug":"startseite","status":"publish","type":"page","link":"https:\/\/camping-houlgate.com\/de\/","title":{"rendered":"Startseite"},"content":{"rendered":"\n<div class=\"wp-block-cover alignfull is-light\"><span aria-hidden=\"true\" class=\"has-background-dim-0 wp-block-cover__gradient-background has-background-dim\"><\/span><img width=\"1920\" height=\"1440\" class=\"wp-block-cover__image-background wp-image-1279\" alt=\"\" src=\"https:\/\/camping-houlgate.com\/wp-content\/uploads\/2023\/07\/accueil-plage-houlgate.jpeg\" style=\"object-position:50% 60%\" data-object-fit=\"cover\" data-object-position=\"50% 60%\" srcset=\"https:\/\/camping-houlgate.com\/wp-content\/uploads\/2023\/07\/accueil-plage-houlgate.jpeg 1920w, https:\/\/camping-houlgate.com\/wp-content\/uploads\/2023\/07\/accueil-plage-houlgate-300x225.jpeg 300w, https:\/\/camping-houlgate.com\/wp-content\/uploads\/2023\/07\/accueil-plage-houlgate-1024x768.jpeg 1024w, https:\/\/camping-houlgate.com\/wp-content\/uploads\/2023\/07\/accueil-plage-houlgate-768x576.jpeg 768w, https:\/\/camping-houlgate.com\/wp-content\/uploads\/2023\/07\/accueil-plage-houlgate-1536x1152.jpeg 1536w\" sizes=\"(max-width: 1920px) 100vw, 1920px\" \/><div class=\"wp-block-cover__inner-container\">\n<h1 class=\"has-text-align-center has-vert-fond-color has-text-color\" id=\"camping-de-la-plage-houlgate\">Camping de la plage Houlgate<\/h1>\n<\/div><\/div>\n\n<div class=\"wp-container-69d613a201e53 wp-block-group container-resa\"><div class=\"wp-block-group__inner-container\"><div class=\"barre_resa\"><div><label for=\"barre-datepicker\">Daten Ihres Aufenthalts<\/label><i class=\"far fa-calendar-alt\"><\/i><input type=\"text\" id=\"barre-datepicker\" placeholder=\"W\u00e4hlen Sie Ihre Daten\" data-input><\/div><div><button class=\"typesejour\">Art der Unterkunft<\/button><span class=\"placeholder\">Alle Unterk\u00fcnfte<\/span><i class=\"far fa-chevron-down\"><\/i><div class=\"filtre typesejour\"><div><input value=\"hebergements\" type=\"radio\" name=\"barre-typesejour\" id=\"type-hebergement\"><label for=\"type-hebergement\">Unterk\u00fcnfte<\/label><\/div><div><input value=\"emplacement\" type=\"radio\" name=\"barre-typesejour\" id=\"type-emplacement\"><label for=\"type-emplacement\">Standort<\/label><\/div><\/div><\/div><div><button class=\"nombrepersonnes\">F\u00e4higkeiten<\/button><span class=\"placeholder\">Alle F\u00e4higkeiten<\/span><i class=\"far fa-chevron-down\"><\/i><div class=\"filtre nombrepersonnes\"><div><input value=\"1\" type=\"radio\" name=\"barre-nombrepersonnes\" id=\"personnes-1\"><label for=\"personnes-1\">1 Und mehr<\/label><\/div><div><input value=\"2\" type=\"radio\" name=\"barre-nombrepersonnes\" id=\"personnes-2\"><label for=\"personnes-2\">2 Und mehr<\/label><\/div><div><input value=\"3\" type=\"radio\" name=\"barre-nombrepersonnes\" id=\"personnes-3\"><label for=\"personnes-3\">3 Und mehr<\/label><\/div><div><input value=\"4\" type=\"radio\" name=\"barre-nombrepersonnes\" id=\"personnes-4\"><label for=\"personnes-4\">4 Und mehr<\/label><\/div><div><input value=\"5\" type=\"radio\" name=\"barre-nombrepersonnes\" id=\"personnes-5\"><label for=\"personnes-5\">5 Und mehr<\/label><\/div><div><input value=\"6\" type=\"radio\" name=\"barre-nombrepersonnes\" id=\"personnes-6\"><label for=\"personnes-6\">6 Und mehr<\/label><\/div><\/div><\/div><button class=\"btn_resa\"><i class=\"far fa-search\"><\/i>Suchen<\/button><\/div>\n<\/div><\/div>\n\n<div class=\"wp-block-media-text has-media-on-the-right is-stacked-on-mobile\" style=\"grid-template-columns:auto 44%\"><figure class=\"wp-block-media-text__media\"><img width=\"1024\" height=\"768\" src=\"https:\/\/camping-houlgate.com\/wp-content\/uploads\/2024\/10\/plage-grande-maree-1024x768.jpg\" alt=\"\" class=\"wp-image-2227 size-full\" srcset=\"https:\/\/camping-houlgate.com\/wp-content\/uploads\/2024\/10\/plage-grande-maree-1024x768.jpg 1024w, https:\/\/camping-houlgate.com\/wp-content\/uploads\/2024\/10\/plage-grande-maree-300x225.jpg 300w, https:\/\/camping-houlgate.com\/wp-content\/uploads\/2024\/10\/plage-grande-maree-768x576.jpg 768w, https:\/\/camping-houlgate.com\/wp-content\/uploads\/2024\/10\/plage-grande-maree-1536x1152.jpg 1536w, https:\/\/camping-houlgate.com\/wp-content\/uploads\/2024\/10\/plage-grande-maree-2048x1536.jpg 2048w\" sizes=\"(max-width: 1024px) 100vw, 1024px\" \/><\/figure><div class=\"wp-block-media-text__content\">\n<h2 class=\"has-vert-fonce-color has-text-color\" id=\"un-coin-de-paradis\">Eine Ecke des Paradieses!<\/h2>\n\n\n\n<p>Sind Sie auf der Suche nach einem <strong>Urlaubsziel<\/strong>, das Ihnen sowohl <strong>Abwechslung<\/strong> als auch Ideen zum Ausgehen bietet? Hier sind Sie richtig! An der sch\u00f6nen C\u00f4te Fleurie in Houlgate gelegen, erwartet Sie der Camping de la Plage f\u00fcr einen ma\u00dfgeschneiderten Aufenthalt in der Basse-Normandie. U<a href=\"https:\/\/camping-houlgate.com\/camping-3-etoiles-calvados\/\">nser 3-Sterne-Campingplatz im Calvados<\/a> bietet Ihnen: Tipis, Zigeunerwagen, traditionelle Ferienh\u00e4user, Chalets oder <a href=\"https:\/\/camping-houlgate.com\/de\/vermietungen\/\" data-type=\"page\" data-id=\"539\">komplett ausgestattete Miet-Mobilheime<\/a> mit direktem <strong>Zugang zum Strand&#8230;<\/strong> <\/p>\n\n\n\n<p>Wenn Sie das traditionelle Camping bevorzugen, entscheiden Sie sich f\u00fcr einen <a href=\"https:\/\/camping-houlgate.com\/de\/standorte\/\" data-type=\"page\" data-id=\"541\">klassischen Stellplatz<\/a> und stellen Sie Ihr Zelt, Ihren Wohnwagen oder Ihr Wohnmobil mit Blick auf das Meer auf.<\/p>\n\n\n\n<div class=\"wp-block-group encart-information\"><div class=\"wp-block-group__inner-container\">\n<p>Ungew\u00f6hnliche Aufenthalte mit unvergesslichem Panorama!<\/p>\n<\/div><\/div>\n\n\n\n<p>Wir befinden uns in der N\u00e4he des Naturschutzgebiets <strong>Falaises des vaches noires<\/strong>, 200 Meter von Houlgate, 4 km von <strong>Cabourg<\/strong>, weniger als 30 Minuten von<strong> Honfleur<\/strong> und <strong>Deauville,<\/strong> in der N\u00e4he der D-<strong>Day-Str\u00e4nde der Normandie<\/strong> und nicht weit von <strong>Caen<\/strong> entfernt.<\/p>\n\n\n\n<p>Unser Campingplatz <strong>ist derzeit f\u00fcr <\/strong>die Wintersaison geschlossen und wird am <strong>1. April 2025<\/strong> wiederer\u00f6ffnet.<\/p>\n\n\n\n<p><strong>Online<em>&#8211;<\/em><\/strong>Buchungen sind ab <em>Dezember <\/em>m\u00f6glich, <strong>telefonische<\/strong> Buchungen erst ab <em>Januar<\/em>.<\/p>\n\n\n\n<p>F\u00fcr weitere Informationen k\u00f6nnen Sie uns gerne per<strong> E-Mail kontaktieren<\/strong>. Wir werden Ihnen so schnell wie m\u00f6glich antworten.<\/p>\n\n\n\n<div class=\"wp-container-69d613a202263 wp-block-buttons\">\n<div class=\"wp-block-button btn_resa\"><a class=\"wp-block-button__link\">Buchen<\/a><\/div>\n<\/div>\n<\/div><\/div>\n\n<div class=\"wp-container-69d613a2028e6 wp-block-group alignfull has-bleu-fond-background-color has-background\"><div class=\"wp-block-group__inner-container\">\n<div class=\"wp-block-media-text alignwide is-stacked-on-mobile is-image-fill mob__order--buttons\"><figure class=\"wp-block-media-text__media\" style=\"background-image:url(https:\/\/camping-houlgate.com\/wp-content\/uploads\/2023\/06\/vue_roulotte_capucine_camping_de_la_plage_houlgate-1-1024x494.jpeg);background-position:50% 50%\"><img width=\"1024\" height=\"494\" src=\"https:\/\/camping-houlgate.com\/wp-content\/uploads\/2023\/06\/vue_roulotte_capucine_camping_de_la_plage_houlgate-1-1024x494.jpeg\" alt=\"vue_roulotte_capucine_camping_de_la_plage_houlgate\" class=\"wp-image-1007 size-full\" srcset=\"https:\/\/camping-houlgate.com\/wp-content\/uploads\/2023\/06\/vue_roulotte_capucine_camping_de_la_plage_houlgate-1-1024x494.jpeg 1024w, https:\/\/camping-houlgate.com\/wp-content\/uploads\/2023\/06\/vue_roulotte_capucine_camping_de_la_plage_houlgate-1-300x145.jpeg 300w, https:\/\/camping-houlgate.com\/wp-content\/uploads\/2023\/06\/vue_roulotte_capucine_camping_de_la_plage_houlgate-1-768x371.jpeg 768w, https:\/\/camping-houlgate.com\/wp-content\/uploads\/2023\/06\/vue_roulotte_capucine_camping_de_la_plage_houlgate-1.jpeg 1512w\" sizes=\"(max-width: 1024px) 100vw, 1024px\" \/><\/figure><div class=\"wp-block-media-text__content\">\n<h2 class=\"has-orange-color has-text-color\" id=\"camping-insolite-en-normandie-tipis-et-roulottes\">Ungew\u00f6hnlicher Campingplatz in der Normandie: Tipis und Zigeunerwagen<\/h2>\n\n\n\n<ul class=\"pictos small\"><li><i class=\"fal fa-sun\"><\/i>  Urlaub mit Abwechslung<\/li><li><i class=\"fal fa-star\"><\/i>  Origineller und ungew\u00f6hnlicher Ort<\/li><li><i class=\"fal fa-trees\"><\/i>  Nat\u00fcrliche Landschaften<\/li><\/ul>\n\n\n\n<div class=\"wp-container-69d613a2025a5 wp-block-buttons\">\n<div class=\"wp-block-button\"><a class=\"wp-block-button__link\" href=\"https:\/\/camping-houlgate.com\/de\/inselaufenthalte\/\"><i class=\"fal fa-arrow-right\"><\/i>  Entdecken Sie die Unterk\u00fcnfte<\/a><\/div>\n<\/div>\n\n\n\n<p>Nutzen Sie unsere ungew\u00f6hnlichen Unterk\u00fcnfte wie Tipis und Zigeunerwagen, um eine angenehme Zeit in der Normandie zu verbringen. In einer nat\u00fcrlichen Umgebung k\u00f6nnen Sie in unseren f\u00fcnf Tipis und sechs Zigeunerwagen eine einzigartige Erfahrung machen! Originell und gesellig, Ihr Erlebnis im Zigeunerwagen oder Tipi wird Sie ins Land der Tr\u00e4ume entf\u00fchren. Unser <a href=\"https:\/\/camping-houlgate.com\/camping-insolite-normandie\/\">ungew\u00f6hnlicher Campingplatz in der Normandie <\/a>bietet Ihnen die M\u00f6glichkeit, direkt am Meer in atypischen und komfortablen Unterk\u00fcnften zu \u00fcbernachten.  <\/p>\n<\/div><\/div>\n\n\n\n<ul class=\"pictos\"><li><i class=\"fal fa-umbrella-beach\"><\/i> <strong>Meeresufer<\/strong><\/li><li><i class=\"fal fa-map-pin\"><\/i> <strong>Idealer<\/strong> Standort<\/li><li><i class=\"fal fa-shop\"><\/i>  In der N\u00e4he der <strong>Stadt<\/strong><\/li><li><i class=\"fal fa-binoculars\"><\/i>  Blick auf das <strong>Meer<\/strong><\/li><li><i class=\"fal fa-tennis-ball\"><\/i>  Aktivit\u00e4ten <strong>f\u00fcr alle<\/strong><\/li><li><i class=\"fal fa-family\"><\/i> <strong>Familiencampingplatz<\/strong><\/li><\/ul>\n<\/div><\/div>\n\n<div class=\"wp-block-columns\">\n<div class=\"wp-block-column mob__order--buttons\">\n<h2 class=\"has-vert-fonce-color has-text-color\" id=\"un-coin-de-paradis\">Campingplatz mit Meerblick in der Normandie<\/h2>\n\n\n\n<ul class=\"pictos small\"><li><i class=\"fal fa-water\"><\/i>  Nahe am Meer<\/li><li><i class=\"fal fa-family\"><\/i>  Famili\u00e4r und gesellig<\/li><li><i class=\"fal fa-flower\"><\/i>  Umgebung mit B\u00e4umen<\/li><\/ul>\n\n\n\n<div class=\"wp-container-69d613a202cb7 wp-block-buttons\">\n<div class=\"wp-block-button\"><a class=\"wp-block-button__link\" href=\"https:\/\/camping-houlgate.com\/de\/vermietungen\/\"><i class=\"fal fa-arrow-right\"><\/i>  Zu den Mietobjekten<\/a><\/div>\n\n\n\n<div class=\"wp-block-button\"><a class=\"wp-block-button__link\" href=\"https:\/\/camping-houlgate.com\/de\/fotogalerie\/\"><i class=\"fal fa-arrow-right\"><\/i>  Siehe die Fotogalerie<\/a><\/div>\n<\/div>\n\n\n\n<p>Der <strong>Campingplatz La Plage<\/strong> in Houlgate h\u00e4lt einen <strong>atemberaubenden Blick auf die K\u00fcste<\/strong> der Normandie f\u00fcr Sie bereit. Mit Blick auf das Meer sind unsere <strong>Unterk\u00fcnfte ideal<\/strong>, um einenangenehmen Urlaub und <strong>ungew\u00f6hnliche Aufenthalte<\/strong> in Houlgate zu verbringen! Unser <strong>Campingplatz mit Meerblick in der Normandie<\/strong> bietet Ihnen eine nat\u00fcrliche Umgebung, damit Sie sich in der N\u00e4he der sch\u00f6nsten Str\u00e4nde des Calvados so gut wie m\u00f6glich entspannen k\u00f6nnen.<\/p>\n<\/div>\n\n\n\n<div class=\"wp-block-column is-vertically-aligned-center\">\n<figure class=\"wp-block-gallery has-nested-images columns-default is-cropped\">\n<figure class=\"wp-block-image size-full\"><img width=\"480\" height=\"642\" src=\"https:\/\/camping-houlgate.com\/wp-content\/uploads\/2023\/06\/roulottes_camping_de_la_plage_houlgate-9.jpg\" alt=\"\" class=\"wp-image-607\" srcset=\"https:\/\/camping-houlgate.com\/wp-content\/uploads\/2023\/06\/roulottes_camping_de_la_plage_houlgate-9.jpg 480w, https:\/\/camping-houlgate.com\/wp-content\/uploads\/2023\/06\/roulottes_camping_de_la_plage_houlgate-9-224x300.jpg 224w\" sizes=\"(max-width: 480px) 100vw, 480px\" \/><\/figure>\n\n\n\n<figure class=\"wp-block-image size-full\"><img width=\"480\" height=\"642\" src=\"https:\/\/camping-houlgate.com\/wp-content\/uploads\/2023\/06\/roulottes_camping_de_la_plage_houlgate-8.jpg\" alt=\"\" class=\"wp-image-604\" srcset=\"https:\/\/camping-houlgate.com\/wp-content\/uploads\/2023\/06\/roulottes_camping_de_la_plage_houlgate-8.jpg 480w, https:\/\/camping-houlgate.com\/wp-content\/uploads\/2023\/06\/roulottes_camping_de_la_plage_houlgate-8-224x300.jpg 224w\" sizes=\"(max-width: 480px) 100vw, 480px\" \/><\/figure>\n<\/figure>\n<\/div>\n<\/div>\n\n<div class=\"wp-block-media-text alignwide is-stacked-on-mobile is-image-fill\"><figure class=\"wp-block-media-text__media\" style=\"background-image:url(https:\/\/camping-houlgate.com\/wp-content\/uploads\/2024\/10\/Concours-de-chateau-de-sable-1024x768.jpg);background-position:50% 50%\"><img width=\"1024\" height=\"768\" src=\"https:\/\/camping-houlgate.com\/wp-content\/uploads\/2024\/10\/Concours-de-chateau-de-sable-1024x768.jpg\" alt=\"\" class=\"wp-image-2160 size-full\" srcset=\"https:\/\/camping-houlgate.com\/wp-content\/uploads\/2024\/10\/Concours-de-chateau-de-sable-1024x768.jpg 1024w, https:\/\/camping-houlgate.com\/wp-content\/uploads\/2024\/10\/Concours-de-chateau-de-sable-300x225.jpg 300w, https:\/\/camping-houlgate.com\/wp-content\/uploads\/2024\/10\/Concours-de-chateau-de-sable-768x576.jpg 768w, https:\/\/camping-houlgate.com\/wp-content\/uploads\/2024\/10\/Concours-de-chateau-de-sable-1536x1152.jpg 1536w, https:\/\/camping-houlgate.com\/wp-content\/uploads\/2024\/10\/Concours-de-chateau-de-sable.jpg 2016w\" sizes=\"(max-width: 1024px) 100vw, 1024px\" \/><\/figure><div class=\"wp-block-media-text__content\">\n<h2 class=\"has-vert-fonce-color has-text-color\" id=\"des-animations-pour-toute-la-famille\">Animationen <em>f\u00fcr die ganze Familie<\/em><\/h2>\n\n\n\n<p>Auf dem <strong>Camping de la Plage<\/strong> in Houlgate werden <strong>Animationen<\/strong> und <strong>Aktivit\u00e4ten<\/strong> f\u00fcr die ganze Familie angeboten ! Jede neue Saison k\u00f6nnen Sie von einem Animationsprogramm profitieren, das sich an <strong>alle Generationen<\/strong> richtet! Morgens, nachmittags oder abends, je nach Alter und Jahreszeit, finden Sie den Plan auf der Ebene der Rezeption ausgeh\u00e4ngt.<\/p>\n\n\n\n<div class=\"wp-container-69d613a203201 wp-block-buttons\">\n<div class=\"wp-block-button btn_resa\"><a class=\"wp-block-button__link\">Buchen<\/a><\/div>\n\n\n\n<div class=\"wp-block-button\"><a class=\"wp-block-button__link\" href=\"https:\/\/camping-houlgate.com\/de\/animationen-dienstleistungen\/\"><i class=\"fal fa-arrow-right\"><\/i> Entdecken Sie die Animationen<\/a><\/div>\n<\/div>\n<\/div><\/div>\n\n<div class=\"wp-container-69d613a2039c9 wp-block-group alignfull mob__order--buttons has-vert-fonce-background-color has-background\"><div class=\"wp-block-group__inner-container\">\n<h2 class=\"has-text-align-center\" id=\"les-nombreux-services-du-camping-a-houlgate\">Die zahlreichen Dienstleistungen des <em>Campingplatzes in Houlgate<\/em><\/h2>\n\n\n\n<p class=\"has-text-align-center mw-50\">In der Stadt finden Sie alle Dienstleistungen f\u00fcr Ihr Vergn\u00fcgen: Restaurant, Bar, Lebensmittelgesch\u00e4ft, Materialverleih&#8230; <a href=\"https:\/\/camping-houlgate.com\/camping-calvados-pas-cher\/\" data-type=\"page\" data-id=\"2151\">Unser g\u00fcnstiger Campingplatz im Calvados<\/a> bietet auch den Verkauf von <strong>lokalen und handwerklichen Produkten an.<\/strong><\/p>\n\n\n\n<div class=\"wp-container-69d613a203640 wp-block-buttons\">\n<div class=\"wp-block-button\"><a class=\"wp-block-button__link\" href=\"https:\/\/camping-houlgate.com\/de\/animationen-dienstleistungen\/\"><i class=\"fal fa-arrow-right\"><\/i> Entdecken Sie die Dienste<\/a><\/div>\n<\/div>\n\n\n\n<ul class=\"pictos\"><li><i class=\"fal fa-heat\"><\/i> <strong>Grillverleih<\/strong><\/li><li><i class=\"fal fa-washing-machine\"><\/i> <strong>Waschmaschine<\/strong><\/li><li><i class=\"fal fa-dryer\"><\/i> <strong>W\u00e4schetrockner<\/strong><\/li><li><i class=\"fal fa-baguette\"><\/i> <strong>Brotdepot<\/strong><\/li><li><i class=\"fal fa-blanket\"><\/i>  Vermietung <strong>von Bettw\u00e4sche<\/strong><\/li><li><i class=\"fal fa-broom\"><\/i> <strong>Haushaltsservice<\/strong><\/li><\/ul>\n<\/div><\/div>\n\n<div class=\"wp-block-media-text alignwide is-stacked-on-mobile is-image-fill\"><figure class=\"wp-block-media-text__media\" style=\"background-image:url(https:\/\/camping-houlgate.com\/wp-content\/uploads\/2024\/10\/chalet-panoramique-vue-1024x768.jpg);background-position:50% 50%\"><img width=\"1024\" height=\"768\" src=\"https:\/\/camping-houlgate.com\/wp-content\/uploads\/2024\/10\/chalet-panoramique-vue-1024x768.jpg\" alt=\"\" class=\"wp-image-2179 size-full\" srcset=\"https:\/\/camping-houlgate.com\/wp-content\/uploads\/2024\/10\/chalet-panoramique-vue-1024x768.jpg 1024w, https:\/\/camping-houlgate.com\/wp-content\/uploads\/2024\/10\/chalet-panoramique-vue-300x225.jpg 300w, https:\/\/camping-houlgate.com\/wp-content\/uploads\/2024\/10\/chalet-panoramique-vue-768x576.jpg 768w, https:\/\/camping-houlgate.com\/wp-content\/uploads\/2024\/10\/chalet-panoramique-vue-1536x1152.jpg 1536w, https:\/\/camping-houlgate.com\/wp-content\/uploads\/2024\/10\/chalet-panoramique-vue.jpg 1600w\" sizes=\"(max-width: 1024px) 100vw, 1024px\" \/><\/figure><div class=\"wp-block-media-text__content\">\n<h2 class=\"has-vert-fonce-color has-text-color\" id=\"remise-pour-les-longs-sejours-au-camping-a-houlgate\">Sonderrabatt f\u00fcr l\u00e4ngere Aufenthalte<\/h2>\n\n\n\n<h3 id=\"partez-plus-longtemps-et-payez-moins\">L\u00e4nger wegfahren und weniger zahlen!<\/h3>\n\n\n\n<p><strong>Vom 06. Juli bis 31. August f\u00fcr Mietunterk\u00fcnfte<\/strong>: 4% Rabatt auf Ihren gesamten Aufenthalt, wenn Sie mindestens <strong>14 Tage bleiben.<\/strong><\/p>\n\n\n\n<p><strong>Vom 29. M\u00e4rz bis 05. Juli und vom 01. September bis 04. November f\u00fcr Mietunterk\u00fcnfte:<\/strong> 8% Rabatt auf Ihren gesamten Aufenthalt.<\/p>\n\n\n\n<div class=\"wp-container-69d613a203e1c wp-block-buttons\">\n<div class=\"wp-block-button btn_resa\"><a class=\"wp-block-button__link\">Buchen<\/a><\/div>\n<\/div>\n<\/div><\/div>\n\n<div class=\"wp-container-69d613a2081e8 wp-block-group alignfull has-bleu-fond-background-color has-background\"><div class=\"wp-block-group__inner-container\">\n<div class=\"wp-block-columns\">\n<div class=\"wp-block-column is-vertically-aligned-center\">\n<h2 class=\"has-orange-color has-text-color\" id=\"un-coin-de-paradis\">in der N\u00e4he des Strandcampingplatzes<\/h2>\n\n\n\n<p>Ob Sie nun ein Fan von \u201eFaulenzer\u201c-Urlauben, <strong>Naturliebhaber,<\/strong> <strong>Wassersportler,<\/strong> <strong>Geschichtsinteressierte<\/strong> oder auf der <strong>Suche nach Aktivit\u00e4ten<\/strong> sind, die Sie mit kleinen Kindern teilen k\u00f6nnen, der Campingplatz \u201eLa Plage d&#8217;Houlgate\u201c ist der perfekte Anlaufpunkt f\u00fcr Sie. Unser Campingplatz im Calvados liegt ideal am Meer im Herzen der Basse-Normandie und bietet Ihnen die M\u00f6glichkeit, das au\u00dfergew\u00f6hnliche kulturelle, historische und gastronomische Erbe der Region zu entdecken! <\/p>\n\n\n\n<div class=\"wp-container-69d613a2041e1 wp-block-buttons\">\n<div class=\"wp-block-button\"><a class=\"wp-block-button__link\" href=\"https:\/\/camping-houlgate.com\/de\/umgebung\/\"><i class=\"fal fa-arrow-right\"><\/i> Die Umgebung entdecken<\/a><\/div>\n<\/div>\n<\/div>\n\n\n\n<div class=\"wp-block-column is-vertically-aligned-center\">\n<figure class=\"wp-block-gallery has-nested-images columns-default is-cropped diaporama--2\">\n<figure class=\"wp-block-image size-large\"><img width=\"559\" height=\"1024\" src=\"https:\/\/camping-houlgate.com\/wp-content\/uploads\/2023\/12\/IMG_3090-559x1024.jpg\" alt=\"planche-deauville-camping-de-la-plage\" class=\"wp-image-1649\" srcset=\"https:\/\/camping-houlgate.com\/wp-content\/uploads\/2023\/12\/IMG_3090-559x1024.jpg 559w, https:\/\/camping-houlgate.com\/wp-content\/uploads\/2023\/12\/IMG_3090-164x300.jpg 164w, https:\/\/camping-houlgate.com\/wp-content\/uploads\/2023\/12\/IMG_3090-768x1406.jpg 768w, https:\/\/camping-houlgate.com\/wp-content\/uploads\/2023\/12\/IMG_3090-839x1536.jpg 839w, https:\/\/camping-houlgate.com\/wp-content\/uploads\/2023\/12\/IMG_3090-1119x2048.jpg 1119w, https:\/\/camping-houlgate.com\/wp-content\/uploads\/2023\/12\/IMG_3090.jpg 1206w\" sizes=\"(max-width: 559px) 100vw, 559px\" \/><\/figure>\n\n\n\n<figure class=\"wp-block-image size-large\"><img width=\"682\" height=\"1024\" src=\"https:\/\/camping-houlgate.com\/wp-content\/uploads\/2023\/12\/Dejeuner_dans_les_dunes-Camille_Plichard_-_NCPA_tourisme-26972-1200px-682x1024.jpg\" alt=\"\" class=\"wp-image-1671\" srcset=\"https:\/\/camping-houlgate.com\/wp-content\/uploads\/2023\/12\/Dejeuner_dans_les_dunes-Camille_Plichard_-_NCPA_tourisme-26972-1200px-682x1024.jpg 682w, https:\/\/camping-houlgate.com\/wp-content\/uploads\/2023\/12\/Dejeuner_dans_les_dunes-Camille_Plichard_-_NCPA_tourisme-26972-1200px-200x300.jpg 200w, https:\/\/camping-houlgate.com\/wp-content\/uploads\/2023\/12\/Dejeuner_dans_les_dunes-Camille_Plichard_-_NCPA_tourisme-26972-1200px-768x1153.jpg 768w, https:\/\/camping-houlgate.com\/wp-content\/uploads\/2023\/12\/Dejeuner_dans_les_dunes-Camille_Plichard_-_NCPA_tourisme-26972-1200px.jpg 799w\" sizes=\"(max-width: 682px) 100vw, 682px\" \/><\/figure>\n\n\n\n<figure class=\"wp-block-image size-large\"><img width=\"1024\" height=\"768\" src=\"https:\/\/camping-houlgate.com\/wp-content\/uploads\/2023\/12\/Catamaran-Camille-Plichard-OTINCPA-1024x768.jpg\" alt=\"catamaran-mer-calvados-camping-de-la-plage\" class=\"wp-image-1837\" srcset=\"https:\/\/camping-houlgate.com\/wp-content\/uploads\/2023\/12\/Catamaran-Camille-Plichard-OTINCPA-1024x768.jpg 1024w, https:\/\/camping-houlgate.com\/wp-content\/uploads\/2023\/12\/Catamaran-Camille-Plichard-OTINCPA-300x225.jpg 300w, https:\/\/camping-houlgate.com\/wp-content\/uploads\/2023\/12\/Catamaran-Camille-Plichard-OTINCPA-768x576.jpg 768w, https:\/\/camping-houlgate.com\/wp-content\/uploads\/2023\/12\/Catamaran-Camille-Plichard-OTINCPA-1536x1152.jpg 1536w, https:\/\/camping-houlgate.com\/wp-content\/uploads\/2023\/12\/Catamaran-Camille-Plichard-OTINCPA.jpg 2048w\" sizes=\"(max-width: 1024px) 100vw, 1024px\" \/><\/figure>\n<\/figure>\n<\/div>\n<\/div>\n<\/div><\/div>\n","protected":false},"excerpt":{"rendered":"<p>Ungew\u00f6hnlicher Campingplatz in der Normandie: Tipis und Zigeunerwagen Urlaub mit Abwechslung Origineller und ungew\u00f6hnlicher Ort Nat\u00fcrliche Landschaften Nutzen Sie unsere ungew\u00f6hnlichen Unterk\u00fcnfte wie Tipis und Zigeunerwagen, um eine angenehme Zeit in der Normandie zu verbringen. In einer nat\u00fcrlichen Umgebung k\u00f6nnen Sie in unseren f\u00fcnf Tipis und sechs Zigeunerwagen eine einzigartige Erfahrung machen! Originell und gesellig, [&hellip;]<\/p>\n","protected":false},"author":1,"featured_media":0,"parent":0,"menu_order":0,"comment_status":"closed","ping_status":"closed","template":"","meta":[],"acf":[],"_links":{"self":[{"href":"https:\/\/camping-houlgate.com\/de\/wp-json\/wp\/v2\/pages\/1383"}],"collection":[{"href":"https:\/\/camping-houlgate.com\/de\/wp-json\/wp\/v2\/pages"}],"about":[{"href":"https:\/\/camping-houlgate.com\/de\/wp-json\/wp\/v2\/types\/page"}],"author":[{"embeddable":true,"href":"https:\/\/camping-houlgate.com\/de\/wp-json\/wp\/v2\/users\/1"}],"replies":[{"embeddable":true,"href":"https:\/\/camping-houlgate.com\/de\/wp-json\/wp\/v2\/comments?post=1383"}],"version-history":[{"count":6,"href":"https:\/\/camping-houlgate.com\/de\/wp-json\/wp\/v2\/pages\/1383\/revisions"}],"predecessor-version":[{"id":2364,"href":"https:\/\/camping-houlgate.com\/de\/wp-json\/wp\/v2\/pages\/1383\/revisions\/2364"}],"wp:attachment":[{"href":"https:\/\/camping-houlgate.com\/de\/wp-json\/wp\/v2\/media?parent=1383"}],"curies":[{"name":"wp","href":"https:\/\/api.w.org\/{rel}","templated":true}]}}