{"id":1389,"date":"2023-08-09T12:11:02","date_gmt":"2023-08-09T10:11:02","guid":{"rendered":"https:\/\/camping-houlgate.com\/umgebung\/"},"modified":"2025-06-03T13:50:28","modified_gmt":"2025-06-03T11:50:28","slug":"umgebung","status":"publish","type":"page","link":"https:\/\/camping-houlgate.com\/de\/umgebung\/","title":{"rendered":"Umgebung"},"content":{"rendered":"\n<div class=\"wp-block-cover alignfull is-light\"><span aria-hidden=\"true\" class=\"has-background-dim-0 wp-block-cover__gradient-background has-background-dim\"><\/span><img width=\"1632\" height=\"730\" class=\"wp-block-cover__image-background wp-image-730\" alt=\"\" src=\"https:\/\/camping-houlgate.com\/wp-content\/uploads\/2023\/06\/plage_camping_de_la_plage_houlgate.jpeg\" data-object-fit=\"cover\" srcset=\"https:\/\/camping-houlgate.com\/wp-content\/uploads\/2023\/06\/plage_camping_de_la_plage_houlgate.jpeg 1632w, https:\/\/camping-houlgate.com\/wp-content\/uploads\/2023\/06\/plage_camping_de_la_plage_houlgate-300x134.jpeg 300w, https:\/\/camping-houlgate.com\/wp-content\/uploads\/2023\/06\/plage_camping_de_la_plage_houlgate-1024x458.jpeg 1024w, https:\/\/camping-houlgate.com\/wp-content\/uploads\/2023\/06\/plage_camping_de_la_plage_houlgate-768x344.jpeg 768w, https:\/\/camping-houlgate.com\/wp-content\/uploads\/2023\/06\/plage_camping_de_la_plage_houlgate-1536x687.jpeg 1536w\" sizes=\"(max-width: 1632px) 100vw, 1632px\" \/><div class=\"wp-block-cover__inner-container\">\n<h1 class=\"has-text-align-center has-vert-fond-color has-text-color\" id=\"a-visiter\">Zu besuchen<\/h1>\n<\/div><\/div>\n\n\n\n<div class=\"wp-block-media-text alignwide has-media-on-the-right is-stacked-on-mobile is-image-fill\"><figure class=\"wp-block-media-text__media\" style=\"background-image:url(https:\/\/camping-houlgate.com\/wp-content\/uploads\/2023\/12\/jardin-de-cabourg-Camille-Plichard-OTINCPA-1024x768.jpg);background-position:50% 50%\"><img width=\"1024\" height=\"768\" src=\"https:\/\/camping-houlgate.com\/wp-content\/uploads\/2023\/12\/jardin-de-cabourg-Camille-Plichard-OTINCPA-1024x768.jpg\" alt=\"jardin-de-cabourg-camping-de-la-plage-houlgate\" class=\"wp-image-1855 size-full\" srcset=\"https:\/\/camping-houlgate.com\/wp-content\/uploads\/2023\/12\/jardin-de-cabourg-Camille-Plichard-OTINCPA-1024x768.jpg 1024w, https:\/\/camping-houlgate.com\/wp-content\/uploads\/2023\/12\/jardin-de-cabourg-Camille-Plichard-OTINCPA-300x225.jpg 300w, https:\/\/camping-houlgate.com\/wp-content\/uploads\/2023\/12\/jardin-de-cabourg-Camille-Plichard-OTINCPA-768x576.jpg 768w, https:\/\/camping-houlgate.com\/wp-content\/uploads\/2023\/12\/jardin-de-cabourg-Camille-Plichard-OTINCPA-1536x1152.jpg 1536w, https:\/\/camping-houlgate.com\/wp-content\/uploads\/2023\/12\/jardin-de-cabourg-Camille-Plichard-OTINCPA.jpg 2048w\" sizes=\"(max-width: 1024px) 100vw, 1024px\" \/><\/figure><div class=\"wp-block-media-text__content\">\n<h2 class=\"has-vert-fonce-color has-text-color\" id=\"decouvrez-la-normandie\">Entdecken Sie die Normandie&#8230;<\/h2>\n\n\n\n<ul class=\"pictos column--inline\"><li><i class=\"fal fa-volleyball\"><\/i>  Sportliche Aktivit\u00e4ten<\/li><li><i class=\"fal fa-spa\"><\/i>  Entspannende Momente<\/li><li><i class=\"fal fa-castle\"><\/i>  Entdeckung des Kulturerbes<\/li><\/ul>\n\n\n\n<p>Ob Sie nun ein Fan von &#8222;<strong>Faulenzer<\/strong>&#8222;-Urlauben sind, die <strong>Natur<\/strong> lieben, sich f\u00fcr <strong>Geschichte<\/strong> begeistern oder nach <strong>Aktivit\u00e4ten<\/strong> suchen, die Sie mit kleinen Kindern teilen k\u00f6nnen, der Camping de la Plage d&#8217;Houlgate ist ideal gelegen.<\/p>\n\n\n\n<p>Wir bieten Ihnen hier Vorschl\u00e4ge f\u00fcr Reiseziele. Vor Ort ist das <a href=\"https:\/\/www.normandie-cabourg-paysdauge-tourisme.fr\/agenda\/\" target=\"_blank\" data-type=\"URL\" data-id=\"https:\/\/www.normandie-cabourg-paysdauge-tourisme.fr\/agenda\/\" rel=\"noreferrer noopener\"><strong>Fremdenverkehrsamt<\/strong> <\/a> kann unsere Vorschl\u00e4ge erg\u00e4nzen.<\/p>\n<\/div><\/div>\n\n\n\n<div class=\"wp-container-69e19f91f1ec5 wp-block-group alignfull has-bleu-fond-background-color has-background\"><div class=\"wp-block-group__inner-container\">\n<h2 class=\"has-text-align-center mt-6 has-orange-color has-text-color\" id=\"une-region-pleine-de-ressources-1\">Eine Region voller Ressourcen!<\/h2>\n\n\n\n<div class=\"wp-block-columns cards\">\n<div class=\"wp-block-column\">\n<figure class=\"wp-block-image size-full\"><img width=\"400\" height=\"250\" src=\"https:\/\/camping-houlgate.com\/wp-content\/uploads\/2023\/06\/Atlantic_Wall_Audinghen_802-400x250-1.jpg\" alt=\"\" class=\"wp-image-755\" srcset=\"https:\/\/camping-houlgate.com\/wp-content\/uploads\/2023\/06\/Atlantic_Wall_Audinghen_802-400x250-1.jpg 400w, https:\/\/camping-houlgate.com\/wp-content\/uploads\/2023\/06\/Atlantic_Wall_Audinghen_802-400x250-1-300x188.jpg 300w\" sizes=\"(max-width: 400px) 100vw, 400px\" \/><\/figure>\n\n\n\n<p class=\"h3 has-vert-fonce-color has-text-color\">Mervilles Batterie entdecken<\/p>\n\n\n\n<p>An der Grenze zwischen dem Pays d&#8217;Auge, der cote fleurie und den Ufern der Orne verbirgt sich ein Ort, dessen Geschichte bei der R\u00fcckeroberung Frankreichs und der Niederlage des Dritten Reichs von entscheidender Bedeutung war<\/p>\n\n\n\n<div class=\"wp-container-69e19f91f00d1 wp-block-buttons\">\n<div class=\"wp-block-button\"><a class=\"wp-block-button__link\" href=\"https:\/\/camping-houlgate.com\/de\/umgebung\/melville-batterie-entdecken\/\"><i class=\"fal fa-arrow-right\"><\/i>  Lesen Sie mehr<\/a><\/div>\n<\/div>\n<\/div>\n\n\n\n<div class=\"wp-block-column\">\n<figure class=\"wp-block-image size-full\"><img width=\"400\" height=\"250\" src=\"https:\/\/camping-houlgate.com\/wp-content\/uploads\/2023\/06\/balade_velo_camping_de_la_plage_houlgate-400x250-1.jpeg\" alt=\"\" class=\"wp-image-761\" srcset=\"https:\/\/camping-houlgate.com\/wp-content\/uploads\/2023\/06\/balade_velo_camping_de_la_plage_houlgate-400x250-1.jpeg 400w, https:\/\/camping-houlgate.com\/wp-content\/uploads\/2023\/06\/balade_velo_camping_de_la_plage_houlgate-400x250-1-300x188.jpeg 300w\" sizes=\"(max-width: 400px) 100vw, 400px\" \/><\/figure>\n\n\n\n<p class=\"h3 has-vert-fonce-color has-text-color\">Liebeswochenende in der Normandie<\/p>\n\n\n\n<p>Lust auf ein romantisches Wochenende, um besondere Momente zu zweit zu genie\u00dfen. Z\u00f6gern Sie nicht l\u00e4nger und g\u00f6nnen Sie sich eine entspannende Pause auf dem Camping de la Plage in Houlgate.<\/p>\n\n\n\n<div class=\"wp-container-69e19f91f0431 wp-block-buttons\">\n<div class=\"wp-block-button\"><a class=\"wp-block-button__link\" href=\"https:\/\/camping-houlgate.com\/de\/umgebung\/liebeswochenende-in-der-normandie\/\"><i class=\"fal fa-arrow-right\"><\/i>  Lesen Sie mehr<\/a><\/div>\n<\/div>\n<\/div>\n\n\n\n<div class=\"wp-block-column\">\n<figure class=\"wp-block-image size-large\"><img width=\"1024\" height=\"768\" src=\"https:\/\/camping-houlgate.com\/wp-content\/uploads\/2023\/12\/plage-cabourg-Camille-Plichard-OTINCPA-1024x768.jpg\" alt=\"plage-cabourg-camping-de-la-plage-houlgate\" class=\"wp-image-1840\" srcset=\"https:\/\/camping-houlgate.com\/wp-content\/uploads\/2023\/12\/plage-cabourg-Camille-Plichard-OTINCPA-1024x768.jpg 1024w, https:\/\/camping-houlgate.com\/wp-content\/uploads\/2023\/12\/plage-cabourg-Camille-Plichard-OTINCPA-300x225.jpg 300w, https:\/\/camping-houlgate.com\/wp-content\/uploads\/2023\/12\/plage-cabourg-Camille-Plichard-OTINCPA-768x576.jpg 768w, https:\/\/camping-houlgate.com\/wp-content\/uploads\/2023\/12\/plage-cabourg-Camille-Plichard-OTINCPA-1536x1152.jpg 1536w, https:\/\/camping-houlgate.com\/wp-content\/uploads\/2023\/12\/plage-cabourg-Camille-Plichard-OTINCPA.jpg 2048w\" sizes=\"(max-width: 1024px) 100vw, 1024px\" \/><\/figure>\n\n\n\n<p class=\"h3 has-vert-fonce-color has-text-color\">Die Str\u00e4nde von Cabourg<\/p>\n\n\n\n<p>Wussten Sie, dass Cabourg einer der sch\u00f6nsten Str\u00e4nde der Normandie ist?<\/p>\n\n\n\n<p>Cabourg bietet fast 4 Kilometer feinen Sandstrand, an dem Sie die frische Luft am Meer genie\u00dfen, aber auch die verschiedenen sportlichen Aktivit\u00e4ten mit Freunden oder der Familie ausprobieren k\u00f6nnen.<\/p>\n\n\n\n<div class=\"wp-container-69e19f91f079b wp-block-buttons\">\n<div class=\"wp-block-button\"><a class=\"wp-block-button__link\" href=\"https:\/\/camping-houlgate.com\/de\/umgebung\/die-stande-von-cabourg\/\"><i class=\"fal fa-arrow-right\"><\/i>  Lesen Sie mehr<\/a><\/div>\n<\/div>\n<\/div>\n<\/div>\n\n\n\n<div class=\"wp-block-columns cards\">\n<div class=\"wp-block-column\">\n<figure class=\"wp-block-image size-full\"><img width=\"400\" height=\"250\" src=\"https:\/\/camping-houlgate.com\/wp-content\/uploads\/2023\/06\/trouville_camping_de_la_plage_houlgate-400x250-1.jpeg\" alt=\"\" class=\"wp-image-773\" srcset=\"https:\/\/camping-houlgate.com\/wp-content\/uploads\/2023\/06\/trouville_camping_de_la_plage_houlgate-400x250-1.jpeg 400w, https:\/\/camping-houlgate.com\/wp-content\/uploads\/2023\/06\/trouville_camping_de_la_plage_houlgate-400x250-1-300x188.jpeg 300w\" sizes=\"(max-width: 400px) 100vw, 400px\" \/><\/figure>\n\n\n\n<p class=\"h3 has-vert-fonce-color has-text-color\">Auf Entdeckungstour an der C\u00f4te Fleurie gehen<\/p>\n\n\n\n<p>Von Cabourg bis Honfleur bietet die C\u00f4te Fleurie auf etwa 40 Kilometern eine Abfolge von Sandstr\u00e4nden, Klippen und charmanten Badeorten, wie Deauville, Trouville-sur-Mer, Cabourg, Houlgate&#8230;<\/p>\n\n\n\n<div class=\"wp-container-69e19f91f0b05 wp-block-buttons\">\n<div class=\"wp-block-button\"><a class=\"wp-block-button__link\" href=\"https:\/\/camping-houlgate.com\/de\/umgebung\/auf-entdeckungstour-an-der-cote-fleurie-gehen\/\"><i class=\"fal fa-arrow-right\"><\/i>  Lesen Sie mehr<\/a><\/div>\n<\/div>\n<\/div>\n\n\n\n<div class=\"wp-block-column\">\n<figure class=\"wp-block-image size-large\"><img width=\"1024\" height=\"768\" src=\"https:\/\/camping-houlgate.com\/wp-content\/uploads\/2023\/12\/Balade-a-velo-Emmanuel-Berthier-Calvados-Attractivte-1024x768.jpg\" alt=\"balade-\u00e0-v\u00e9lo-calvados-normandie\" class=\"wp-image-1834\" srcset=\"https:\/\/camping-houlgate.com\/wp-content\/uploads\/2023\/12\/Balade-a-velo-Emmanuel-Berthier-Calvados-Attractivte-1024x768.jpg 1024w, https:\/\/camping-houlgate.com\/wp-content\/uploads\/2023\/12\/Balade-a-velo-Emmanuel-Berthier-Calvados-Attractivte-300x225.jpg 300w, https:\/\/camping-houlgate.com\/wp-content\/uploads\/2023\/12\/Balade-a-velo-Emmanuel-Berthier-Calvados-Attractivte-768x576.jpg 768w, https:\/\/camping-houlgate.com\/wp-content\/uploads\/2023\/12\/Balade-a-velo-Emmanuel-Berthier-Calvados-Attractivte-1536x1152.jpg 1536w, https:\/\/camping-houlgate.com\/wp-content\/uploads\/2023\/12\/Balade-a-velo-Emmanuel-Berthier-Calvados-Attractivte.jpg 2048w\" sizes=\"(max-width: 1024px) 100vw, 1024px\" \/><\/figure>\n\n\n\n<p class=\"h3 has-vert-fonce-color has-text-color\">Outdoor-Aktivit\u00e4ten im Calvados<\/p>\n\n\n\n<p>Bei einem Urlaub auf dem Campingplatz ist es immer Zeit, sich mit der ganzen Familie zu am\u00fcsieren: Hier sind unsere besten Ideen, um frische Luft zu schnappen und dabei Spa\u00df zu haben!<\/p>\n\n\n\n<div class=\"wp-container-69e19f91f0e48 wp-block-buttons\">\n<div class=\"wp-block-button\"><a class=\"wp-block-button__link\" href=\"https:\/\/camping-houlgate.com\/de\/umgebung\/die-freiluftaktivitaeten-in-der-calvados\/\"><i class=\"fal fa-arrow-right\"><\/i>  Lesen Sie mehr<\/a><\/div>\n<\/div>\n<\/div>\n\n\n\n<div class=\"wp-block-column\">\n<figure class=\"wp-block-image size-large\"><img width=\"1024\" height=\"768\" src=\"https:\/\/camping-houlgate.com\/wp-content\/uploads\/2023\/12\/Produit-locaux-Camille-Plichard-OTINCPA-1024x768.jpg\" alt=\"produit-locaux-normandie-camping-de-la-plage-houlgate\" class=\"wp-image-1852\" srcset=\"https:\/\/camping-houlgate.com\/wp-content\/uploads\/2023\/12\/Produit-locaux-Camille-Plichard-OTINCPA-1024x768.jpg 1024w, https:\/\/camping-houlgate.com\/wp-content\/uploads\/2023\/12\/Produit-locaux-Camille-Plichard-OTINCPA-300x225.jpg 300w, https:\/\/camping-houlgate.com\/wp-content\/uploads\/2023\/12\/Produit-locaux-Camille-Plichard-OTINCPA-768x576.jpg 768w, https:\/\/camping-houlgate.com\/wp-content\/uploads\/2023\/12\/Produit-locaux-Camille-Plichard-OTINCPA-1536x1152.jpg 1536w, https:\/\/camping-houlgate.com\/wp-content\/uploads\/2023\/12\/Produit-locaux-Camille-Plichard-OTINCPA.jpg 2048w\" sizes=\"(max-width: 1024px) 100vw, 1024px\" \/><\/figure>\n\n\n\n<p class=\"h3 has-vert-fonce-color has-text-color\">Entdecken Sie die Spezialit\u00e4ten der Normandie<\/p>\n\n\n\n<p>Nutzen Sie Ihren Aufenthalt in unserer sch\u00f6nen Region, um die gastronomischen Spezialit\u00e4ten zu entdecken, die Sie ohne M\u00e4\u00dfigung genie\u00dfen k\u00f6nnen. Neben diesen sch\u00f6nen Landschaften k\u00f6nnen Sie in der Normandie auch tolle gastronomische Entdeckungen machen.<\/p>\n\n\n\n<div class=\"wp-container-69e19f91f119d wp-block-buttons\">\n<div class=\"wp-block-button\"><a class=\"wp-block-button__link\" href=\"https:\/\/camping-houlgate.com\/de\/umgebung\/entdecken-sie-die-spezialitaeten-der-normandie\/\"><i class=\"fal fa-arrow-right\"><\/i>  Lesen Sie mehr<\/a><\/div>\n<\/div>\n<\/div>\n<\/div>\n\n\n\n<div class=\"wp-block-columns cards\">\n<div class=\"wp-block-column\">\n<figure class=\"wp-block-image size-large\"><img width=\"1024\" height=\"768\" src=\"https:\/\/camping-houlgate.com\/wp-content\/uploads\/2023\/12\/Catamaran-Camille-Plichard-OTINCPA-1024x768.jpg\" alt=\"catamaran-mer-calvados-camping-de-la-plage\" class=\"wp-image-1837\" srcset=\"https:\/\/camping-houlgate.com\/wp-content\/uploads\/2023\/12\/Catamaran-Camille-Plichard-OTINCPA-1024x768.jpg 1024w, https:\/\/camping-houlgate.com\/wp-content\/uploads\/2023\/12\/Catamaran-Camille-Plichard-OTINCPA-300x225.jpg 300w, https:\/\/camping-houlgate.com\/wp-content\/uploads\/2023\/12\/Catamaran-Camille-Plichard-OTINCPA-768x576.jpg 768w, https:\/\/camping-houlgate.com\/wp-content\/uploads\/2023\/12\/Catamaran-Camille-Plichard-OTINCPA-1536x1152.jpg 1536w, https:\/\/camping-houlgate.com\/wp-content\/uploads\/2023\/12\/Catamaran-Camille-Plichard-OTINCPA.jpg 2048w\" sizes=\"(max-width: 1024px) 100vw, 1024px\" \/><\/figure>\n\n\n\n<p class=\"h3 has-vert-fonce-color has-text-color\">Wassersport<\/p>\n\n\n\n<p>Kilometerlange, feine Sandstr\u00e4nde, die den Winden gut ausgesetzt sind: Houlgate ist der ideale Ort, um den Wind in die Segel zu setzen und sich ein paar sch\u00f6ne Erlebnisse auf dem Wasser zu g\u00f6nnen: Kitsurfen, Wasserski, gezogene Bojen, Windsurfbretter, Katamarane und Kajaks.<\/p>\n\n\n\n<div class=\"wp-container-69e19f91f1561 wp-block-buttons\">\n<div class=\"wp-block-button\"><a class=\"wp-block-button__link\" href=\"https:\/\/camping-houlgate.com\/de\/umgebung\/wassersport\/\"><i class=\"fal fa-arrow-right\"><\/i>  Lesen Sie mehr<\/a><\/div>\n<\/div>\n<\/div>\n\n\n\n<div class=\"wp-block-column\">\n<figure class=\"wp-block-image size-large\"><img width=\"1024\" height=\"768\" src=\"https:\/\/camping-houlgate.com\/wp-content\/uploads\/2023\/12\/Golf-Camille-Plichard-OTINCPA-1024x768.jpg\" alt=\"golf-houlgate-camping-de-la-plage\" class=\"wp-image-1849\" srcset=\"https:\/\/camping-houlgate.com\/wp-content\/uploads\/2023\/12\/Golf-Camille-Plichard-OTINCPA-1024x768.jpg 1024w, https:\/\/camping-houlgate.com\/wp-content\/uploads\/2023\/12\/Golf-Camille-Plichard-OTINCPA-300x225.jpg 300w, https:\/\/camping-houlgate.com\/wp-content\/uploads\/2023\/12\/Golf-Camille-Plichard-OTINCPA-768x576.jpg 768w, https:\/\/camping-houlgate.com\/wp-content\/uploads\/2023\/12\/Golf-Camille-Plichard-OTINCPA-1536x1152.jpg 1536w, https:\/\/camping-houlgate.com\/wp-content\/uploads\/2023\/12\/Golf-Camille-Plichard-OTINCPA.jpg 2048w\" sizes=\"(max-width: 1024px) 100vw, 1024px\" \/><\/figure>\n\n\n\n<p class=\"h3 has-vert-fonce-color has-text-color\">Golf oder Tennis: W\u00e4hlen Sie Ihren Ball!<\/p>\n\n\n\n<p>\u00c0 deux pas du camping de la Plage vous trouverez \u00e0 Houlgate des cours de tennis, un mini golf et un 18 trous \u2026 Golf ou tennis ? ein Programm f\u00fcr einen Urlaub an der frischen Luft!<\/p>\n\n\n\n<div class=\"wp-container-69e19f91f18a3 wp-block-buttons\">\n<div class=\"wp-block-button\"><a class=\"wp-block-button__link\" href=\"https:\/\/camping-houlgate.com\/de\/umgebung\/golf-oder-tennis-waehlen-ihren-ball\/\"><i class=\"fal fa-arrow-right\"><\/i>  Lesen Sie mehr<\/a><\/div>\n<\/div>\n<\/div>\n\n\n\n<div class=\"wp-block-column\">\n<figure class=\"wp-block-image size-large\"><img width=\"1024\" height=\"768\" src=\"https:\/\/camping-houlgate.com\/wp-content\/uploads\/2023\/12\/Falaises-des-vaches-Noires-Camille-Plichard-OTINCPA-1024x768.jpg\" alt=\"falaises-des-vaches-noires-camping-de-la-plage-houlgate\" class=\"wp-image-1843\" srcset=\"https:\/\/camping-houlgate.com\/wp-content\/uploads\/2023\/12\/Falaises-des-vaches-Noires-Camille-Plichard-OTINCPA-1024x768.jpg 1024w, https:\/\/camping-houlgate.com\/wp-content\/uploads\/2023\/12\/Falaises-des-vaches-Noires-Camille-Plichard-OTINCPA-300x225.jpg 300w, https:\/\/camping-houlgate.com\/wp-content\/uploads\/2023\/12\/Falaises-des-vaches-Noires-Camille-Plichard-OTINCPA-768x576.jpg 768w, https:\/\/camping-houlgate.com\/wp-content\/uploads\/2023\/12\/Falaises-des-vaches-Noires-Camille-Plichard-OTINCPA-1536x1152.jpg 1536w, https:\/\/camping-houlgate.com\/wp-content\/uploads\/2023\/12\/Falaises-des-vaches-Noires-Camille-Plichard-OTINCPA.jpg 2048w\" sizes=\"(max-width: 1024px) 100vw, 1024px\" \/><\/figure>\n\n\n\n<p class=\"h3 has-vert-fonce-color has-text-color has-medium-font-size\">Falaises des Vaches noires : un site naturel prot\u00e9g\u00e9<\/p>\n\n\n\n<p>Der Campingplatz de la Plage hat das Gl\u00fcck, an dem Naturschauplatz Falaises des Vaches Noires zu liegen, einem echten Fossilienschauplatz, der seit Jahren zahlreiche Wissenschaftler, Sammler und Liebhaber anzieht.<\/p>\n\n\n\n<div class=\"wp-container-69e19f91f1bde wp-block-buttons\">\n<div class=\"wp-block-button\"><a class=\"wp-block-button__link\" href=\"falaises-des-vaches-noires-un-site-naturel-protege\"><i class=\"fal fa-arrow-right\"><\/i>  Lesen Sie mehr<\/a><\/div>\n<\/div>\n<\/div>\n<\/div>\n<\/div><\/div>\n\n\n\n<p class=\"has-text-align-center h2 has-orange-color has-text-color\" id=\"une-region-pleine-de-ressources-1\">Agenda des Gebiets Normandie-Cabourg-Pays d&#8217;Auge<\/p>\n\n\n\n<iframe loading=\"lazy\" src=\"https:\/\/www.normandie-cabourg-paysdauge-tourisme.fr\/marque_blanche\/agenda-marque-blanche\/\" scrolling=\"yes\" frameborder=\"0\" height=\"800px\" width=\"100%\"><\/iframe>\n","protected":false},"excerpt":{"rendered":"<p>Entdecken Sie die Normandie&#8230; Sportliche Aktivit\u00e4ten Entspannende Momente Entdeckung des Kulturerbes Ob Sie nun ein Fan von &#8222;Faulenzer&#8222;-Urlauben sind, die Natur lieben, sich f\u00fcr Geschichte begeistern oder nach Aktivit\u00e4ten suchen, die Sie mit kleinen Kindern teilen k\u00f6nnen, der Camping de la Plage d&#8217;Houlgate ist ideal gelegen. Wir bieten Ihnen hier Vorschl\u00e4ge f\u00fcr Reiseziele. Vor Ort [&hellip;]<\/p>\n","protected":false},"author":1,"featured_media":0,"parent":0,"menu_order":0,"comment_status":"closed","ping_status":"closed","template":"","meta":[],"acf":[],"_links":{"self":[{"href":"https:\/\/camping-houlgate.com\/de\/wp-json\/wp\/v2\/pages\/1389"}],"collection":[{"href":"https:\/\/camping-houlgate.com\/de\/wp-json\/wp\/v2\/pages"}],"about":[{"href":"https:\/\/camping-houlgate.com\/de\/wp-json\/wp\/v2\/types\/page"}],"author":[{"embeddable":true,"href":"https:\/\/camping-houlgate.com\/de\/wp-json\/wp\/v2\/users\/1"}],"replies":[{"embeddable":true,"href":"https:\/\/camping-houlgate.com\/de\/wp-json\/wp\/v2\/comments?post=1389"}],"version-history":[{"count":6,"href":"https:\/\/camping-houlgate.com\/de\/wp-json\/wp\/v2\/pages\/1389\/revisions"}],"predecessor-version":[{"id":2665,"href":"https:\/\/camping-houlgate.com\/de\/wp-json\/wp\/v2\/pages\/1389\/revisions\/2665"}],"wp:attachment":[{"href":"https:\/\/camping-houlgate.com\/de\/wp-json\/wp\/v2\/media?parent=1389"}],"curies":[{"name":"wp","href":"https:\/\/api.w.org\/{rel}","templated":true}]}}