{"id":1393,"date":"2023-08-09T12:12:24","date_gmt":"2023-08-09T10:12:24","guid":{"rendered":"https:\/\/camping-houlgate.com\/umgebung\/entdecken-sie-die-spezialitaeten-der-normandie\/"},"modified":"2023-12-13T17:27:23","modified_gmt":"2023-12-13T16:27:23","slug":"entdecken-sie-die-spezialitaeten-der-normandie","status":"publish","type":"page","link":"https:\/\/camping-houlgate.com\/de\/umgebung\/entdecken-sie-die-spezialitaeten-der-normandie\/","title":{"rendered":"Entdecken Sie die Spezialit\u00e4ten der Normandie"},"content":{"rendered":"\n<h1 class=\"has-text-align-center has-vert-fonce-color has-text-color\" id=\"les-delices-de-la-normandie-une-aventure-culinaire-inoubliable\">Die K\u00f6stlichkeiten der Normandie: ein unvergessliches kulinarisches Abenteuer<\/h1>\n\n<p class=\"has-text-align-center\">Die Normandie ist f\u00fcr ihre Naturlandschaften, ihre Geschichte und nat\u00fcrlich f\u00fcr ihre k\u00f6stliche K\u00fcche bekannt. Die gastronomischen Spezialit\u00e4ten der Normandie spiegeln die perfekte Kombination aus hochwertigen lokalen Produkten und kulinarischen Traditionen wider, die von Generation zu Generation weitergegeben wurden. Hier finden Sie eine Geschmacksreise durch die kulinarischen K\u00f6stlichkeiten, f\u00fcr die die Normandie ber\u00fchmt ist.<\/p>\n\n<div class=\"wp-block-media-text alignwide is-stacked-on-mobile is-vertically-aligned-center\"><figure class=\"wp-block-media-text__media\"><img width=\"470\" height=\"427\" src=\"https:\/\/camping-houlgate.com\/wp-content\/uploads\/2023\/06\/camembert_camping_de_la_plage_houlgate.jpeg\" alt=\"\" class=\"wp-image-781 size-full\" srcset=\"https:\/\/camping-houlgate.com\/wp-content\/uploads\/2023\/06\/camembert_camping_de_la_plage_houlgate.jpeg 470w, https:\/\/camping-houlgate.com\/wp-content\/uploads\/2023\/06\/camembert_camping_de_la_plage_houlgate-300x273.jpeg 300w\" sizes=\"(max-width: 470px) 100vw, 470px\" \/><\/figure><div class=\"wp-block-media-text__content\">\n<h2 class=\"has-vert-fonce-color has-text-color\" id=\"1-le-camembert-un-tresor\">1. Der Camembert: ein Schatz<\/h2>\n\n\n\n<p>Die Normandie ist die Heimat des ber\u00fchmten K\u00e4ses Camembert, eines weltber\u00fchmten K\u00e4seschatzes. Dieser Weichk\u00e4se mit Blumenrinde bietet eine cremige Textur und einen zarten Geschmack. Die normannischen K\u00fche, die auf saftigen Weiden gehalten werden, geben eine gehaltvolle Milch, die dem Camembert sein einzigartiges Aroma verleiht. Man muss ihn einfach so genie\u00dfen, auf einem knusprigen Baguette oder geschmolzen in warmen Gerichten &#8211; der Camembert verk\u00f6rpert die Essenz der normannischen Gastronomie.<\/p>\n<\/div><\/div>\n\n<div class=\"wp-container-69d10cbb2cb7e wp-block-group alignfull has-bleu-fond-background-color has-background\"><div class=\"wp-block-group__inner-container\">\n<div class=\"wp-block-media-text alignwide has-media-on-the-right is-stacked-on-mobile is-vertically-aligned-center\"><figure class=\"wp-block-media-text__media\"><img width=\"1024\" height=\"768\" src=\"https:\/\/camping-houlgate.com\/wp-content\/uploads\/2023\/12\/Huitres-Camille-Plichard-OTINCPA-1024x768.jpg\" alt=\"huitres-gastronomie-normande-camping-de-la-plage-houlgate\" class=\"wp-image-1858 size-full\" srcset=\"https:\/\/camping-houlgate.com\/wp-content\/uploads\/2023\/12\/Huitres-Camille-Plichard-OTINCPA-1024x768.jpg 1024w, https:\/\/camping-houlgate.com\/wp-content\/uploads\/2023\/12\/Huitres-Camille-Plichard-OTINCPA-300x225.jpg 300w, https:\/\/camping-houlgate.com\/wp-content\/uploads\/2023\/12\/Huitres-Camille-Plichard-OTINCPA-768x576.jpg 768w, https:\/\/camping-houlgate.com\/wp-content\/uploads\/2023\/12\/Huitres-Camille-Plichard-OTINCPA-1536x1152.jpg 1536w, https:\/\/camping-houlgate.com\/wp-content\/uploads\/2023\/12\/Huitres-Camille-Plichard-OTINCPA.jpg 2048w\" sizes=\"(max-width: 1024px) 100vw, 1024px\" \/><\/figure><div class=\"wp-block-media-text__content\">\n<h2 class=\"has-vert-fonce-color has-text-color\" id=\"2-les-huitres-fraicheur-marine\">2. Die Austern: Meeresfrische<\/h2>\n\n\n\n<p>Die K\u00fcsten der Normandie sind f\u00fcr ihre Austern ber\u00fchmt und bieten ein unvergleichliches Geschmackserlebnis. Die Austern aus der Normandie zeichnen sich durch ihr festes Fleisch, ihren salzigen Geschmack und ihren feinen Nachgeschmack aus. In den Austernparks entlang der Flussm\u00fcndungen k\u00f6nnen die Muscheln unter idealen Bedingungen gedeihen. Sie sollten mit einem Spritzer Zitrone oder einer Sauce genossen werden. Normannische Austern sind eine wahre Delikatesse f\u00fcr Liebhaber von Meeresfr\u00fcchten.<\/p>\n<\/div><\/div>\n<\/div><\/div>\n\n<div class=\"wp-block-media-text alignwide is-stacked-on-mobile is-vertically-aligned-center\"><figure class=\"wp-block-media-text__media\"><img width=\"1024\" height=\"768\" src=\"https:\/\/camping-houlgate.com\/wp-content\/uploads\/2023\/12\/Produit-locaux-Camille-Plichard-OTINCPA-1024x768.jpg\" alt=\"produit-locaux-normandie-camping-de-la-plage-houlgate\" class=\"wp-image-1852 size-full\" srcset=\"https:\/\/camping-houlgate.com\/wp-content\/uploads\/2023\/12\/Produit-locaux-Camille-Plichard-OTINCPA-1024x768.jpg 1024w, https:\/\/camping-houlgate.com\/wp-content\/uploads\/2023\/12\/Produit-locaux-Camille-Plichard-OTINCPA-300x225.jpg 300w, https:\/\/camping-houlgate.com\/wp-content\/uploads\/2023\/12\/Produit-locaux-Camille-Plichard-OTINCPA-768x576.jpg 768w, https:\/\/camping-houlgate.com\/wp-content\/uploads\/2023\/12\/Produit-locaux-Camille-Plichard-OTINCPA-1536x1152.jpg 1536w, https:\/\/camping-houlgate.com\/wp-content\/uploads\/2023\/12\/Produit-locaux-Camille-Plichard-OTINCPA.jpg 2048w\" sizes=\"(max-width: 1024px) 100vw, 1024px\" \/><\/figure><div class=\"wp-block-media-text__content\">\n<h2 class=\"has-vert-fonce-color has-text-color\" id=\"3-le-calvados-l-esprit-de-la-normandie-en-bouteille\">3. Calvados: Der Geist der Normandie in der Flasche<\/h2>\n\n\n\n<p>Der Calvados, ein Apfelschnaps, ist ein typisches Getr\u00e4nk der Region. Hergestellt aus speziellen Most\u00e4pfeln, verleiht der Destillationsprozess dem Calvados seine reichen und komplexen Aromen. Dieses in Eichenf\u00e4ssern gereifte Getr\u00e4nk bietet Noten von Apfel, Vanille und Trockenfr\u00fcchten. Als Aperitif oder Digestif serviert, f\u00e4ngt der Calvados die Essenz der normannischen Tradition ein.<\/p>\n<\/div><\/div>\n\n<div class=\"wp-container-69d10cbb2cf36 wp-block-group alignfull has-vert-fonce-background-color has-background\"><div class=\"wp-block-group__inner-container\">\n<div class=\"wp-block-media-text alignwide has-media-on-the-right is-stacked-on-mobile is-vertically-aligned-center\" style=\"grid-template-columns:auto 38%\"><figure class=\"wp-block-media-text__media\"><img width=\"1024\" height=\"768\" src=\"https:\/\/camping-houlgate.com\/wp-content\/uploads\/2023\/12\/Teurgoule-Camille-Plichard-OTINCPA-1024x768.jpg\" alt=\"teurgoule-camping-de-la-plage-houlgate\" class=\"wp-image-1813 size-full\" srcset=\"https:\/\/camping-houlgate.com\/wp-content\/uploads\/2023\/12\/Teurgoule-Camille-Plichard-OTINCPA-1024x768.jpg 1024w, https:\/\/camping-houlgate.com\/wp-content\/uploads\/2023\/12\/Teurgoule-Camille-Plichard-OTINCPA-300x225.jpg 300w, https:\/\/camping-houlgate.com\/wp-content\/uploads\/2023\/12\/Teurgoule-Camille-Plichard-OTINCPA-768x576.jpg 768w, https:\/\/camping-houlgate.com\/wp-content\/uploads\/2023\/12\/Teurgoule-Camille-Plichard-OTINCPA-1536x1152.jpg 1536w, https:\/\/camping-houlgate.com\/wp-content\/uploads\/2023\/12\/Teurgoule-Camille-Plichard-OTINCPA.jpg 2048w\" sizes=\"(max-width: 1024px) 100vw, 1024px\" \/><\/figure><div class=\"wp-block-media-text__content\">\n<h2 class=\"has-vert-fonce-color has-text-color\" id=\"4-la-teurgoule-un-dessert-reconfortant\">4. La Teurgoule: Ein st\u00e4rkender Nachtisch <\/h2>\n\n\n\n<p>Teurgoule ist ein traditionelles Dessert aus der Normandie, das au\u00dferhalb der Region oft unbekannt ist. Es handelt sich um einen Milchreis, der mit Zimt, Zucker und normannischer Milch im Ofen gebacken wird. Dieses Dessert wird langsam in einer Tonschale gebacken und bietet eine cremige Textur und einen herzerw\u00e4rmenden Geschmack. Teurgoule verk\u00f6rpert die W\u00e4rme der normannischen K\u00fcche und wird oft bei Familienessen geteilt. Wir empfehlen Ihnen, die Teurgoule zu probieren, die es in der Markthalle von Houlgate gibt!<\/p>\n<\/div><\/div>\n<\/div><\/div>\n\n<div class=\"wp-block-media-text alignwide is-stacked-on-mobile is-vertically-aligned-center\"><figure class=\"wp-block-media-text__media\"><img width=\"683\" height=\"1024\" src=\"https:\/\/camping-houlgate.com\/wp-content\/uploads\/2023\/06\/marek-studzinski-XaIUXOd0AFY-unsplash-683x1024.jpg\" alt=\"\" class=\"wp-image-1070 size-full\" srcset=\"https:\/\/camping-houlgate.com\/wp-content\/uploads\/2023\/06\/marek-studzinski-XaIUXOd0AFY-unsplash-683x1024.jpg 683w, https:\/\/camping-houlgate.com\/wp-content\/uploads\/2023\/06\/marek-studzinski-XaIUXOd0AFY-unsplash-200x300.jpg 200w, https:\/\/camping-houlgate.com\/wp-content\/uploads\/2023\/06\/marek-studzinski-XaIUXOd0AFY-unsplash-768x1152.jpg 768w, https:\/\/camping-houlgate.com\/wp-content\/uploads\/2023\/06\/marek-studzinski-XaIUXOd0AFY-unsplash-1024x1536.jpg 1024w, https:\/\/camping-houlgate.com\/wp-content\/uploads\/2023\/06\/marek-studzinski-XaIUXOd0AFY-unsplash-1365x2048.jpg 1365w, https:\/\/camping-houlgate.com\/wp-content\/uploads\/2023\/06\/marek-studzinski-XaIUXOd0AFY-unsplash-scaled.jpg 1707w\" sizes=\"(max-width: 683px) 100vw, 683px\" \/><\/figure><div class=\"wp-block-media-text__content\">\n<h2 class=\"has-vert-fonce-color has-text-color\" id=\"5-les-pommes-la-star-des-vergers-normands\">5. \u00c4pfel: Der Star der normannischen Obstg\u00e4rten<\/h2>\n\n\n\n<p>Die Normandie ist bekannt f\u00fcr ihre \u00fcppigen Obstplantagen, die eine Vielzahl schmackhafter \u00c4pfel hervorbringen. Aus den \u00c4pfeln der Normandie wird eine Reihe k\u00f6stlicher Produkte wie Cidre, Apfelsaft oder Apfelkuchen hergestellt. Begleiten Sie alle Ihre normannischen Gerichte mit einem Cidre aus der Normandie. Er wird wegen seiner Frische und seiner Geschmacksvielfalt von trocken bis s\u00fc\u00df gesch\u00e4tzt. Die Normandie ist eine der beiden wichtigsten Regionen Frankreichs, in der Cidre-Apfelb\u00e4ume angebaut werden und die daher dieses Getr\u00e4nk herstellen kann.<\/p>\n\n\n\n<p>Zusammenfassend l\u00e4sst sich sagen, dass die Normandie ein reiches und vielf\u00e4ltiges gastronomisches Erlebnis bietet, bei dem die Qualit\u00e4t der lokalen Produkte im Vordergrund steht. Von cremigen K\u00e4sesorten \u00fcber schmackhafte Meeresfr\u00fcchte bis hin zu s\u00fc\u00dfen K\u00f6stlichkeiten &#8211; die Gastronomie der Normandie ist ein Fest f\u00fcr die Sinne. Z\u00f6gern Sie nicht, das Team unseres Campingplatzes zu kontaktieren, wenn Sie weitere Informationen \u00fcber die Normandie oder ihre gastronomischen Spezialit\u00e4ten erhalten m\u00f6chten.<\/p>\n<\/div><\/div>\n","protected":false},"excerpt":{"rendered":"<p>Die K\u00f6stlichkeiten der Normandie: ein unvergessliches kulinarisches Abenteuer Die Normandie ist f\u00fcr ihre Naturlandschaften, ihre Geschichte und nat\u00fcrlich f\u00fcr ihre k\u00f6stliche K\u00fcche bekannt. Die gastronomischen Spezialit\u00e4ten der Normandie spiegeln die perfekte Kombination aus hochwertigen lokalen Produkten und kulinarischen Traditionen wider, die von Generation zu Generation weitergegeben wurden. Hier finden Sie eine Geschmacksreise durch die kulinarischen [&hellip;]<\/p>\n","protected":false},"author":1,"featured_media":0,"parent":1389,"menu_order":0,"comment_status":"closed","ping_status":"closed","template":"","meta":[],"acf":[],"_links":{"self":[{"href":"https:\/\/camping-houlgate.com\/de\/wp-json\/wp\/v2\/pages\/1393"}],"collection":[{"href":"https:\/\/camping-houlgate.com\/de\/wp-json\/wp\/v2\/pages"}],"about":[{"href":"https:\/\/camping-houlgate.com\/de\/wp-json\/wp\/v2\/types\/page"}],"author":[{"embeddable":true,"href":"https:\/\/camping-houlgate.com\/de\/wp-json\/wp\/v2\/users\/1"}],"replies":[{"embeddable":true,"href":"https:\/\/camping-houlgate.com\/de\/wp-json\/wp\/v2\/comments?post=1393"}],"version-history":[{"count":3,"href":"https:\/\/camping-houlgate.com\/de\/wp-json\/wp\/v2\/pages\/1393\/revisions"}],"predecessor-version":[{"id":1899,"href":"https:\/\/camping-houlgate.com\/de\/wp-json\/wp\/v2\/pages\/1393\/revisions\/1899"}],"up":[{"embeddable":true,"href":"https:\/\/camping-houlgate.com\/de\/wp-json\/wp\/v2\/pages\/1389"}],"wp:attachment":[{"href":"https:\/\/camping-houlgate.com\/de\/wp-json\/wp\/v2\/media?parent=1393"}],"curies":[{"name":"wp","href":"https:\/\/api.w.org\/{rel}","templated":true}]}}