{"id":1399,"date":"2023-08-09T12:13:37","date_gmt":"2023-08-09T10:13:37","guid":{"rendered":"https:\/\/camping-houlgate.com\/umgebung\/melville-batterie-entdecken\/"},"modified":"2023-12-07T16:55:18","modified_gmt":"2023-12-07T15:55:18","slug":"melville-batterie-entdecken","status":"publish","type":"page","link":"https:\/\/camping-houlgate.com\/de\/umgebung\/melville-batterie-entdecken\/","title":{"rendered":"Mervilles Batterie entdecken"},"content":{"rendered":"\n<h1 class=\"has-text-align-center has-vert-fonce-color has-text-color\" id=\"decouvrir-la-batterie-de-merville\">Mervilles Batterie entdecken<\/h1>\n\n<div class=\"wp-block-media-text alignwide is-stacked-on-mobile is-vertically-aligned-center\"><figure class=\"wp-block-media-text__media\"><img width=\"1024\" height=\"682\" src=\"https:\/\/camping-houlgate.com\/wp-content\/uploads\/2023\/06\/Atlantic_Wall_Audinghen_802-1024x682.jpg\" alt=\"\" class=\"wp-image-1074 size-full\" srcset=\"https:\/\/camping-houlgate.com\/wp-content\/uploads\/2023\/06\/Atlantic_Wall_Audinghen_802-1024x682.jpg 1024w, https:\/\/camping-houlgate.com\/wp-content\/uploads\/2023\/06\/Atlantic_Wall_Audinghen_802-300x200.jpg 300w, https:\/\/camping-houlgate.com\/wp-content\/uploads\/2023\/06\/Atlantic_Wall_Audinghen_802-768x512.jpg 768w, https:\/\/camping-houlgate.com\/wp-content\/uploads\/2023\/06\/Atlantic_Wall_Audinghen_802.jpg 1280w\" sizes=\"(max-width: 1024px) 100vw, 1024px\" \/><\/figure><div class=\"wp-block-media-text__content\">\n<h2 class=\"has-vert-fonce-color has-text-color\" id=\"le-projet-du-mur-de-l-atlantique\">Das Atlantikwall-Projekt<\/h2>\n\n\n\n<p>Als die Deutschen ihre Positionen in den in der Schlacht um Frankreich eroberten Gebieten festigten und die Zeit f\u00fcr die Verwaltung dieser Gebiete gekommen war, wurde die Frage der Verteidigung ihrer erworbenen Positionen von entscheidender Bedeutung.<\/p>\n\n\n\n<p>Die \u00dcberlegungen und die Umsetzung des Projekts &#8222;Atlantikwall&#8220; werden in die Wege geleitet. Reich vor m\u00f6glichen Angriffen und Invasionen an ihrer Westflanke, von Biarritz bis D\u00fcnkirchen, zu sch\u00fctzen. Da die Normandie nat\u00fcrlich die K\u00fcste war, die den Engl\u00e4ndern am n\u00e4chsten lag, hatte sie bei den \u00dcberlegungen zu dieser K\u00fcstenverteidigung Priorit\u00e4t.<\/p>\n\n\n\n<p>Das Deutsche Reich \u00fcbertrug dem Bauingenieur Fritz Totd und seiner Organisation Totd die Verantwortung f\u00fcr den Entwurf einer Struktur, die Angriffen standhalten und zuk\u00fcnftige Feinde abwehren sollte.<\/p>\n\n\n\n<div class=\"wp-block-group lire-plus-pc\"><div class=\"wp-block-group__inner-container\">\n<p>Lesen Sie mehr<\/p>\n\n\n\n<div class=\"wp-container-6a074c1d65a96 wp-block-group\"><div class=\"wp-block-group__inner-container\">\n<p>Die erholungsbed\u00fcrftigsten Eltern k\u00f6nnen sich mit ge\u00f6ffneten Zehen hinlegen und die Sonne genie\u00dfen.<\/p>\n\n\n\n<p>  Die hastig angelegten Gr\u00e4ben hatten bei der Ankunft Rommels, der nun f\u00fcr die ordnungsgem\u00e4\u00dfe Verteidigung des Atlantikwalls verantwortlich war, keine Zeit mehr, das Ziel der Umz\u00e4unung zu erreichen.<\/p>\n\n\n\n<p>Bei seinem Besuch fand er statt der 150-mm-Kanonen nur vier 100-mm-Skoda-Kanonen aus dem Ersten Weltkrieg vor, die immerhin acht Granaten pro Minute abfeuern konnten.<\/p>\n\n\n\n<p>Diese wurden blind abgefeuert, da sie sich zwei Kilometer von der K\u00fcste entfernt befanden.<br\/>Die Ziele wurden per Telefon von einem direkt am Strand eingebetteten Beobachtungsposten gemeldet.<\/p>\n\n\n\n<p>Es ist nicht ganz klar, ob Rommel das Sumpfgebiet als ideale Falle betrachtete und beschloss, die Umgebung zu fluten, um den feindlichen Vormarsch zu verlangsamen, oder ob es an den vergangenen starken Regenf\u00e4llen lag, die den Alliierten ein \u00e4u\u00dferst schwer zu \u00fcberwindendes Gel\u00e4nde boten. Wie dem auch sei, auf der anderen Seite des \u00c4rmelkanals war die Operation Overlord angelaufen, und die beeindruckende Gr\u00f6\u00dfe der Anlage von Merville Franceville, die von der alliierten Luftwaffe entdeckt wurde, \u00fcberzeugte die Gener\u00e4le, sie als eines der vorrangigen Ziele f\u00fcr den D-Day zu betrachten.<\/p>\n\n\n\n<p>Die H611-Kasematten waren n\u00e4mlich normalerweise mit Artillerie ausgestattet, die aus 17 km Entfernung angreifen und somit das Ziel des Sword Beach oder Strand von Ouistreham unterminieren konnte.<\/p>\n<\/div><\/div>\n<\/div><\/div>\n<\/div><\/div>\n\n<div class=\"wp-container-6a074c1d65e3b wp-block-group alignfull has-bleu-fond-background-color has-background\"><div class=\"wp-block-group__inner-container\">\n<div class=\"wp-block-media-text alignwide has-media-on-the-right is-stacked-on-mobile is-vertically-aligned-center\"><figure class=\"wp-block-media-text__media\"><img width=\"1024\" height=\"774\" src=\"https:\/\/camping-houlgate.com\/wp-content\/uploads\/2023\/06\/british-library-toxJVcTa26k-unsplash-1024x774.jpg\" alt=\"\" class=\"wp-image-1083 size-full\" srcset=\"https:\/\/camping-houlgate.com\/wp-content\/uploads\/2023\/06\/british-library-toxJVcTa26k-unsplash-1024x774.jpg 1024w, https:\/\/camping-houlgate.com\/wp-content\/uploads\/2023\/06\/british-library-toxJVcTa26k-unsplash-300x227.jpg 300w, https:\/\/camping-houlgate.com\/wp-content\/uploads\/2023\/06\/british-library-toxJVcTa26k-unsplash-768x580.jpg 768w, https:\/\/camping-houlgate.com\/wp-content\/uploads\/2023\/06\/british-library-toxJVcTa26k-unsplash-1536x1161.jpg 1536w, https:\/\/camping-houlgate.com\/wp-content\/uploads\/2023\/06\/british-library-toxJVcTa26k-unsplash-2048x1548.jpg 2048w\" sizes=\"(max-width: 1024px) 100vw, 1024px\" \/><\/figure><div class=\"wp-block-media-text__content\">\n<h2 class=\"has-vert-fonce-color has-text-color\" id=\"merville-franceville-une-situation-des-plus-strategiques\">Merville Franceville, eine h\u00f6chst strategische Lage<\/h2>\n\n\n\n<p>Totd lie\u00df sich von Vaubans Bef\u00fcrchtungen 500 Jahre vor ihm inspirieren und sah in <a href=\"https:\/\/www.batterie-merville.com\/\" rel=\"noopener\">Merville Franceville<\/a> eine ideale Position, um Caen, die Hauptstadt der Normandie, vor Invasionen vom Meer aus zu sch\u00fctzen, die \u00fcber die Orne und ihre M\u00fcndung kommen k\u00f6nnten. Er beauftragte die deutsche Firma Rittmann, die in Houlgate ein B\u00fcro hatte, mit der Planung des Projekts, das vier Jahre sp\u00e4ter eines der Hauptziele der Operation Overlord sein sollte.<\/p>\n\n\n\n<p>Der Einsatz der lokalen Bev\u00f6lkerung erfolgte unter dem Besatzungsregime wohl oder \u00fcbel.<\/p>\n<\/div><\/div>\n<\/div><\/div>\n\n<div class=\"wp-block-media-text alignwide is-stacked-on-mobile is-vertically-aligned-center\"><figure class=\"wp-block-media-text__media\"><img width=\"1024\" height=\"768\" src=\"https:\/\/camping-houlgate.com\/wp-content\/uploads\/2023\/06\/6818465782_a3181ffdbc_b.jpg\" alt=\"\" class=\"wp-image-1077 size-full\" srcset=\"https:\/\/camping-houlgate.com\/wp-content\/uploads\/2023\/06\/6818465782_a3181ffdbc_b.jpg 1024w, https:\/\/camping-houlgate.com\/wp-content\/uploads\/2023\/06\/6818465782_a3181ffdbc_b-300x225.jpg 300w, https:\/\/camping-houlgate.com\/wp-content\/uploads\/2023\/06\/6818465782_a3181ffdbc_b-768x576.jpg 768w\" sizes=\"(max-width: 1024px) 100vw, 1024px\" \/><\/figure><div class=\"wp-block-media-text__content\">\n<h2 class=\"has-vert-fonce-color has-text-color\" id=\"des-moyens-d-envergures-pour-un-objectif-capital\">Gro\u00dfe Mittel f\u00fcr ein gro\u00dfes Ziel<\/h2>\n\n\n\n<p>Zun\u00e4chst wurden vier Kasematten gebaut, von denen die gr\u00f6\u00dfte, der Typ H611, nicht weniger als 1400 Kubikmeter Beton erforderte. Die drei anderen sind kleiner und ben\u00f6tigen jeweils 500 m3.<br\/>Zur Tarnung wurden alle Strukturen unterirdisch verlegt, damit sie von der alliierten Luftwaffe nicht entdeckt werden konnten.<\/p>\n\n\n\n<p>Es folgte die Installation schwerer milit\u00e4rischer Verteidigungsausr\u00fcstung, darunter eine Flugabwehrkanone (FLAK), Luftschutzbunker und Bodenger\u00e4te wie Tobruk-Maschinengewehre und Panzerabwehrgr\u00e4ben, um eine sich bereits abzeichnende Masseninvasion der atlantischen Allianz zu verhindern. Zwei riesige Stacheldrahtpalisaden und ein beachtliches Minenfeld runden das Ganze ab.<\/p>\n<\/div><\/div>\n\n<div class=\"wp-container-6a074c1d66525 wp-block-group alignfull has-vert-fonce-background-color has-background\"><div class=\"wp-block-group__inner-container\">\n<div class=\"wp-block-media-text alignwide has-media-on-the-right is-stacked-on-mobile is-vertically-aligned-center\"><figure class=\"wp-block-media-text__media\"><img width=\"1024\" height=\"774\" src=\"https:\/\/camping-houlgate.com\/wp-content\/uploads\/2023\/06\/british-library-Km6TyVXFFmU-unsplash-1024x774.jpg\" alt=\"\" class=\"wp-image-1080 size-full\" srcset=\"https:\/\/camping-houlgate.com\/wp-content\/uploads\/2023\/06\/british-library-Km6TyVXFFmU-unsplash-1024x774.jpg 1024w, https:\/\/camping-houlgate.com\/wp-content\/uploads\/2023\/06\/british-library-Km6TyVXFFmU-unsplash-300x227.jpg 300w, https:\/\/camping-houlgate.com\/wp-content\/uploads\/2023\/06\/british-library-Km6TyVXFFmU-unsplash-768x580.jpg 768w, https:\/\/camping-houlgate.com\/wp-content\/uploads\/2023\/06\/british-library-Km6TyVXFFmU-unsplash-1536x1160.jpg 1536w, https:\/\/camping-houlgate.com\/wp-content\/uploads\/2023\/06\/british-library-Km6TyVXFFmU-unsplash-2048x1547.jpg 2048w\" sizes=\"(max-width: 1024px) 100vw, 1024px\" \/><\/figure><div class=\"wp-block-media-text__content\">\n<h2 class=\"has-vert-fonce-color has-text-color\" id=\"declenchement-de-l-operation-overlord\">Ausl\u00f6sung der Operation Overlord<\/h2>\n\n\n\n<p>Bereits seit einigen Wochen war die Batterie trotz des Schutzfeuers der FLAK Ziel intensiver Bombardements. Die gro\u00dfe Fl\u00e4che der Batterie zeigte sich also bereits als eine von Luftangriffen zerschmetterte Mondlandschaft.<\/p>\n\n\n\n<p>Oberstleutnant Otway, der f\u00fcr die Operation verantwortlich war, hatte einen komplexen Plan entworfen, der intensive Bombardements, Infiltrationsoperationen und Notl\u00f6sungen durch das Aussetzen eines Leichten Kreuzers vor der K\u00fcste, der HMS Arethusas unter der englischen Flagge, beinhaltete.<\/p>\n\n\n\n<p>Leider verlief am fr\u00fchen Morgen des 6. Juni nichts wie geplant, vor allem weil das bew\u00f6lkte Wetter und die Verwechslung der Fl\u00fcsse Orne und Dive die Abwurfzonen f\u00fcr M\u00e4nner und Material auseinander trieben.<\/p>\n\n\n\n<div class=\"wp-block-group lire-plus-pc\"><div class=\"wp-block-group__inner-container\">\n<p>Lesen Sie mehr<\/p>\n\n\n\n<div class=\"wp-container-6a074c1d6623c wp-block-group\"><div class=\"wp-block-group__inner-container\">\n<p>Zum Zeitpunkt des urspr\u00fcnglichen Treffens waren die Streitkr\u00e4fte \u00fcber ein Gebiet von 16 Kilometern verstreut.<br\/>Kurz darauf konnte Otway nur noch auf 150 statt der geplanten 600 M\u00e4nner zur\u00fcckgreifen, die ihrer Ausr\u00fcstung und schweren Waffen beraubt waren.  <\/p>\n\n\n\n<p>Dennoch musste schnell gehandelt werden, und der Oberstleutnant beschloss, den Angriff zu f\u00fchren, indem er seine Kr\u00e4fte in vier Angriffsgruppen zusammenfasste.<\/p>\n\n\n\n<p>Die deutschen Maschinengewehre, die beim Passieren des Minenfelds entdeckt wurden, dezimierten die Flanke der Angreifer, die in dem Chaos mit Bajonetten und Granaten angriffen. Der zweite Zug feuert aus allen Rohren gegen das Haupttor und sorgt f\u00fcr eine Ablenkung, die die deutsche Verteidigung, die sich von allen Seiten angegriffen f\u00fchlt, spaltet. Zwei Segelflugzeuge landeten und die Fallschirmj\u00e4ger kamen zur Unterst\u00fctzung.<\/p>\n\n\n\n<p>Da sie keine M\u00f6glichkeit haben, die Stacheldrahtw\u00e4nde aufzurei\u00dfen, breiten sich die englischen Soldaten darauf aus, um einen echten Durchgang f\u00fcr die anderen zu bilden. Das Minenfeld wird aufgrund fehlender Markierungen vielen anderen den Garaus machen.<\/p>\n\n\n\n<p>Nach einem erbitterten Kampf der Elitetruppen wurden alle Kanonen im Sturm erobert und die Schlacht endete erst um 5 Uhr morgens. Von den 50 deutschen Soldaten waren nur noch sechs kampff\u00e4hig und etwa drei\u00dfig verwundet. Von den 150 englischen Fallschirmj\u00e4gern wurden 65 get\u00f6tet. Aber das Ziel war erreicht. Und der Weg zur Befreiung von Paris konnte wieder aufgenommen werden.<\/p>\n<\/div><\/div>\n<\/div><\/div>\n<\/div><\/div>\n<\/div><\/div>\n","protected":false},"excerpt":{"rendered":"<p>Mervilles Batterie entdecken Merville Franceville, eine h\u00f6chst strategische Lage Totd lie\u00df sich von Vaubans Bef\u00fcrchtungen 500 Jahre vor ihm inspirieren und sah in Merville Franceville eine ideale Position, um Caen, die Hauptstadt der Normandie, vor Invasionen vom Meer aus zu sch\u00fctzen, die \u00fcber die Orne und ihre M\u00fcndung kommen k\u00f6nnten. Er beauftragte die deutsche Firma [&hellip;]<\/p>\n","protected":false},"author":1,"featured_media":0,"parent":1389,"menu_order":0,"comment_status":"closed","ping_status":"closed","template":"","meta":[],"acf":[],"_links":{"self":[{"href":"https:\/\/camping-houlgate.com\/de\/wp-json\/wp\/v2\/pages\/1399"}],"collection":[{"href":"https:\/\/camping-houlgate.com\/de\/wp-json\/wp\/v2\/pages"}],"about":[{"href":"https:\/\/camping-houlgate.com\/de\/wp-json\/wp\/v2\/types\/page"}],"author":[{"embeddable":true,"href":"https:\/\/camping-houlgate.com\/de\/wp-json\/wp\/v2\/users\/1"}],"replies":[{"embeddable":true,"href":"https:\/\/camping-houlgate.com\/de\/wp-json\/wp\/v2\/comments?post=1399"}],"version-history":[{"count":3,"href":"https:\/\/camping-houlgate.com\/de\/wp-json\/wp\/v2\/pages\/1399\/revisions"}],"predecessor-version":[{"id":1799,"href":"https:\/\/camping-houlgate.com\/de\/wp-json\/wp\/v2\/pages\/1399\/revisions\/1799"}],"up":[{"embeddable":true,"href":"https:\/\/camping-houlgate.com\/de\/wp-json\/wp\/v2\/pages\/1389"}],"wp:attachment":[{"href":"https:\/\/camping-houlgate.com\/de\/wp-json\/wp\/v2\/media?parent=1399"}],"curies":[{"name":"wp","href":"https:\/\/api.w.org\/{rel}","templated":true}]}}