{"id":1403,"date":"2023-08-09T12:14:17","date_gmt":"2023-08-09T10:14:17","guid":{"rendered":"https:\/\/camping-houlgate.com\/umgebung\/golf-oder-tennis-waehlen-ihren-ball\/"},"modified":"2023-08-09T12:14:17","modified_gmt":"2023-08-09T10:14:17","slug":"golf-oder-tennis-waehlen-ihren-ball","status":"publish","type":"page","link":"https:\/\/camping-houlgate.com\/de\/umgebung\/golf-oder-tennis-waehlen-ihren-ball\/","title":{"rendered":"Golf oder Tennis: W\u00e4hlen Sie Ihren Ball!"},"content":{"rendered":"\n<h1 class=\"has-text-align-center has-vert-fonce-color has-text-color\" id=\"golf-ou-tennis-choisissez-votre-balle\">Golf oder Tennis: W\u00e4hlen Sie Ihren Ball!<\/h1>\n\n<div class=\"wp-block-media-text alignwide is-stacked-on-mobile is-vertically-aligned-center\"><figure class=\"wp-block-media-text__media\"><img width=\"1024\" height=\"678\" src=\"https:\/\/camping-houlgate.com\/wp-content\/uploads\/2023\/06\/robert-ruggiero-pI6IaynZQ_I-unsplash-1024x678.jpg\" alt=\"\" class=\"wp-image-1107 size-full\" srcset=\"https:\/\/camping-houlgate.com\/wp-content\/uploads\/2023\/06\/robert-ruggiero-pI6IaynZQ_I-unsplash-1024x678.jpg 1024w, https:\/\/camping-houlgate.com\/wp-content\/uploads\/2023\/06\/robert-ruggiero-pI6IaynZQ_I-unsplash-300x199.jpg 300w, https:\/\/camping-houlgate.com\/wp-content\/uploads\/2023\/06\/robert-ruggiero-pI6IaynZQ_I-unsplash-768x509.jpg 768w, https:\/\/camping-houlgate.com\/wp-content\/uploads\/2023\/06\/robert-ruggiero-pI6IaynZQ_I-unsplash-1536x1017.jpg 1536w, https:\/\/camping-houlgate.com\/wp-content\/uploads\/2023\/06\/robert-ruggiero-pI6IaynZQ_I-unsplash-2048x1356.jpg 2048w\" sizes=\"(max-width: 1024px) 100vw, 1024px\" \/><\/figure><div class=\"wp-block-media-text__content\">\n<h2 class=\"has-vert-fonce-color has-text-color\" id=\"travaillez-votre-jeu-de-jambes-et-ne-perdez-pas-la-balle-des-yeux\">Arbeiten Sie an Ihrer Beinarbeit und lassen Sie den Ball nicht aus den Augen!<\/h2>\n\n\n\n<p>Nur 2 Schritte vom <strong>Camping de la Plage<\/strong> entfernt finden Sie in <strong>Houlgate <\/strong> <strong>Tennispl\u00e4tze<\/strong>, einen<strong> Minigolfplatz<\/strong> und einen 18-Loch-Platz &#8230; Golf oder Tennis? ein Programm f\u00fcr einen Urlaub an der frischen Luft!<\/p>\n<\/div><\/div>\n\n<div class=\"wp-container-69f265c9c850a wp-block-group alignfull has-bleu-fond-background-color has-background\"><div class=\"wp-block-group__inner-container\">\n<div class=\"wp-block-media-text alignwide has-media-on-the-right is-stacked-on-mobile is-vertically-aligned-center\"><figure class=\"wp-block-media-text__media\"><img width=\"1024\" height=\"701\" src=\"https:\/\/camping-houlgate.com\/wp-content\/uploads\/2023\/06\/balle_golf_camping_de_la_plage_houlgate-1024x701.jpeg\" alt=\"\" class=\"wp-image-1104 size-full\" srcset=\"https:\/\/camping-houlgate.com\/wp-content\/uploads\/2023\/06\/balle_golf_camping_de_la_plage_houlgate-1024x701.jpeg 1024w, https:\/\/camping-houlgate.com\/wp-content\/uploads\/2023\/06\/balle_golf_camping_de_la_plage_houlgate-300x205.jpeg 300w, https:\/\/camping-houlgate.com\/wp-content\/uploads\/2023\/06\/balle_golf_camping_de_la_plage_houlgate-768x526.jpeg 768w, https:\/\/camping-houlgate.com\/wp-content\/uploads\/2023\/06\/balle_golf_camping_de_la_plage_houlgate.jpeg 1066w\" sizes=\"(max-width: 1024px) 100vw, 1024px\" \/><\/figure><div class=\"wp-block-media-text__content\">\n<h2 class=\"has-vert-fonce-color has-text-color\" id=\"golf\">Golf<\/h2>\n\n\n\n<ul><li><strong>Golf <a href=\"http:\/\/houlgate.bluegreen.com\/fr\" target=\"_blank\" rel=\"noreferrer noopener\">Blue Green de Houlgate<\/a> (18 L\u00f6cher) &#8211;<\/strong> Hameau de Tolleville &#8211; 14510 Gonneville-sur-Mer \/<strong> <\/strong><strong>02 31 24 80 49<\/strong><\/li><li><strong>Golf Miniature &#8211; <\/strong>1 rue Baumier (gegen\u00fcber dem Casino) &#8211; Houlgate \/ <strong>06 07 74 66 83<\/strong><\/li><\/ul>\n\n\n<p>Er befindet sich zwischen dem <strong>Casino<\/strong> und dem ehemaligen <strong>Grand Hotel<\/strong> und ist einer der sch\u00f6nsten an der C\u00f4te Fleurie. Er bietet Ihnen 18 L\u00f6cher mit einem herrlichen Blick auf das Meer.<br\/>T\u00e4glich ge\u00f6ffnet von 10:00 bis 22:00 Uhr im Juli und August, von 13:30 bis 20:00 Uhr im Juni und September sowie an Wochenenden bis zum 15. November und in den kleinen Schulferien. und 100 m vom Campingplatz entfernt<\/p>\n\n\n\n<ul><li><strong>Tir \u00e0<\/strong> l&#8216;<strong>arc<\/strong> &#8211; 9 bis Rue de l&#8217;Abb\u00e9 Anne, 14510 Houlgate 500 m vom Campingplatz entfernt.<\/li><li> <strong>Murs d&#8217;Escalade &#8211; <\/strong>9 bis Rue de l&#8217;Abb\u00e9 Anne, 14510 Houlgate 500 m vom Campingplatz entfernt.<br\/><a href=\"http:\/\/www.escalade-houlgate.fr\/\" target=\"_blank\" rel=\"noreferrer noopener\">www.escalade-houlgate.fr<\/a><\/li><\/ul><\/div><\/div>\n<\/div><\/div>\n\n<div class=\"wp-block-media-text alignwide is-stacked-on-mobile is-vertically-aligned-center\"><figure class=\"wp-block-media-text__media\"><img width=\"570\" height=\"427\" src=\"https:\/\/camping-houlgate.com\/wp-content\/uploads\/2023\/06\/tennis_camping_de_la_plage_houlgate.jpeg\" alt=\"\" class=\"wp-image-1101 size-full\" srcset=\"https:\/\/camping-houlgate.com\/wp-content\/uploads\/2023\/06\/tennis_camping_de_la_plage_houlgate.jpeg 570w, https:\/\/camping-houlgate.com\/wp-content\/uploads\/2023\/06\/tennis_camping_de_la_plage_houlgate-300x225.jpeg 300w\" sizes=\"(max-width: 570px) 100vw, 570px\" \/><\/figure><div class=\"wp-block-media-text__content\">\n<h2 class=\"has-vert-fonce-color has-text-color\" id=\"tennis\">Tennis<\/h2>\n\n\n\n<ul><li><strong>Le sporting Club <\/strong>Place du Docteur Rouget &#8211; Houlgate \/ <strong>02 31 24 87 65<\/strong><\/li><\/ul>\n\n\n<p>Das ganze Jahr \u00fcber t\u00e4glich von 9:00 bis 19:00 Uhr ge\u00f6ffnet. 12 Tennispl\u00e4tze, davon 10 Sandpl\u00e4tze.<\/p>\n\n\n\n<ul><li><strong>Tennis Club des Chevaliers <\/strong>Chemin des Chevaliers, 14510 Houlgate \/ <strong>02 31 24 12 14<\/strong><\/li><\/ul>\n\n\n<p>Ge\u00f6ffnet vom 1. April bis zum 31. August t\u00e4glich von 8:00 bis 22:00 Uhr. 5 Courtsverf\u00fcgbar f\u00fcr stundenweise Vermietungen und Abonnements \u00e0 la carte.<\/p>\n\n\n\n<p>Fotos \u00a9 www.calvados-tourisme.com<\/p>\n<\/div><\/div>\n\n<p><\/p>\n","protected":false},"excerpt":{"rendered":"<p>Golf oder Tennis: W\u00e4hlen Sie Ihren Ball! Arbeiten Sie an Ihrer Beinarbeit und lassen Sie den Ball nicht aus den Augen! Nur 2 Schritte vom Camping de la Plage entfernt finden Sie in Houlgate Tennispl\u00e4tze, einen Minigolfplatz und einen 18-Loch-Platz &#8230; Golf oder Tennis? ein Programm f\u00fcr einen Urlaub an der frischen Luft! Golf Golf [&hellip;]<\/p>\n","protected":false},"author":1,"featured_media":0,"parent":1389,"menu_order":0,"comment_status":"closed","ping_status":"closed","template":"","meta":[],"acf":[],"_links":{"self":[{"href":"https:\/\/camping-houlgate.com\/de\/wp-json\/wp\/v2\/pages\/1403"}],"collection":[{"href":"https:\/\/camping-houlgate.com\/de\/wp-json\/wp\/v2\/pages"}],"about":[{"href":"https:\/\/camping-houlgate.com\/de\/wp-json\/wp\/v2\/types\/page"}],"author":[{"embeddable":true,"href":"https:\/\/camping-houlgate.com\/de\/wp-json\/wp\/v2\/users\/1"}],"replies":[{"embeddable":true,"href":"https:\/\/camping-houlgate.com\/de\/wp-json\/wp\/v2\/comments?post=1403"}],"version-history":[{"count":1,"href":"https:\/\/camping-houlgate.com\/de\/wp-json\/wp\/v2\/pages\/1403\/revisions"}],"predecessor-version":[{"id":1404,"href":"https:\/\/camping-houlgate.com\/de\/wp-json\/wp\/v2\/pages\/1403\/revisions\/1404"}],"up":[{"embeddable":true,"href":"https:\/\/camping-houlgate.com\/de\/wp-json\/wp\/v2\/pages\/1389"}],"wp:attachment":[{"href":"https:\/\/camping-houlgate.com\/de\/wp-json\/wp\/v2\/media?parent=1403"}],"curies":[{"name":"wp","href":"https:\/\/api.w.org\/{rel}","templated":true}]}}