{"id":1407,"date":"2023-08-09T12:16:18","date_gmt":"2023-08-09T10:16:18","guid":{"rendered":"https:\/\/camping-houlgate.com\/animationen-dienstleistungen\/"},"modified":"2023-08-16T15:30:24","modified_gmt":"2023-08-16T13:30:24","slug":"animationen-dienstleistungen","status":"publish","type":"page","link":"https:\/\/camping-houlgate.com\/de\/animationen-dienstleistungen\/","title":{"rendered":"Animationen &amp; Dienstleistungen"},"content":{"rendered":"\n<div class=\"wp-block-cover alignfull\"><span aria-hidden=\"true\" class=\"has-background-dim-0 wp-block-cover__gradient-background has-background-dim\"><\/span><img width=\"2016\" height=\"1512\" class=\"wp-block-cover__image-background wp-image-583\" alt=\"\" src=\"https:\/\/camping-houlgate.com\/wp-content\/uploads\/2023\/06\/Foot-2022.jpg\" style=\"object-position:50% 75%\" data-object-fit=\"cover\" data-object-position=\"50% 75%\" srcset=\"https:\/\/camping-houlgate.com\/wp-content\/uploads\/2023\/06\/Foot-2022.jpg 2016w, https:\/\/camping-houlgate.com\/wp-content\/uploads\/2023\/06\/Foot-2022-300x225.jpg 300w, https:\/\/camping-houlgate.com\/wp-content\/uploads\/2023\/06\/Foot-2022-1024x768.jpg 1024w, https:\/\/camping-houlgate.com\/wp-content\/uploads\/2023\/06\/Foot-2022-768x576.jpg 768w, https:\/\/camping-houlgate.com\/wp-content\/uploads\/2023\/06\/Foot-2022-1536x1152.jpg 1536w\" sizes=\"(max-width: 2016px) 100vw, 2016px\" \/><div class=\"wp-block-cover__inner-container\">\n<h1 class=\"has-text-align-center has-vert-fond-color has-text-color\" id=\"animations-du-camping\">Animationen auf dem Campingplatz<\/h1>\n<\/div><\/div>\n\n\n\n<div class=\"wp-block-media-text alignwide has-media-on-the-right is-stacked-on-mobile is-image-fill\"><figure class=\"wp-block-media-text__media\" style=\"background-image:url(https:\/\/camping-houlgate.com\/wp-content\/uploads\/2023\/06\/IMG_2608-scaled-1-1024x768.jpg);background-position:50% 50%\"><img width=\"1024\" height=\"768\" src=\"https:\/\/camping-houlgate.com\/wp-content\/uploads\/2023\/06\/IMG_2608-scaled-1-1024x768.jpg\" alt=\"\" class=\"wp-image-704 size-full\" srcset=\"https:\/\/camping-houlgate.com\/wp-content\/uploads\/2023\/06\/IMG_2608-scaled-1-1024x768.jpg 1024w, https:\/\/camping-houlgate.com\/wp-content\/uploads\/2023\/06\/IMG_2608-scaled-1-300x225.jpg 300w, https:\/\/camping-houlgate.com\/wp-content\/uploads\/2023\/06\/IMG_2608-scaled-1-768x576.jpg 768w, https:\/\/camping-houlgate.com\/wp-content\/uploads\/2023\/06\/IMG_2608-scaled-1-1536x1152.jpg 1536w, https:\/\/camping-houlgate.com\/wp-content\/uploads\/2023\/06\/IMG_2608-scaled-1-2048x1536.jpg 2048w\" sizes=\"(max-width: 1024px) 100vw, 1024px\" \/><\/figure><div class=\"wp-block-media-text__content\">\n<h2 class=\"has-vert-fonce-color has-text-color\" id=\"pot-d-accueil-en-debut-de-semaine-en-haute-saison\">Begr\u00fc\u00dfungsgetr\u00e4nk am Anfang der Woche (in der Hochsaison)<\/h2>\n\n\n\n<p>Der <strong>Camping de la Plage<\/strong> stellt f\u00fcr jede neue Saison ein <strong>Animationsprogramm<\/strong> zusammen, das sich an alle Generationen richtet! Morgens, nachmittags oder abends, je nach Alter und Jahreszeit, finden Sie den Plan auf der Ebene der Rezeption ausgeh\u00e4ngt. Art der Animation: Fu\u00dfballspiel, Bogenschie\u00dfen, Koh-Lanta, Tanzabend, Camping-Tanz, Karaoke, Zauberer-Show&#8230;<\/p>\n\n\n\n<p>Jede Woche (in der Hochsaison): Das Personal l\u00e4dt Sie zu einem <strong>Begr\u00fc\u00dfungsgetr\u00e4nk ein, das f\u00fcr alle offen<\/strong> ist. Eine gute Gelegenheit, Ihnen die Region, die Stadt, die verschiedenen Veranstaltungen, das Personal und das Animationsprogramm des Campingplatzes vorzustellen&#8230; Hurra, die <strong>Ferien<\/strong> k\u00f6nnen kommen!<\/p>\n\n\n\n<p>In der Nebensaison f\u00fcr <strong>die Oster- und Allerheiligenferien<\/strong> organisieren wir auch Veranstaltungen wie die Eiersuche oder die Halloween-Parade.<\/p>\n\n\n\n<p>F\u00fcr die Urlauber im September f\u00fchren wir Lottos, Boule-Wettbewerbe und Mahlzeiten durch.<\/p>\n\n\n\n<div class=\"wp-container-69db53e77aa9c wp-block-buttons\">\n<div class=\"wp-block-button btn_resa\"><a class=\"wp-block-button__link\">Buchen<\/a><\/div>\n<\/div>\n<\/div><\/div>\n\n\n\n<div class=\"wp-container-69db53e77ae4d wp-block-group alignfull has-bleu-fond-background-color has-background\"><div class=\"wp-block-group__inner-container\">\n<div class=\"wp-block-media-text alignwide is-stacked-on-mobile is-image-fill mob__subject--bottom\"><figure class=\"wp-block-media-text__media\" style=\"background-image:url(https:\/\/camping-houlgate.com\/wp-content\/uploads\/2023\/06\/IMG_2638-scaled-1-1024x768.jpg);background-position:50% 50%\"><img width=\"1024\" height=\"768\" src=\"https:\/\/camping-houlgate.com\/wp-content\/uploads\/2023\/06\/IMG_2638-scaled-1-1024x768.jpg\" alt=\"\" class=\"wp-image-710 size-full\" srcset=\"https:\/\/camping-houlgate.com\/wp-content\/uploads\/2023\/06\/IMG_2638-scaled-1-1024x768.jpg 1024w, https:\/\/camping-houlgate.com\/wp-content\/uploads\/2023\/06\/IMG_2638-scaled-1-300x225.jpg 300w, https:\/\/camping-houlgate.com\/wp-content\/uploads\/2023\/06\/IMG_2638-scaled-1-768x576.jpg 768w, https:\/\/camping-houlgate.com\/wp-content\/uploads\/2023\/06\/IMG_2638-scaled-1-1536x1152.jpg 1536w, https:\/\/camping-houlgate.com\/wp-content\/uploads\/2023\/06\/IMG_2638-scaled-1-2048x1536.jpg 2048w\" sizes=\"(max-width: 1024px) 100vw, 1024px\" \/><\/figure><div class=\"wp-block-media-text__content\">\n<h2 class=\"has-orange-color has-text-color\" id=\"les-temps-forts-du-camping\">Die Highlights des Camps<\/h2>\n\n\n\n<p>Von Juni bis September wird der <strong>Camping<\/strong> <strong>de la Plage<\/strong> f\u00fcr seine Urlauber lebendig: Themenabende, Boule-Nachmittage, Karaoke, Lotto, Shows, <strong>Tanzabende<\/strong>&#8230; Der Kalender h\u00e4ngt an der Rezeption aus: Fragen Sie nach dem Programm!<\/p>\n\n\n\n<p><strong>Im Juli und August<\/strong> versammelt der Campingplatz de la Place seine Urlauber gerne zu <strong>geselligen und festlichen Abenden<\/strong>. Es gibt genug f\u00fcr alle!<\/p>\n\n\n\n<p><strong>Im Juni und September<\/strong> bietet der Campingplatz La Plage <strong>Lotto-<\/strong> und <strong>Boulenachmittage<\/strong> sowie <strong>Mahlzeiten<\/strong> an.<\/p>\n<\/div><\/div>\n\n\n\n<ul class=\"pictos\"><li><i class=\"fal fa-heat\"><\/i>  Gro\u00dfer <strong>Grill<\/strong><\/li><li><i class=\"fal fa-microphone-stand\"><\/i>  Karaoke<\/li><li><i class=\"fal fa-wand-magic-sparkles\"><\/i>  Clown- <strong>oder Zauberervorstellungen<\/strong><\/li><li><i class=\"fal fa-trees\"><\/i>  Koh-Lanta<\/li><li><i class=\"fal fa-party-horn\"><\/i> Tanzabende<\/li><\/ul>\n<\/div><\/div>\n\n\n\n<div class=\"wp-block-columns\">\n<div class=\"wp-block-column\">\n<h2 class=\"has-vert-fonce-color has-text-color\" id=\"un-coin-de-paradis\">Animationen f\u00fcr Jugendliche<\/h2>\n\n\n\n<ul class=\"pictos small\"><li><i class=\"fal fa-futbol\"><\/i>  Fu\u00dfball<\/li><li><i class=\"fal fa-volleyball\"><\/i>  Ball an Gefangene<\/li><li><i class=\"fal fa-party-bell\"><\/i>  Themenabende<\/li><\/ul>\n\n\n\n<p>Ein Campingurlaub ist f\u00fcr die J\u00fcngsten auch die Zeit, um neue <strong>Freunde<\/strong> zu finden. An Gelegenheiten wird es in Houlgate in der h\u00fcbschen <strong>Normandie <\/strong> nicht mangeln.  <\/p>\n\n\n\n<p>F\u00fcr Jugendliche zwischen 5 und 15 Jahren bietet der Camping de la Plage jeden Sommer <strong>ein Unterhaltungsprogramm <\/strong>an. Das Programm wird an der Rezeption ausgeh\u00e4ngt und jeden Tag bekannt gegeben.<\/p>\n\n\n\n<p>Abends ab 20:30 Uhr bieten wir <strong>zahlreiche Aktivit\u00e4ten<\/strong> f\u00fcr die ganze Familie an: Fu\u00dfball, V\u00f6lkerball, Koh-Lanta, Themenabende und vieles mehr. <strong>Montag bis Freitag von 10:30 bis 12:00 Uhr<\/strong> im Juli und August. Der Zeitplan und die Aktivit\u00e4ten k\u00f6nnen je nach Aktualit\u00e4t und Wetterlage ge\u00e4ndert werden.<\/p>\n<\/div>\n\n\n\n<div class=\"wp-block-column is-vertically-aligned-center\">\n<figure class=\"wp-block-gallery has-nested-images columns-3 is-cropped diaporama--1\">\n<figure class=\"wp-block-image size-full\"><img width=\"2560\" height=\"1920\" src=\"https:\/\/camping-houlgate.com\/wp-content\/uploads\/2023\/06\/IMG_2674-scaled-1.jpg\" alt=\"\" class=\"wp-image-713\" srcset=\"https:\/\/camping-houlgate.com\/wp-content\/uploads\/2023\/06\/IMG_2674-scaled-1.jpg 2560w, https:\/\/camping-houlgate.com\/wp-content\/uploads\/2023\/06\/IMG_2674-scaled-1-300x225.jpg 300w, https:\/\/camping-houlgate.com\/wp-content\/uploads\/2023\/06\/IMG_2674-scaled-1-1024x768.jpg 1024w, https:\/\/camping-houlgate.com\/wp-content\/uploads\/2023\/06\/IMG_2674-scaled-1-768x576.jpg 768w, https:\/\/camping-houlgate.com\/wp-content\/uploads\/2023\/06\/IMG_2674-scaled-1-1536x1152.jpg 1536w, https:\/\/camping-houlgate.com\/wp-content\/uploads\/2023\/06\/IMG_2674-scaled-1-2048x1536.jpg 2048w\" sizes=\"(max-width: 2560px) 100vw, 2560px\" \/><\/figure>\n\n\n\n<figure class=\"wp-block-image size-full\"><img width=\"1024\" height=\"768\" src=\"https:\/\/camping-houlgate.com\/wp-content\/uploads\/2023\/08\/batch_IMG_8426-1024x768.png\" alt=\"\" class=\"wp-image-1357\" srcset=\"https:\/\/camping-houlgate.com\/wp-content\/uploads\/2023\/08\/batch_IMG_8426-1024x768.png 1024w, https:\/\/camping-houlgate.com\/wp-content\/uploads\/2023\/08\/batch_IMG_8426-300x225.png 300w, https:\/\/camping-houlgate.com\/wp-content\/uploads\/2023\/08\/batch_IMG_8426-768x576.png 768w, https:\/\/camping-houlgate.com\/wp-content\/uploads\/2023\/08\/batch_IMG_8426.png 1080w\" sizes=\"(max-width: 1024px) 100vw, 1024px\" \/><\/figure>\n\n\n\n<figure class=\"wp-block-image size-full\"><img width=\"1024\" height=\"768\" src=\"https:\/\/camping-houlgate.com\/wp-content\/uploads\/2023\/08\/batch_IMG_8425-1024x768.png\" alt=\"\" class=\"wp-image-1355\" srcset=\"https:\/\/camping-houlgate.com\/wp-content\/uploads\/2023\/08\/batch_IMG_8425-1024x768.png 1024w, https:\/\/camping-houlgate.com\/wp-content\/uploads\/2023\/08\/batch_IMG_8425-300x225.png 300w, https:\/\/camping-houlgate.com\/wp-content\/uploads\/2023\/08\/batch_IMG_8425-768x576.png 768w, https:\/\/camping-houlgate.com\/wp-content\/uploads\/2023\/08\/batch_IMG_8425.png 1080w\" sizes=\"(max-width: 1024px) 100vw, 1024px\" \/><\/figure>\n\n\n\n<figure class=\"wp-block-image size-full\"><img width=\"1024\" height=\"576\" src=\"https:\/\/camping-houlgate.com\/wp-content\/uploads\/2023\/08\/batch_IMG_5473-1024x576.png\" alt=\"\" class=\"wp-image-1352\" srcset=\"https:\/\/camping-houlgate.com\/wp-content\/uploads\/2023\/08\/batch_IMG_5473-1024x576.png 1024w, https:\/\/camping-houlgate.com\/wp-content\/uploads\/2023\/08\/batch_IMG_5473-300x169.png 300w, https:\/\/camping-houlgate.com\/wp-content\/uploads\/2023\/08\/batch_IMG_5473-768x432.png 768w, https:\/\/camping-houlgate.com\/wp-content\/uploads\/2023\/08\/batch_IMG_5473.png 1080w\" sizes=\"(max-width: 1024px) 100vw, 1024px\" \/><\/figure>\n\n\n\n<figure class=\"wp-block-image size-full\"><img width=\"2016\" height=\"1512\" src=\"https:\/\/camping-houlgate.com\/wp-content\/uploads\/2023\/06\/Petanque-aout-2022.jpg\" alt=\"\" class=\"wp-image-707\" srcset=\"https:\/\/camping-houlgate.com\/wp-content\/uploads\/2023\/06\/Petanque-aout-2022.jpg 2016w, https:\/\/camping-houlgate.com\/wp-content\/uploads\/2023\/06\/Petanque-aout-2022-300x225.jpg 300w, https:\/\/camping-houlgate.com\/wp-content\/uploads\/2023\/06\/Petanque-aout-2022-1024x768.jpg 1024w, https:\/\/camping-houlgate.com\/wp-content\/uploads\/2023\/06\/Petanque-aout-2022-768x576.jpg 768w, https:\/\/camping-houlgate.com\/wp-content\/uploads\/2023\/06\/Petanque-aout-2022-1536x1152.jpg 1536w\" sizes=\"(max-width: 2016px) 100vw, 2016px\" \/><\/figure>\n\n\n\n<figure class=\"wp-block-image size-full\"><img width=\"2560\" height=\"1920\" src=\"https:\/\/camping-houlgate.com\/wp-content\/uploads\/2023\/06\/IMG_2678-scaled-1.jpg\" alt=\"\" class=\"wp-image-719\" srcset=\"https:\/\/camping-houlgate.com\/wp-content\/uploads\/2023\/06\/IMG_2678-scaled-1.jpg 2560w, https:\/\/camping-houlgate.com\/wp-content\/uploads\/2023\/06\/IMG_2678-scaled-1-300x225.jpg 300w, https:\/\/camping-houlgate.com\/wp-content\/uploads\/2023\/06\/IMG_2678-scaled-1-1024x768.jpg 1024w, https:\/\/camping-houlgate.com\/wp-content\/uploads\/2023\/06\/IMG_2678-scaled-1-768x576.jpg 768w, https:\/\/camping-houlgate.com\/wp-content\/uploads\/2023\/06\/IMG_2678-scaled-1-1536x1152.jpg 1536w, https:\/\/camping-houlgate.com\/wp-content\/uploads\/2023\/06\/IMG_2678-scaled-1-2048x1536.jpg 2048w\" sizes=\"(max-width: 2560px) 100vw, 2560px\" \/><\/figure>\n\n\n\n<figure class=\"wp-block-image size-full\"><img width=\"2560\" height=\"1920\" src=\"https:\/\/camping-houlgate.com\/wp-content\/uploads\/2023\/06\/IMG_2469-scaled-1.jpg\" alt=\"\" class=\"wp-image-722\" srcset=\"https:\/\/camping-houlgate.com\/wp-content\/uploads\/2023\/06\/IMG_2469-scaled-1.jpg 2560w, https:\/\/camping-houlgate.com\/wp-content\/uploads\/2023\/06\/IMG_2469-scaled-1-300x225.jpg 300w, https:\/\/camping-houlgate.com\/wp-content\/uploads\/2023\/06\/IMG_2469-scaled-1-1024x768.jpg 1024w, https:\/\/camping-houlgate.com\/wp-content\/uploads\/2023\/06\/IMG_2469-scaled-1-768x576.jpg 768w, https:\/\/camping-houlgate.com\/wp-content\/uploads\/2023\/06\/IMG_2469-scaled-1-1536x1152.jpg 1536w, https:\/\/camping-houlgate.com\/wp-content\/uploads\/2023\/06\/IMG_2469-scaled-1-2048x1536.jpg 2048w\" sizes=\"(max-width: 2560px) 100vw, 2560px\" \/><\/figure>\n\n\n\n<figure class=\"wp-block-image size-full\"><img width=\"2560\" height=\"1920\" src=\"https:\/\/camping-houlgate.com\/wp-content\/uploads\/2023\/06\/IMG_1440-2-scaled-1.jpg\" alt=\"\" class=\"wp-image-725\" srcset=\"https:\/\/camping-houlgate.com\/wp-content\/uploads\/2023\/06\/IMG_1440-2-scaled-1.jpg 2560w, https:\/\/camping-houlgate.com\/wp-content\/uploads\/2023\/06\/IMG_1440-2-scaled-1-300x225.jpg 300w, https:\/\/camping-houlgate.com\/wp-content\/uploads\/2023\/06\/IMG_1440-2-scaled-1-1024x768.jpg 1024w, https:\/\/camping-houlgate.com\/wp-content\/uploads\/2023\/06\/IMG_1440-2-scaled-1-768x576.jpg 768w, https:\/\/camping-houlgate.com\/wp-content\/uploads\/2023\/06\/IMG_1440-2-scaled-1-1536x1152.jpg 1536w, https:\/\/camping-houlgate.com\/wp-content\/uploads\/2023\/06\/IMG_1440-2-scaled-1-2048x1536.jpg 2048w\" sizes=\"(max-width: 2560px) 100vw, 2560px\" \/><\/figure>\n<\/figure>\n<\/div>\n<\/div>\n\n\n\n<div class=\"wp-container-69db53e77b399 wp-block-group alignfull has-vert-fonce-background-color has-background\"><div class=\"wp-block-group__inner-container\">\n<h2 class=\"has-text-align-center\" id=\"les-services-a-proximite\">Dienstleistungen in der N\u00e4he<\/h2>\n\n\n\n<p class=\"has-text-align-center mw-50\">Nur wenige Schritte vom Campingplatz entfernt, in der Stadt Houlgate finden Sie :<\/p>\n\n\n\n<ul class=\"pictos\"><li><i class=\"fal fa-utensils\"><\/i>  Restaurants<\/li><li><i class=\"fal fa-champagne-glasses\"><\/i>  Bars<\/li><li><i class=\"fal fa-cart-shopping\"><\/i>  Lebensmittelgesch\u00e4fte<\/li><li><i class=\"fal fa-umbrella-beach\"><\/i>  Verleih von Ausr\u00fcstung<\/li><\/ul>\n<\/div><\/div>\n\n\n\n<h2 class=\"has-text-align-center has-orange-color has-text-color\" id=\"les-services-au-camping-de-la-plage\">Dienstleistungen auf dem Campingplatz am Strand<\/h2>\n\n\n\n<p class=\"has-text-align-center mw-50\">Um einen unbeschwerten <strong>Urlaub<\/strong> zu verbringen, bietet Ihnen der Campingplatz Houlgate seine <strong>Dienstleistungen und Mietunterk\u00fcnfte<\/strong> an, um den <strong>Komfort von zu Hause<\/strong> mit der <strong>Abwechslung eines Urlaubs<\/strong> am Meer zu verbinden!<\/p>\n\n\n\n<ul class=\"pictos\"><li><i class=\"fal fa-baguette\"><\/i> Brotdepot<\/li><li><i class=\"fal fa-washing-machine\"><\/i> W\u00e4scherei-Service<\/li><li><i class=\"fal fa-blanket\"><\/i>  Vermietung <strong>von Bettw\u00e4sche<\/strong><\/li><li><i class=\"fal fa-broom\"><\/i> Haushaltsservice<\/li><li><i class=\"fal fa-heat\"><\/i> Grillverleih<\/li><li><i class=\"fal fa-shop\"><\/i> Lokale <strong>Produkte<\/strong><\/li><\/ul>\n","protected":false},"excerpt":{"rendered":"<p>Die Highlights des Camps Von Juni bis September wird der Camping de la Plage f\u00fcr seine Urlauber lebendig: Themenabende, Boule-Nachmittage, Karaoke, Lotto, Shows, Tanzabende&#8230; Der Kalender h\u00e4ngt an der Rezeption aus: Fragen Sie nach dem Programm! Im Juli und August versammelt der Campingplatz de la Place seine Urlauber gerne zu geselligen und festlichen Abenden. Es [&hellip;]<\/p>\n","protected":false},"author":1,"featured_media":0,"parent":0,"menu_order":0,"comment_status":"closed","ping_status":"closed","template":"","meta":[],"acf":[],"_links":{"self":[{"href":"https:\/\/camping-houlgate.com\/de\/wp-json\/wp\/v2\/pages\/1407"}],"collection":[{"href":"https:\/\/camping-houlgate.com\/de\/wp-json\/wp\/v2\/pages"}],"about":[{"href":"https:\/\/camping-houlgate.com\/de\/wp-json\/wp\/v2\/types\/page"}],"author":[{"embeddable":true,"href":"https:\/\/camping-houlgate.com\/de\/wp-json\/wp\/v2\/users\/1"}],"replies":[{"embeddable":true,"href":"https:\/\/camping-houlgate.com\/de\/wp-json\/wp\/v2\/comments?post=1407"}],"version-history":[{"count":4,"href":"https:\/\/camping-houlgate.com\/de\/wp-json\/wp\/v2\/pages\/1407\/revisions"}],"predecessor-version":[{"id":1589,"href":"https:\/\/camping-houlgate.com\/de\/wp-json\/wp\/v2\/pages\/1407\/revisions\/1589"}],"wp:attachment":[{"href":"https:\/\/camping-houlgate.com\/de\/wp-json\/wp\/v2\/media?parent=1407"}],"curies":[{"name":"wp","href":"https:\/\/api.w.org\/{rel}","templated":true}]}}