{"id":1453,"date":"2023-08-09T14:19:25","date_gmt":"2023-08-09T12:19:25","guid":{"rendered":"https:\/\/camping-houlgate.com\/inselaufenthalte\/"},"modified":"2024-01-10T15:56:37","modified_gmt":"2024-01-10T14:56:37","slug":"inselaufenthalte","status":"publish","type":"page","link":"https:\/\/camping-houlgate.com\/de\/inselaufenthalte\/","title":{"rendered":"Ungew\u00f6hnliche Aufenthalte"},"content":{"rendered":"\n<div class=\"wp-block-cover alignfull\"><span aria-hidden=\"true\" class=\"has-background-dim-0 wp-block-cover__gradient-background has-background-dim\"><\/span><img width=\"1512\" height=\"730\" class=\"wp-block-cover__image-background wp-image-817\" alt=\"\" src=\"https:\/\/camping-houlgate.com\/wp-content\/uploads\/2023\/06\/vue_roulotte_capucine_camping_de_la_plage_houlgate.jpeg\" data-object-fit=\"cover\" srcset=\"https:\/\/camping-houlgate.com\/wp-content\/uploads\/2023\/06\/vue_roulotte_capucine_camping_de_la_plage_houlgate.jpeg 1512w, https:\/\/camping-houlgate.com\/wp-content\/uploads\/2023\/06\/vue_roulotte_capucine_camping_de_la_plage_houlgate-300x145.jpeg 300w, https:\/\/camping-houlgate.com\/wp-content\/uploads\/2023\/06\/vue_roulotte_capucine_camping_de_la_plage_houlgate-1024x494.jpeg 1024w, https:\/\/camping-houlgate.com\/wp-content\/uploads\/2023\/06\/vue_roulotte_capucine_camping_de_la_plage_houlgate-768x371.jpeg 768w\" sizes=\"(max-width: 1512px) 100vw, 1512px\" \/><div class=\"wp-block-cover__inner-container\">\n<h1 class=\"has-text-align-center has-vert-fond-color has-text-color\" id=\"sejours-insolites\">Ungew\u00f6hnliche Aufenthalte<\/h1>\n<\/div><\/div>\n\n<div class=\"wp-block-media-text alignwide is-stacked-on-mobile is-image-fill\"><figure class=\"wp-block-media-text__media\" style=\"background-image:url(https:\/\/camping-houlgate.com\/wp-content\/uploads\/2023\/06\/roulotte_maria_camping_de_la_plage_houlgate-1024x623.jpeg);background-position:50% 50%\"><img width=\"1024\" height=\"623\" src=\"https:\/\/camping-houlgate.com\/wp-content\/uploads\/2023\/06\/roulotte_maria_camping_de_la_plage_houlgate-1024x623.jpeg\" alt=\"\" class=\"wp-image-571 size-full\" srcset=\"https:\/\/camping-houlgate.com\/wp-content\/uploads\/2023\/06\/roulotte_maria_camping_de_la_plage_houlgate-1024x623.jpeg 1024w, https:\/\/camping-houlgate.com\/wp-content\/uploads\/2023\/06\/roulotte_maria_camping_de_la_plage_houlgate-300x183.jpeg 300w, https:\/\/camping-houlgate.com\/wp-content\/uploads\/2023\/06\/roulotte_maria_camping_de_la_plage_houlgate-768x468.jpeg 768w, https:\/\/camping-houlgate.com\/wp-content\/uploads\/2023\/06\/roulotte_maria_camping_de_la_plage_houlgate.jpeg 1199w\" sizes=\"(max-width: 1024px) 100vw, 1024px\" \/><\/figure><div class=\"wp-block-media-text__content\">\n<h2 class=\"has-vert-fonce-color has-text-color\" id=\"mobil-homes-cottages\">Die Roulottes<\/h2>\n\n\n\n<p>Suchen Sie einen originellen und ungew\u00f6hnlichen Ort, um Ihren Urlaub zu verbringen? Diese 6 Roulottes wurden f\u00fcr den <strong>Campingplatz*** de la Plage d&#8217;Houlgate<\/strong> ma\u00dfgefertigt und bieten Ihnen einen Urlaub voller Abwechslung&#8230;  <\/p>\n\n\n\n<p>Lassen Sie sich verf\u00fchren &#8230;<\/p>\n\n\n\n<div class=\"wp-container-69d7a27640e23 wp-block-buttons\">\n<div class=\"wp-block-button\"><a class=\"wp-block-button__link\" href=\"https:\/\/camping-houlgate.com\/de\/fotogalerie\/\"><i class=\"fal fa-arrow-right\"><\/i>  Siehe die Fotogalerie<\/a><\/div>\n<\/div>\n<\/div><\/div>\n\n<div class=\"wp-container-69d7a27641e5f wp-block-group alignfull has-bleu-fond-background-color has-background\"><div class=\"wp-block-group__inner-container\">\n<div class=\"wp-block-columns are-vertically-aligned-center cards hebergements has-blanc-background-color has-background\">\n<div class=\"wp-block-column is-vertically-aligned-center galerie\">\n<figure class=\"wp-block-gallery has-nested-images columns-default is-cropped diaporama--1\">\n<figure class=\"wp-block-image size-full\"><img width=\"1512\" height=\"730\" src=\"https:\/\/camping-houlgate.com\/wp-content\/uploads\/2023\/06\/vue_roulotte_capucine_camping_de_la_plage_houlgate-1.jpeg\" alt=\"\" class=\"wp-image-1007\" srcset=\"https:\/\/camping-houlgate.com\/wp-content\/uploads\/2023\/06\/vue_roulotte_capucine_camping_de_la_plage_houlgate-1.jpeg 1512w, https:\/\/camping-houlgate.com\/wp-content\/uploads\/2023\/06\/vue_roulotte_capucine_camping_de_la_plage_houlgate-1-300x145.jpeg 300w, https:\/\/camping-houlgate.com\/wp-content\/uploads\/2023\/06\/vue_roulotte_capucine_camping_de_la_plage_houlgate-1-1024x494.jpeg 1024w, https:\/\/camping-houlgate.com\/wp-content\/uploads\/2023\/06\/vue_roulotte_capucine_camping_de_la_plage_houlgate-1-768x371.jpeg 768w\" sizes=\"(max-width: 1512px) 100vw, 1512px\" \/><\/figure>\n\n\n\n<figure class=\"wp-block-image size-full\"><img width=\"1512\" height=\"730\" src=\"https:\/\/camping-houlgate.com\/wp-content\/uploads\/2023\/06\/douche__roulotte_capucine_camping_de_la_plage_houlgate.jpeg\" alt=\"\" class=\"wp-image-998\" srcset=\"https:\/\/camping-houlgate.com\/wp-content\/uploads\/2023\/06\/douche__roulotte_capucine_camping_de_la_plage_houlgate.jpeg 1512w, https:\/\/camping-houlgate.com\/wp-content\/uploads\/2023\/06\/douche__roulotte_capucine_camping_de_la_plage_houlgate-300x145.jpeg 300w, https:\/\/camping-houlgate.com\/wp-content\/uploads\/2023\/06\/douche__roulotte_capucine_camping_de_la_plage_houlgate-1024x494.jpeg 1024w, https:\/\/camping-houlgate.com\/wp-content\/uploads\/2023\/06\/douche__roulotte_capucine_camping_de_la_plage_houlgate-768x371.jpeg 768w\" sizes=\"(max-width: 1512px) 100vw, 1512px\" \/><\/figure>\n\n\n\n<figure class=\"wp-block-image size-full\"><img width=\"1920\" height=\"730\" src=\"https:\/\/camping-houlgate.com\/wp-content\/uploads\/2023\/06\/lit__roulotte_capucine_camping_de_la_plage_houlgate.jpeg\" alt=\"\" class=\"wp-image-1001\" srcset=\"https:\/\/camping-houlgate.com\/wp-content\/uploads\/2023\/06\/lit__roulotte_capucine_camping_de_la_plage_houlgate.jpeg 1920w, https:\/\/camping-houlgate.com\/wp-content\/uploads\/2023\/06\/lit__roulotte_capucine_camping_de_la_plage_houlgate-300x114.jpeg 300w, https:\/\/camping-houlgate.com\/wp-content\/uploads\/2023\/06\/lit__roulotte_capucine_camping_de_la_plage_houlgate-1024x389.jpeg 1024w, https:\/\/camping-houlgate.com\/wp-content\/uploads\/2023\/06\/lit__roulotte_capucine_camping_de_la_plage_houlgate-768x292.jpeg 768w, https:\/\/camping-houlgate.com\/wp-content\/uploads\/2023\/06\/lit__roulotte_capucine_camping_de_la_plage_houlgate-1536x584.jpeg 1536w\" sizes=\"(max-width: 1920px) 100vw, 1920px\" \/><\/figure>\n\n\n\n<figure class=\"wp-block-image size-full\"><img width=\"1920\" height=\"730\" src=\"https:\/\/camping-houlgate.com\/wp-content\/uploads\/2023\/06\/salon__roulotte_capucine_camping_de_la_plage_houlgate.jpeg\" alt=\"\" class=\"wp-image-1004\" srcset=\"https:\/\/camping-houlgate.com\/wp-content\/uploads\/2023\/06\/salon__roulotte_capucine_camping_de_la_plage_houlgate.jpeg 1920w, https:\/\/camping-houlgate.com\/wp-content\/uploads\/2023\/06\/salon__roulotte_capucine_camping_de_la_plage_houlgate-300x114.jpeg 300w, https:\/\/camping-houlgate.com\/wp-content\/uploads\/2023\/06\/salon__roulotte_capucine_camping_de_la_plage_houlgate-1024x389.jpeg 1024w, https:\/\/camping-houlgate.com\/wp-content\/uploads\/2023\/06\/salon__roulotte_capucine_camping_de_la_plage_houlgate-768x292.jpeg 768w, https:\/\/camping-houlgate.com\/wp-content\/uploads\/2023\/06\/salon__roulotte_capucine_camping_de_la_plage_houlgate-1536x584.jpeg 1536w\" sizes=\"(max-width: 1920px) 100vw, 1920px\" \/><\/figure>\n<\/figure>\n<\/div>\n\n\n\n<div class=\"wp-block-column is-vertically-aligned-center texte\">\n<p class=\"h3 has-vert-fonce-color has-text-color\">Wohnwagen Capucine<\/p>\n\n\n\n<ul class=\"pictos small has-orange-color has-text-color\"><li><i class=\"fal fa-person\"><\/i>  4 Personen<\/li><li><i class=\"fal fa-cube\"><\/i>  18 m\u00b2<\/li><li><i class=\"fal fa-shower\"><\/i>  1 Badezimmer<\/li><\/ul>\n\n\n\n<p>Ein gem\u00fctlicher Zigeunerwagen f\u00fcr 4 Personen, eingebettet auf einem H\u00fcgel mit Blick auf das Meer &#8230; das reizt Sie? Die Zigeunerwagen sind komfortabel ausgestattet und bieten einen atemberaubenden Blick auf das Meer. Sie sind eine echte Einladung zum Reisen!<\/p>\n\n\n\n<div class=\"wp-container-69d7a27641278 wp-block-buttons\">\n<div class=\"wp-block-button btn_resa\"><a class=\"wp-block-button__link\">Buchen<\/a><\/div>\n<\/div>\n<\/div>\n<\/div>\n\n\n\n<div class=\"wp-block-columns are-vertically-aligned-center cards hebergements has-blanc-background-color has-background\">\n<div class=\"wp-block-column is-vertically-aligned-center galerie\">\n<figure class=\"wp-block-gallery has-nested-images columns-default is-cropped diaporama--1\">\n<figure class=\"wp-block-image size-full\"><img width=\"1920\" height=\"730\" src=\"https:\/\/camping-houlgate.com\/wp-content\/uploads\/2023\/06\/roulotte_margarita_vue_camping_de_la_plage_houlgate.jpeg\" alt=\"\" class=\"wp-image-1022\" srcset=\"https:\/\/camping-houlgate.com\/wp-content\/uploads\/2023\/06\/roulotte_margarita_vue_camping_de_la_plage_houlgate.jpeg 1920w, https:\/\/camping-houlgate.com\/wp-content\/uploads\/2023\/06\/roulotte_margarita_vue_camping_de_la_plage_houlgate-300x114.jpeg 300w, https:\/\/camping-houlgate.com\/wp-content\/uploads\/2023\/06\/roulotte_margarita_vue_camping_de_la_plage_houlgate-1024x389.jpeg 1024w, https:\/\/camping-houlgate.com\/wp-content\/uploads\/2023\/06\/roulotte_margarita_vue_camping_de_la_plage_houlgate-768x292.jpeg 768w, https:\/\/camping-houlgate.com\/wp-content\/uploads\/2023\/06\/roulotte_margarita_vue_camping_de_la_plage_houlgate-1536x584.jpeg 1536w\" sizes=\"(max-width: 1920px) 100vw, 1920px\" \/><\/figure>\n\n\n\n<figure class=\"wp-block-image size-full\"><img width=\"1920\" height=\"730\" src=\"https:\/\/camping-houlgate.com\/wp-content\/uploads\/2023\/06\/roulotte_margarita_terasse_camping_de_la_plage_houlgate.jpeg\" alt=\"\" class=\"wp-image-1019\" srcset=\"https:\/\/camping-houlgate.com\/wp-content\/uploads\/2023\/06\/roulotte_margarita_terasse_camping_de_la_plage_houlgate.jpeg 1920w, https:\/\/camping-houlgate.com\/wp-content\/uploads\/2023\/06\/roulotte_margarita_terasse_camping_de_la_plage_houlgate-300x114.jpeg 300w, https:\/\/camping-houlgate.com\/wp-content\/uploads\/2023\/06\/roulotte_margarita_terasse_camping_de_la_plage_houlgate-1024x389.jpeg 1024w, https:\/\/camping-houlgate.com\/wp-content\/uploads\/2023\/06\/roulotte_margarita_terasse_camping_de_la_plage_houlgate-768x292.jpeg 768w, https:\/\/camping-houlgate.com\/wp-content\/uploads\/2023\/06\/roulotte_margarita_terasse_camping_de_la_plage_houlgate-1536x584.jpeg 1536w\" sizes=\"(max-width: 1920px) 100vw, 1920px\" \/><\/figure>\n\n\n\n<figure class=\"wp-block-image size-full\"><img width=\"531\" height=\"730\" src=\"https:\/\/camping-houlgate.com\/wp-content\/uploads\/2023\/06\/roulotte_margarita_table_camping_de_la_plage_houlgate.jpeg\" alt=\"\" class=\"wp-image-1016\" srcset=\"https:\/\/camping-houlgate.com\/wp-content\/uploads\/2023\/06\/roulotte_margarita_table_camping_de_la_plage_houlgate.jpeg 531w, https:\/\/camping-houlgate.com\/wp-content\/uploads\/2023\/06\/roulotte_margarita_table_camping_de_la_plage_houlgate-218x300.jpeg 218w\" sizes=\"(max-width: 531px) 100vw, 531px\" \/><\/figure>\n\n\n\n<figure class=\"wp-block-image size-full\"><img width=\"1199\" height=\"730\" src=\"https:\/\/camping-houlgate.com\/wp-content\/uploads\/2023\/06\/roulotte_margarita_cuisine_camping_de_la_plage_houlgate.jpeg\" alt=\"\" class=\"wp-image-1010\" srcset=\"https:\/\/camping-houlgate.com\/wp-content\/uploads\/2023\/06\/roulotte_margarita_cuisine_camping_de_la_plage_houlgate.jpeg 1199w, https:\/\/camping-houlgate.com\/wp-content\/uploads\/2023\/06\/roulotte_margarita_cuisine_camping_de_la_plage_houlgate-300x183.jpeg 300w, https:\/\/camping-houlgate.com\/wp-content\/uploads\/2023\/06\/roulotte_margarita_cuisine_camping_de_la_plage_houlgate-1024x623.jpeg 1024w, https:\/\/camping-houlgate.com\/wp-content\/uploads\/2023\/06\/roulotte_margarita_cuisine_camping_de_la_plage_houlgate-768x468.jpeg 768w\" sizes=\"(max-width: 1199px) 100vw, 1199px\" \/><\/figure>\n\n\n\n<figure class=\"wp-block-image size-full\"><img width=\"1199\" height=\"730\" src=\"https:\/\/camping-houlgate.com\/wp-content\/uploads\/2023\/06\/roulotte_margarita_interieur_camping_de_la_plage_houlgate.jpeg\" alt=\"\" class=\"wp-image-1013\" srcset=\"https:\/\/camping-houlgate.com\/wp-content\/uploads\/2023\/06\/roulotte_margarita_interieur_camping_de_la_plage_houlgate.jpeg 1199w, https:\/\/camping-houlgate.com\/wp-content\/uploads\/2023\/06\/roulotte_margarita_interieur_camping_de_la_plage_houlgate-300x183.jpeg 300w, https:\/\/camping-houlgate.com\/wp-content\/uploads\/2023\/06\/roulotte_margarita_interieur_camping_de_la_plage_houlgate-1024x623.jpeg 1024w, https:\/\/camping-houlgate.com\/wp-content\/uploads\/2023\/06\/roulotte_margarita_interieur_camping_de_la_plage_houlgate-768x468.jpeg 768w\" sizes=\"(max-width: 1199px) 100vw, 1199px\" \/><\/figure>\n<\/figure>\n<\/div>\n\n\n\n<div class=\"wp-block-column is-vertically-aligned-center texte\">\n<p class=\"h3 has-vert-fonce-color has-text-color\">Wohnwagen Margarita<\/p>\n\n\n\n<ul class=\"pictos small has-orange-color has-text-color\"><li><i class=\"fal fa-person\"><\/i>  4 Personen<\/li><li><i class=\"fal fa-cube\"><\/i>  21 m\u00b2<\/li><li><i class=\"fal fa-shower\"><\/i>  1 Badezimmer<\/li><\/ul>\n\n\n\n<p>Maria oder Margarita? Zwei Zigeunerwagen voller Charme f\u00fcr einen originellen Urlaub am Fu\u00dfe der Str\u00e4nde des Calvados &#8230; wer sagt mehr? Die Zigeunerwagen sind komfortabel ausgestattet und bieten einen atemberaubenden Blick auf das Meer. Sie sind eine echte Einladung zum Reisen!<\/p>\n\n\n\n<div class=\"wp-block-columns are-vertically-aligned-center\">\n<div class=\"wp-block-column is-vertically-aligned-center\" style=\"flex-basis:33.33%\">\n<div class=\"wp-container-69d7a276416de wp-block-buttons\">\n<div class=\"wp-block-button btn_resa\"><a class=\"wp-block-button__link\">Buchen<\/a><\/div>\n<\/div>\n<\/div>\n\n\n\n<div class=\"wp-block-column is-vertically-aligned-center\" style=\"flex-basis:66.66%\">\n<p><a href=\"https:\/\/my.matterport.com\/models\/WmgMxzQFjeb\" target=\"_blank\" rel=\"noreferrer noopener\"><i class=\"fal fa-arrow-right\"><\/i> Visite virtuelle<\/a><\/p>\n<\/div>\n<\/div>\n<\/div>\n<\/div>\n\n\n\n<div class=\"wp-block-columns are-vertically-aligned-center cards hebergements has-blanc-background-color has-background\">\n<div class=\"wp-block-column is-vertically-aligned-center galerie\">\n<figure class=\"wp-block-gallery has-nested-images columns-default is-cropped diaporama--1\">\n<figure class=\"wp-block-image size-full\"><img width=\"1199\" height=\"730\" src=\"https:\/\/camping-houlgate.com\/wp-content\/uploads\/2023\/06\/roulotte_maria_camping_de_la_plage_houlgate-1.jpeg\" alt=\"\" class=\"wp-image-1031\" srcset=\"https:\/\/camping-houlgate.com\/wp-content\/uploads\/2023\/06\/roulotte_maria_camping_de_la_plage_houlgate-1.jpeg 1199w, https:\/\/camping-houlgate.com\/wp-content\/uploads\/2023\/06\/roulotte_maria_camping_de_la_plage_houlgate-1-300x183.jpeg 300w, https:\/\/camping-houlgate.com\/wp-content\/uploads\/2023\/06\/roulotte_maria_camping_de_la_plage_houlgate-1-1024x623.jpeg 1024w, https:\/\/camping-houlgate.com\/wp-content\/uploads\/2023\/06\/roulotte_maria_camping_de_la_plage_houlgate-1-768x468.jpeg 768w\" sizes=\"(max-width: 1199px) 100vw, 1199px\" \/><\/figure>\n\n\n\n<figure class=\"wp-block-image size-full\"><img width=\"1920\" height=\"730\" src=\"https:\/\/camping-houlgate.com\/wp-content\/uploads\/2023\/06\/vue_roulotte_maria_camping_de_la_plage_houlgate.jpeg\" alt=\"\" class=\"wp-image-1037\" srcset=\"https:\/\/camping-houlgate.com\/wp-content\/uploads\/2023\/06\/vue_roulotte_maria_camping_de_la_plage_houlgate.jpeg 1920w, https:\/\/camping-houlgate.com\/wp-content\/uploads\/2023\/06\/vue_roulotte_maria_camping_de_la_plage_houlgate-300x114.jpeg 300w, https:\/\/camping-houlgate.com\/wp-content\/uploads\/2023\/06\/vue_roulotte_maria_camping_de_la_plage_houlgate-1024x389.jpeg 1024w, https:\/\/camping-houlgate.com\/wp-content\/uploads\/2023\/06\/vue_roulotte_maria_camping_de_la_plage_houlgate-768x292.jpeg 768w, https:\/\/camping-houlgate.com\/wp-content\/uploads\/2023\/06\/vue_roulotte_maria_camping_de_la_plage_houlgate-1536x584.jpeg 1536w\" sizes=\"(max-width: 1920px) 100vw, 1920px\" \/><\/figure>\n\n\n\n<figure class=\"wp-block-image size-full\"><img width=\"1920\" height=\"730\" src=\"https:\/\/camping-houlgate.com\/wp-content\/uploads\/2023\/06\/cuisine_roulotte_maria_camping_de_la_plage_houlgate.jpeg\" alt=\"\" class=\"wp-image-1025\" srcset=\"https:\/\/camping-houlgate.com\/wp-content\/uploads\/2023\/06\/cuisine_roulotte_maria_camping_de_la_plage_houlgate.jpeg 1920w, https:\/\/camping-houlgate.com\/wp-content\/uploads\/2023\/06\/cuisine_roulotte_maria_camping_de_la_plage_houlgate-300x114.jpeg 300w, https:\/\/camping-houlgate.com\/wp-content\/uploads\/2023\/06\/cuisine_roulotte_maria_camping_de_la_plage_houlgate-1024x389.jpeg 1024w, https:\/\/camping-houlgate.com\/wp-content\/uploads\/2023\/06\/cuisine_roulotte_maria_camping_de_la_plage_houlgate-768x292.jpeg 768w, https:\/\/camping-houlgate.com\/wp-content\/uploads\/2023\/06\/cuisine_roulotte_maria_camping_de_la_plage_houlgate-1536x584.jpeg 1536w\" sizes=\"(max-width: 1920px) 100vw, 1920px\" \/><\/figure>\n\n\n\n<figure class=\"wp-block-image size-full\"><img width=\"1920\" height=\"730\" src=\"https:\/\/camping-houlgate.com\/wp-content\/uploads\/2023\/06\/lit_roulotte_maria_camping_de_la_plage_houlgate.jpeg\" alt=\"\" class=\"wp-image-1028\" srcset=\"https:\/\/camping-houlgate.com\/wp-content\/uploads\/2023\/06\/lit_roulotte_maria_camping_de_la_plage_houlgate.jpeg 1920w, https:\/\/camping-houlgate.com\/wp-content\/uploads\/2023\/06\/lit_roulotte_maria_camping_de_la_plage_houlgate-300x114.jpeg 300w, https:\/\/camping-houlgate.com\/wp-content\/uploads\/2023\/06\/lit_roulotte_maria_camping_de_la_plage_houlgate-1024x389.jpeg 1024w, https:\/\/camping-houlgate.com\/wp-content\/uploads\/2023\/06\/lit_roulotte_maria_camping_de_la_plage_houlgate-768x292.jpeg 768w, https:\/\/camping-houlgate.com\/wp-content\/uploads\/2023\/06\/lit_roulotte_maria_camping_de_la_plage_houlgate-1536x584.jpeg 1536w\" sizes=\"(max-width: 1920px) 100vw, 1920px\" \/><\/figure>\n\n\n\n<figure class=\"wp-block-image size-full\"><img width=\"1920\" height=\"730\" src=\"https:\/\/camping-houlgate.com\/wp-content\/uploads\/2023\/06\/salon_roulotte_maria_camping_de_la_plage_houlgate.jpeg\" alt=\"\" class=\"wp-image-1034\" srcset=\"https:\/\/camping-houlgate.com\/wp-content\/uploads\/2023\/06\/salon_roulotte_maria_camping_de_la_plage_houlgate.jpeg 1920w, https:\/\/camping-houlgate.com\/wp-content\/uploads\/2023\/06\/salon_roulotte_maria_camping_de_la_plage_houlgate-300x114.jpeg 300w, https:\/\/camping-houlgate.com\/wp-content\/uploads\/2023\/06\/salon_roulotte_maria_camping_de_la_plage_houlgate-1024x389.jpeg 1024w, https:\/\/camping-houlgate.com\/wp-content\/uploads\/2023\/06\/salon_roulotte_maria_camping_de_la_plage_houlgate-768x292.jpeg 768w, https:\/\/camping-houlgate.com\/wp-content\/uploads\/2023\/06\/salon_roulotte_maria_camping_de_la_plage_houlgate-1536x584.jpeg 1536w\" sizes=\"(max-width: 1920px) 100vw, 1920px\" \/><\/figure>\n<\/figure>\n<\/div>\n\n\n\n<div class=\"wp-block-column is-vertically-aligned-center texte\">\n<p class=\"h3 has-vert-fonce-color has-text-color\">Wohnwagen Maria<\/p>\n\n\n\n<ul class=\"pictos small has-orange-color has-text-color\"><li><i class=\"fal fa-person\"><\/i>  2\/3 Personen<\/li><li><i class=\"fal fa-cube\"><\/i>  18 m\u00b2<\/li><li><i class=\"fal fa-shower\"><\/i>  1 Badezimmer<\/li><\/ul>\n\n\n\n<p>Maria oder Margarita? Zwei Zigeunerwagen voller Charme f\u00fcr einen originellen Urlaub am Fu\u00dfe der Str\u00e4nde des Calvados &#8230; wer sagt mehr? Die Zigeunerwagen sind komfortabel ausgestattet und bieten einen atemberaubenden Blick auf das Meer. Sie sind eine echte Einladung zum Reisen!<\/p>\n\n\n\n<div class=\"wp-container-69d7a27641b49 wp-block-buttons\">\n<div class=\"wp-block-button btn_resa\"><a class=\"wp-block-button__link\">Buchen<\/a><\/div>\n<\/div>\n<\/div>\n<\/div>\n<\/div><\/div>\n\n<div class=\"wp-block-media-text alignwide has-media-on-the-right is-stacked-on-mobile is-image-fill reverse-mob\"><figure class=\"wp-block-media-text__media\" style=\"background-image:url(https:\/\/camping-houlgate.com\/wp-content\/uploads\/2023\/07\/tipi1-1024x768.jpg);background-position:0% 50%\"><img width=\"1024\" height=\"768\" src=\"https:\/\/camping-houlgate.com\/wp-content\/uploads\/2023\/07\/tipi1-1024x768.jpg\" alt=\"\" class=\"wp-image-1292 size-full\" srcset=\"https:\/\/camping-houlgate.com\/wp-content\/uploads\/2023\/07\/tipi1-1024x768.jpg 1024w, https:\/\/camping-houlgate.com\/wp-content\/uploads\/2023\/07\/tipi1-300x225.jpg 300w, https:\/\/camping-houlgate.com\/wp-content\/uploads\/2023\/07\/tipi1-768x576.jpg 768w, https:\/\/camping-houlgate.com\/wp-content\/uploads\/2023\/07\/tipi1-1536x1152.jpg 1536w, https:\/\/camping-houlgate.com\/wp-content\/uploads\/2023\/07\/tipi1.jpg 2016w\" sizes=\"(max-width: 1024px) 100vw, 1024px\" \/><\/figure><div class=\"wp-block-media-text__content\">\n<h2 class=\"has-vert-fonce-color has-text-color\" id=\"tipis\">Tipis<\/h2>\n\n\n\n<ul class=\"pictos column--inline\"><li><i class=\"fal fa-person\"><\/i>  4 Personen<\/li><li><i class=\"fal fa-cube\"><\/i>  28 m\u00b2<\/li><li><i class=\"fal fa-bed-front\"><\/i>  1 Zimmer<\/li><\/ul>\n\n\n\n<p>Hier ist ein origineller und ungew\u00f6hnlicher Ort, um Ihren Urlaub zu verbringen! Die 3 Tipis des <strong>Campingplatzes *** de la Plage d&#8217;Houlgate<\/strong>, die f\u00fcr ihren geselligen Charakter und ihr einzigartiges Flair gesch\u00e4tzt werden, wurden so eingerichtet, dass sie Ihnen einen <strong>ungew\u00f6hnlichen<\/strong> und <strong>komfortablen<\/strong> Urlaub bieten.<\/p>\n\n\n\n<p>Bodenbelag, separate Zimmer f\u00fcr VIP-Tipis und Meerblick &#8230; Ein Urlaub wie ein Sioux &#8230;<\/p>\n\n\n\n<p>Entscheiden Sie sich f\u00fcr diese ungew\u00f6hnliche Unterkunft! Vermietung von <strong>28m2 gro\u00dfen Tipis<\/strong> in Houlgate. Mit Au\u00dfenterrasse und Chilienne, genie\u00dfen Sie Ihren Urlaub auf dem <strong>3 *** Camping de La plage<\/strong> in Houlgate.<\/p>\n\n\n\n<p>Entdecken Sie alle unsere 34m2 gro\u00dfen Mobilheim-Vermietungen. Genie\u00dfen Sie einen angenehmen Aufenthalt auf dem Camping de la Plage, indem Sie sich f\u00fcr dieses Mobilheim entscheiden.  <\/p>\n\n\n\n<div class=\"wp-container-69d7a27642229 wp-block-buttons\">\n<div class=\"wp-block-button btn_resa\"><a class=\"wp-block-button__link\">Buchen<\/a><\/div>\n<\/div>\n<\/div><\/div>\n\n<figure class=\"wp-block-gallery has-nested-images columns-4 diaporama-mob\">\n<figure class=\"wp-block-image size-large\"><img width=\"1024\" height=\"768\" data-id=\"1298\"  src=\"https:\/\/camping-houlgate.com\/wp-content\/uploads\/2023\/07\/tipi3-1024x768.jpg\" alt=\"\" class=\"wp-image-1298\" srcset=\"https:\/\/camping-houlgate.com\/wp-content\/uploads\/2023\/07\/tipi3-1024x768.jpg 1024w, https:\/\/camping-houlgate.com\/wp-content\/uploads\/2023\/07\/tipi3-300x225.jpg 300w, https:\/\/camping-houlgate.com\/wp-content\/uploads\/2023\/07\/tipi3-768x576.jpg 768w, https:\/\/camping-houlgate.com\/wp-content\/uploads\/2023\/07\/tipi3-1536x1152.jpg 1536w, https:\/\/camping-houlgate.com\/wp-content\/uploads\/2023\/07\/tipi3-2048x1536.jpg 2048w\" sizes=\"(max-width: 1024px) 100vw, 1024px\" \/><\/figure>\n\n\n\n<figure class=\"wp-block-image size-full\"><img width=\"2560\" height=\"1920\" data-id=\"1301\"  src=\"https:\/\/camping-houlgate.com\/wp-content\/uploads\/2023\/07\/tipi2-scaled.jpg\" alt=\"\" class=\"wp-image-1301\" srcset=\"https:\/\/camping-houlgate.com\/wp-content\/uploads\/2023\/07\/tipi2-scaled.jpg 2560w, https:\/\/camping-houlgate.com\/wp-content\/uploads\/2023\/07\/tipi2-300x225.jpg 300w, https:\/\/camping-houlgate.com\/wp-content\/uploads\/2023\/07\/tipi2-1024x768.jpg 1024w, https:\/\/camping-houlgate.com\/wp-content\/uploads\/2023\/07\/tipi2-768x576.jpg 768w, https:\/\/camping-houlgate.com\/wp-content\/uploads\/2023\/07\/tipi2-1536x1152.jpg 1536w, https:\/\/camping-houlgate.com\/wp-content\/uploads\/2023\/07\/tipi2-2048x1536.jpg 2048w\" sizes=\"(max-width: 2560px) 100vw, 2560px\" \/><\/figure>\n\n\n\n<figure class=\"wp-block-image size-large\"><img width=\"1024\" height=\"768\" data-id=\"1295\"  src=\"https:\/\/camping-houlgate.com\/wp-content\/uploads\/2023\/07\/tipi4-1024x768.jpg\" alt=\"\" class=\"wp-image-1295\" srcset=\"https:\/\/camping-houlgate.com\/wp-content\/uploads\/2023\/07\/tipi4-1024x768.jpg 1024w, https:\/\/camping-houlgate.com\/wp-content\/uploads\/2023\/07\/tipi4-300x225.jpg 300w, https:\/\/camping-houlgate.com\/wp-content\/uploads\/2023\/07\/tipi4-768x576.jpg 768w, https:\/\/camping-houlgate.com\/wp-content\/uploads\/2023\/07\/tipi4-1536x1152.jpg 1536w, https:\/\/camping-houlgate.com\/wp-content\/uploads\/2023\/07\/tipi4-2048x1536.jpg 2048w\" sizes=\"(max-width: 1024px) 100vw, 1024px\" \/><\/figure>\n\n\n\n<figure class=\"wp-block-image size-full\"><img width=\"2560\" height=\"1920\" data-id=\"1304\"  src=\"https:\/\/camping-houlgate.com\/wp-content\/uploads\/2023\/07\/tipi5-scaled.jpg\" alt=\"\" class=\"wp-image-1304\" srcset=\"https:\/\/camping-houlgate.com\/wp-content\/uploads\/2023\/07\/tipi5-scaled.jpg 2560w, https:\/\/camping-houlgate.com\/wp-content\/uploads\/2023\/07\/tipi5-300x225.jpg 300w, https:\/\/camping-houlgate.com\/wp-content\/uploads\/2023\/07\/tipi5-1024x768.jpg 1024w, https:\/\/camping-houlgate.com\/wp-content\/uploads\/2023\/07\/tipi5-768x576.jpg 768w, https:\/\/camping-houlgate.com\/wp-content\/uploads\/2023\/07\/tipi5-1536x1152.jpg 1536w, https:\/\/camping-houlgate.com\/wp-content\/uploads\/2023\/07\/tipi5-2048x1536.jpg 2048w\" sizes=\"(max-width: 2560px) 100vw, 2560px\" \/><\/figure>\n<\/figure>\n","protected":false},"excerpt":{"rendered":"<p>Wohnwagen Capucine 4 Personen 18 m\u00b2 1 Badezimmer Ein gem\u00fctlicher Zigeunerwagen f\u00fcr 4 Personen, eingebettet auf einem H\u00fcgel mit Blick auf das Meer &#8230; das reizt Sie? Die Zigeunerwagen sind komfortabel ausgestattet und bieten einen atemberaubenden Blick auf das Meer. Sie sind eine echte Einladung zum Reisen! Wohnwagen Margarita 4 Personen 21 m\u00b2 1 Badezimmer [&hellip;]<\/p>\n","protected":false},"author":1,"featured_media":0,"parent":0,"menu_order":0,"comment_status":"closed","ping_status":"closed","template":"","meta":[],"acf":[],"_links":{"self":[{"href":"https:\/\/camping-houlgate.com\/de\/wp-json\/wp\/v2\/pages\/1453"}],"collection":[{"href":"https:\/\/camping-houlgate.com\/de\/wp-json\/wp\/v2\/pages"}],"about":[{"href":"https:\/\/camping-houlgate.com\/de\/wp-json\/wp\/v2\/types\/page"}],"author":[{"embeddable":true,"href":"https:\/\/camping-houlgate.com\/de\/wp-json\/wp\/v2\/users\/1"}],"replies":[{"embeddable":true,"href":"https:\/\/camping-houlgate.com\/de\/wp-json\/wp\/v2\/comments?post=1453"}],"version-history":[{"count":6,"href":"https:\/\/camping-houlgate.com\/de\/wp-json\/wp\/v2\/pages\/1453\/revisions"}],"predecessor-version":[{"id":1972,"href":"https:\/\/camping-houlgate.com\/de\/wp-json\/wp\/v2\/pages\/1453\/revisions\/1972"}],"wp:attachment":[{"href":"https:\/\/camping-houlgate.com\/de\/wp-json\/wp\/v2\/media?parent=1453"}],"curies":[{"name":"wp","href":"https:\/\/api.w.org\/{rel}","templated":true}]}}