{"id":1459,"date":"2023-08-09T14:20:00","date_gmt":"2023-08-09T12:20:00","guid":{"rendered":"https:\/\/camping-houlgate.com\/tarife\/"},"modified":"2025-11-06T15:22:29","modified_gmt":"2025-11-06T14:22:29","slug":"tarife","status":"publish","type":"page","link":"https:\/\/camping-houlgate.com\/de\/tarife\/","title":{"rendered":"Tarife"},"content":{"rendered":"\n<div class=\"wp-block-cover alignfull is-light\"><span aria-hidden=\"true\" class=\"has-background-dim-0 wp-block-cover__gradient-background has-background-dim\"><\/span><img width=\"2016\" height=\"1512\" class=\"wp-block-cover__image-background wp-image-2224\" alt=\"\" src=\"https:\/\/camping-houlgate.com\/wp-content\/uploads\/2024\/10\/plage-falaises-des-vaches-noires.jpg\" style=\"object-position:57% 86%\" data-object-fit=\"cover\" data-object-position=\"57% 86%\" srcset=\"https:\/\/camping-houlgate.com\/wp-content\/uploads\/2024\/10\/plage-falaises-des-vaches-noires.jpg 2016w, https:\/\/camping-houlgate.com\/wp-content\/uploads\/2024\/10\/plage-falaises-des-vaches-noires-300x225.jpg 300w, https:\/\/camping-houlgate.com\/wp-content\/uploads\/2024\/10\/plage-falaises-des-vaches-noires-1024x768.jpg 1024w, https:\/\/camping-houlgate.com\/wp-content\/uploads\/2024\/10\/plage-falaises-des-vaches-noires-768x576.jpg 768w, https:\/\/camping-houlgate.com\/wp-content\/uploads\/2024\/10\/plage-falaises-des-vaches-noires-1536x1152.jpg 1536w\" sizes=\"(max-width: 2016px) 100vw, 2016px\" \/><div class=\"wp-block-cover__inner-container\">\n<h1 class=\"has-text-align-center has-vert-fond-color has-text-color\" id=\"tarifs\">Tarife<\/h1>\n<\/div><\/div>\n\n<div class=\"wp-block-media-text alignwide has-media-on-the-right is-stacked-on-mobile is-image-fill\"><figure class=\"wp-block-media-text__media\" style=\"background-image:url(https:\/\/camping-houlgate.com\/wp-content\/uploads\/2024\/10\/IMG_9802-002-1-768x1024.jpg);background-position:50% 50%\"><img width=\"768\" height=\"1024\" src=\"https:\/\/camping-houlgate.com\/wp-content\/uploads\/2024\/10\/IMG_9802-002-1-768x1024.jpg\" alt=\"\" class=\"wp-image-2252 size-full\" srcset=\"https:\/\/camping-houlgate.com\/wp-content\/uploads\/2024\/10\/IMG_9802-002-1-768x1024.jpg 768w, https:\/\/camping-houlgate.com\/wp-content\/uploads\/2024\/10\/IMG_9802-002-1-225x300.jpg 225w, https:\/\/camping-houlgate.com\/wp-content\/uploads\/2024\/10\/IMG_9802-002-1-1152x1536.jpg 1152w, https:\/\/camping-houlgate.com\/wp-content\/uploads\/2024\/10\/IMG_9802-002-1-rotated.jpg 1512w\" sizes=\"(max-width: 768px) 100vw, 768px\" \/><\/figure><div class=\"wp-block-media-text__content\">\n<h2 class=\"has-vert-fonce-color has-text-color\" id=\"vous-trouverez-ici-les-tarifs-2026-du-camping-de-la-plage\">Hier finden Sie die Preise 2026 f\u00fcr den Strandcampingplatz.<\/h2>\n\n\n\n<p>Z\u00f6gern Sie nicht, uns direkt zu kontaktieren, um weitere Informationen zur Organisation Ihres Aufenthalts zu erhalten.<\/p>\n\n\n\n<ul class=\"pictos small\"><li><i class=\"fal fa-arrow-down-to-line\"><\/i> <a href=\"https:\/\/camping-houlgate.com\/wp-content\/uploads\/2025\/11\/Tarif-Location-Semaine-2026.pdf\" target=\"_blank\" rel=\"noopener\">Tarife Vermietung Woche 2026<\/a><\/li><li><i class=\"fal fa-arrow-down-to-line\"><\/i> <a href=\"https:\/\/camping-houlgate.com\/wp-content\/uploads\/2025\/11\/Tarif-Location-Week-end-et-Mid-week-2026.pdf\" target=\"_blank\" rel=\"noopener\">Tarife f\u00fcr das Wochenende 2026<\/a><\/li><li><i class=\"fal fa-arrow-down-to-line\"><\/i> <a href=\"https:\/\/camping-houlgate.com\/wp-content\/uploads\/2025\/11\/Tarif-Emplacement-2026.pdf\" target=\"_blank\" rel=\"noopener\">Tarife Stellplatz 2026<\/a><\/li><\/ul>\n\n\n\n<p>Wenn Sie Ihre Wahl getroffen haben, finden Sie in der Rubrik &#8222;Zum Herunterladen&#8220; alle n\u00fctzlichen Dokumente, um Ihre Buchung zu best\u00e4tigen und Ihren Aufenthalt vorzubereiten:<\/p>\n\n\n\n<ul class=\"pictos small\"><li><i class=\"fal fa-arrow-down-to-line\"><\/i> <a href=\"https:\/\/camping-houlgate.com\/wp-content\/uploads\/2024\/11\/Plan-camping-2025.pdf\" target=\"_blank\" rel=\"noopener\">Plan des Camps<\/a><\/li><li><i class=\"fal fa-arrow-down-to-line\"><\/i> <a href=\"https:\/\/camping-houlgate.com\/wp-content\/uploads\/2024\/01\/Meetch-Visuel-DE.pdf\" target=\"_blank\" rel=\"noopener\">Stornoversicherung<\/a><\/li><li><i class=\"fal fa-arrow-down-to-line\"><\/i> <a href=\"https:\/\/camping-houlgate.com\/wp-content\/uploads\/2026\/03\/GENERAL-TERMS-AND-CONDITIONS-OF-SALE.pdf\" target=\"_blank\" rel=\"noopener\">AGB<\/a><\/li><\/ul>\n\n\n\n<div class=\"wp-container-69e0f739989a5 wp-block-buttons\">\n<div class=\"wp-block-button btn_resa\"><a class=\"wp-block-button__link\">Buchen<\/a><\/div>\n<\/div>\n<\/div><\/div>\n\n<div class=\"wp-block-media-text alignwide is-stacked-on-mobile\"><figure class=\"wp-block-media-text__media\"><img width=\"1024\" height=\"768\" src=\"https:\/\/camping-houlgate.com\/wp-content\/uploads\/2023\/06\/accueil_camping_de_la_plage_houlgate_2021-1024x768.jpeg\" alt=\"\" class=\"wp-image-833 size-full\" srcset=\"https:\/\/camping-houlgate.com\/wp-content\/uploads\/2023\/06\/accueil_camping_de_la_plage_houlgate_2021-1024x768.jpeg 1024w, https:\/\/camping-houlgate.com\/wp-content\/uploads\/2023\/06\/accueil_camping_de_la_plage_houlgate_2021-300x225.jpeg 300w, https:\/\/camping-houlgate.com\/wp-content\/uploads\/2023\/06\/accueil_camping_de_la_plage_houlgate_2021-768x576.jpeg 768w, https:\/\/camping-houlgate.com\/wp-content\/uploads\/2023\/06\/accueil_camping_de_la_plage_houlgate_2021-1536x1152.jpeg 1536w, https:\/\/camping-houlgate.com\/wp-content\/uploads\/2023\/06\/accueil_camping_de_la_plage_houlgate_2021.jpeg 2016w\" sizes=\"(max-width: 1024px) 100vw, 1024px\" \/><\/figure><div class=\"wp-block-media-text__content\">\n<p class=\"h2 has-vert-fonce-color has-text-color\">Entdecken Sie Meetch<\/p>\n\n\n\n<p>Der Campingplatz <strong>empfiehlt Ihnen dringend, die Reiser\u00fccktrittsversicherung \u201eMEETCH\u201c abzuschlie\u00dfen,<\/strong> die zahlreiche Stornierungsgr\u00fcnde abdeckt. Sein Betrag ist <strong>vollst\u00e4ndig und nur bei der Buchung zu zahlen<\/strong>. Sie kommt zur Anzahlung hinzu und betrifft die Personen, die f\u00fcr den Aufenthalt auf dem Mietvertrag eingetragen sind. Der Betrag bel\u00e4uft sich auf <strong>5 % des Aufenthaltspreises.<\/strong> Im Falle einer Stornierung Ihres Aufenthalts wird MEETCH Ihre Unterlagen pr\u00fcfen und Ihnen die gezahlten Betr\u00e4ge innerhalb von 48 Stunden zur\u00fcckerstatten.<\/p>\n\n\n\n<ul class=\"pictos small\"><li><i class=\"fal fa-arrow-down-to-line\"><\/i> <a href=\"https:\/\/camping-houlgate.com\/wp-content\/uploads\/2024\/11\/Plan-camping-2025.pdf\" target=\"_blank\" rel=\"noopener\">Plan des Camps<\/a><\/li><li><i class=\"fal fa-arrow-down-to-line\"><\/i> <a href=\"https:\/\/camping-houlgate.com\/wp-content\/uploads\/2024\/01\/DE-IPID-NI-2024.pdf\" target=\"_blank\" rel=\"noopener\">Merkblatt<\/a><\/li><\/ul>\n\n\n\n<p>Bei Vertr\u00e4gen ohne Reiser\u00fccktrittsversicherung erfolgt <strong>keine R\u00fcckerstattung und der Restbetrag bleibt f\u00e4llig.<\/strong><\/p>\n\n\n\n<p>Bis bald!<\/p>\n\n\n\n<div class=\"wp-container-69e0f73998d31 wp-block-buttons\">\n<div class=\"wp-block-button btn_resa\"><a class=\"wp-block-button__link\">Buchen<\/a><\/div>\n<\/div>\n<\/div><\/div>\n","protected":false},"excerpt":{"rendered":"","protected":false},"author":1,"featured_media":0,"parent":0,"menu_order":0,"comment_status":"closed","ping_status":"closed","template":"","meta":[],"acf":[],"_links":{"self":[{"href":"https:\/\/camping-houlgate.com\/de\/wp-json\/wp\/v2\/pages\/1459"}],"collection":[{"href":"https:\/\/camping-houlgate.com\/de\/wp-json\/wp\/v2\/pages"}],"about":[{"href":"https:\/\/camping-houlgate.com\/de\/wp-json\/wp\/v2\/types\/page"}],"author":[{"embeddable":true,"href":"https:\/\/camping-houlgate.com\/de\/wp-json\/wp\/v2\/users\/1"}],"replies":[{"embeddable":true,"href":"https:\/\/camping-houlgate.com\/de\/wp-json\/wp\/v2\/comments?post=1459"}],"version-history":[{"count":3,"href":"https:\/\/camping-houlgate.com\/de\/wp-json\/wp\/v2\/pages\/1459\/revisions"}],"predecessor-version":[{"id":2940,"href":"https:\/\/camping-houlgate.com\/de\/wp-json\/wp\/v2\/pages\/1459\/revisions\/2940"}],"wp:attachment":[{"href":"https:\/\/camping-houlgate.com\/de\/wp-json\/wp\/v2\/media?parent=1459"}],"curies":[{"name":"wp","href":"https:\/\/api.w.org\/{rel}","templated":true}]}}