{"id":1461,"date":"2023-08-09T14:25:33","date_gmt":"2023-08-09T12:25:33","guid":{"rendered":"https:\/\/camping-houlgate.com\/umgebung\/die-freiluftaktivitaeten-in-der-calvados\/"},"modified":"2023-12-13T17:42:11","modified_gmt":"2023-12-13T16:42:11","slug":"die-freiluftaktivitaeten-in-der-calvados","status":"publish","type":"page","link":"https:\/\/camping-houlgate.com\/de\/umgebung\/die-freiluftaktivitaeten-in-der-calvados\/","title":{"rendered":"Outdoor-Aktivit\u00e4ten im Calvados"},"content":{"rendered":"\n<h1 class=\"has-text-align-center has-vert-fonce-color has-text-color\" id=\"les-activites-de-plein-air-dans-le-calvados\">Outdoor-Aktivit\u00e4ten im Calvados<\/h1>\n\n<div class=\"wp-block-media-text alignwide is-stacked-on-mobile is-vertically-aligned-center\"><figure class=\"wp-block-media-text__media\"><img width=\"1024\" height=\"768\" src=\"https:\/\/camping-houlgate.com\/wp-content\/uploads\/2023\/12\/Velo-Emmanuel-Berthier-Calvados-Attractivite-1024x768.jpg\" alt=\"v\u00e9lo-calvados-normandie\" class=\"wp-image-1831 size-full\" srcset=\"https:\/\/camping-houlgate.com\/wp-content\/uploads\/2023\/12\/Velo-Emmanuel-Berthier-Calvados-Attractivite-1024x768.jpg 1024w, https:\/\/camping-houlgate.com\/wp-content\/uploads\/2023\/12\/Velo-Emmanuel-Berthier-Calvados-Attractivite-300x225.jpg 300w, https:\/\/camping-houlgate.com\/wp-content\/uploads\/2023\/12\/Velo-Emmanuel-Berthier-Calvados-Attractivite-768x576.jpg 768w, https:\/\/camping-houlgate.com\/wp-content\/uploads\/2023\/12\/Velo-Emmanuel-Berthier-Calvados-Attractivite-1536x1152.jpg 1536w, https:\/\/camping-houlgate.com\/wp-content\/uploads\/2023\/12\/Velo-Emmanuel-Berthier-Calvados-Attractivite.jpg 2048w\" sizes=\"(max-width: 1024px) 100vw, 1024px\" \/><\/figure><div class=\"wp-block-media-text__content\">\n<h2 class=\"has-vert-fonce-color has-text-color\" id=\"les-balades-a-velo\">Fahrradtouren<\/h2>\n\n\n\n<p>Erkundet 8 Kilometer entlang der K\u00fcste zwischen Longues-sur-Mer und Arromanches. W\u00e4hrend der gesamten Reise k\u00f6nnen Sie einen au\u00dfergew\u00f6hnlichen Blick auf das Meer und den Strand genie\u00dfen. Amateure, Begeisterte, Sportler &#8211; hier kommt jeder auf seine Kosten!<\/p>\n\n\n\n<p><a href=\"https:\/\/www.calvados-tourisme.com\/creez-votre-balade-velo\/\" target=\"_blank\" rel=\"noreferrer noopener\">Alle Fahrradwege im Calvados<\/a><\/p>\n<\/div><\/div>\n\n<div class=\"wp-container-69d085728904a wp-block-group alignfull has-bleu-fond-background-color has-background\"><div class=\"wp-block-group__inner-container\">\n<div class=\"wp-block-media-text alignwide has-media-on-the-right is-stacked-on-mobile is-vertically-aligned-center\"><figure class=\"wp-block-media-text__media\"><img width=\"1024\" height=\"768\" src=\"https:\/\/camping-houlgate.com\/wp-content\/uploads\/2023\/12\/Canoe-Camille-Plichard-OTINCPA-1024x768.jpg\" alt=\"cano\u00eb-activit\u00e9-nautique-calvados\" class=\"wp-image-1825 size-full\" srcset=\"https:\/\/camping-houlgate.com\/wp-content\/uploads\/2023\/12\/Canoe-Camille-Plichard-OTINCPA-1024x768.jpg 1024w, https:\/\/camping-houlgate.com\/wp-content\/uploads\/2023\/12\/Canoe-Camille-Plichard-OTINCPA-300x225.jpg 300w, https:\/\/camping-houlgate.com\/wp-content\/uploads\/2023\/12\/Canoe-Camille-Plichard-OTINCPA-768x576.jpg 768w, https:\/\/camping-houlgate.com\/wp-content\/uploads\/2023\/12\/Canoe-Camille-Plichard-OTINCPA-1536x1152.jpg 1536w, https:\/\/camping-houlgate.com\/wp-content\/uploads\/2023\/12\/Canoe-Camille-Plichard-OTINCPA.jpg 2048w\" sizes=\"(max-width: 1024px) 100vw, 1024px\" \/><\/figure><div class=\"wp-block-media-text__content\">\n<h2 class=\"has-vert-fonce-color has-text-color\" id=\"le-kayak-pour-une-ambiance-sauvage\">Kajakfahren f\u00fcr eine wilde Atmosph\u00e4re<\/h2>\n\n\n\n<p>Die Ruhe der Natur, die V\u00f6gel im Vogelschutzgebiet und sanfter Sport&#8230; Das ist nur ein kleiner Einblick in das, was Sie bei einem Spaziergang an der M\u00fcndung der Orne erwartet.<\/p>\n\n\n\n<p>Der Club de Voile et Pagaie de Franceville h\u00e4lt f\u00fcr die \u00d6ffentlichkeit alle Arten von Wassersportaktivit\u00e4ten bereit. Ab April k\u00f6nnen Sie mit den Lehrern des Clubs auf eine Entdeckungsreise durch die Flussm\u00fcndung gehen, wenn Sie einen Wasserausflug mit verschiedenen Wassersportger\u00e4ten machen: Kajak, Stand up Paddle oder Piroge.<\/p>\n<\/div><\/div>\n<\/div><\/div>\n\n<div class=\"wp-block-media-text alignwide is-stacked-on-mobile is-vertically-aligned-center\"><figure class=\"wp-block-media-text__media\"><img width=\"1024\" height=\"768\" src=\"https:\/\/camping-houlgate.com\/wp-content\/uploads\/2023\/12\/Falaises-des-Vaches-Noires-Sylvain-Guichard-Calvados-Attractivite-1024x768.jpg\" alt=\"falaises-des-vaches-noires-calvados\" class=\"wp-image-1882 size-full\" srcset=\"https:\/\/camping-houlgate.com\/wp-content\/uploads\/2023\/12\/Falaises-des-Vaches-Noires-Sylvain-Guichard-Calvados-Attractivite-1024x768.jpg 1024w, https:\/\/camping-houlgate.com\/wp-content\/uploads\/2023\/12\/Falaises-des-Vaches-Noires-Sylvain-Guichard-Calvados-Attractivite-300x225.jpg 300w, https:\/\/camping-houlgate.com\/wp-content\/uploads\/2023\/12\/Falaises-des-Vaches-Noires-Sylvain-Guichard-Calvados-Attractivite-768x576.jpg 768w, https:\/\/camping-houlgate.com\/wp-content\/uploads\/2023\/12\/Falaises-des-Vaches-Noires-Sylvain-Guichard-Calvados-Attractivite-1536x1152.jpg 1536w, https:\/\/camping-houlgate.com\/wp-content\/uploads\/2023\/12\/Falaises-des-Vaches-Noires-Sylvain-Guichard-Calvados-Attractivite.jpg 2048w\" sizes=\"(max-width: 1024px) 100vw, 1024px\" \/><\/figure><div class=\"wp-block-media-text__content\">\n<h2 class=\"has-vert-fonce-color has-text-color\" id=\"une-douce-balade-pour-tous\">Ein s\u00fc\u00dfer Spaziergang f\u00fcr alle<\/h2>\n\n\n\n<p>Spazierg\u00e4nge oder Wanderungen? Machen Sie sich zu Fu\u00df auf den Weg, um die versteckten Ecken des Calvados zu entdecken. Im Calvados k\u00f6nnen Sie Rund- oder Wandertouren unternehmen, um Wege am Meer oder reizvolle Landwege zu erkunden. F\u00fcr sch\u00f6ne Besichtigungen, allein oder in Gesellschaft, nehmen Sie sich w\u00e4hrend Ihres Aufenthalts auf dem Campingplatz Zeit zum Wandern und Spazierengehen.<\/p>\n\n\n\n<p>Gehen Sie auf Entdeckungsreise durch ungeahnte Landschaften und g\u00f6nnen Sie sich unvergessliche Momente mit der ganzen Familie. Ziehen Sie Ihre Wanderschuhe an. Keine Sorge, die Kinder werden schon einen Ausgang finden, der ihren kurzen Beinen gerecht wird!<\/p>\n\n\n\n<p>Unsere Lieblingsspazierg\u00e4nge :<\/p>\n\n\n\n<ul><li>Gro\u00dfer Parcours im Wald von Ifs<\/li><li>Naturpfad an den Ufern der Orne<\/li><li>Der Weg zur Mine<\/li><li>Die Ufer der Orne<\/li><li>Auf den Spuren von Marie Joly<\/li><\/ul>\n<\/div><\/div>\n\n<div class=\"wp-container-69d0857289491 wp-block-group alignfull has-vert-fonce-background-color has-background\"><div class=\"wp-block-group__inner-container\">\n<div class=\"wp-block-media-text alignwide has-media-on-the-right is-stacked-on-mobile is-vertically-aligned-center\"><figure class=\"wp-block-media-text__media\"><img width=\"1024\" height=\"768\" src=\"https:\/\/camping-houlgate.com\/wp-content\/uploads\/2023\/12\/Char-a-voile-Vincent-Rustel-Calvados-Attractivite-1024x768.jpg\" alt=\"char-\u00e0-voile-plage-normandie\" class=\"wp-image-1819 size-full\" srcset=\"https:\/\/camping-houlgate.com\/wp-content\/uploads\/2023\/12\/Char-a-voile-Vincent-Rustel-Calvados-Attractivite-1024x768.jpg 1024w, https:\/\/camping-houlgate.com\/wp-content\/uploads\/2023\/12\/Char-a-voile-Vincent-Rustel-Calvados-Attractivite-300x225.jpg 300w, https:\/\/camping-houlgate.com\/wp-content\/uploads\/2023\/12\/Char-a-voile-Vincent-Rustel-Calvados-Attractivite-768x576.jpg 768w, https:\/\/camping-houlgate.com\/wp-content\/uploads\/2023\/12\/Char-a-voile-Vincent-Rustel-Calvados-Attractivite-1536x1152.jpg 1536w, https:\/\/camping-houlgate.com\/wp-content\/uploads\/2023\/12\/Char-a-voile-Vincent-Rustel-Calvados-Attractivite.jpg 2048w\" sizes=\"(max-width: 1024px) 100vw, 1024px\" \/><\/figure><div class=\"wp-block-media-text__content\">\n<h2 class=\"has-vert-fonce-color has-text-color\" id=\"une-aventure-en-char-a-voile\">Ein Abenteuer im Strandsegler<\/h2>\n\n\n\n<p>Es kann fast das ganze Jahr \u00fcber praktiziert werden und ist DER Wassersport, der f\u00fcr alle zug\u00e4nglich ist. Ein Muss w\u00e4hrend Ihres Aufenthalts im Calvados, das Geschwindigkeit, frische Luft und Lachen miteinander verbindet. Der positive Aspekt? Daf\u00fcr braucht man keine zwei Stunden Training!<\/p>\n\n\n\n<p>Das Meer ist niedrig, machen Sie sich bereit f\u00fcr eine Einf\u00fchrung in das Strandsegeln in der Normandie. Vom Wind \u00fcber kilometerlange, feine Sandstr\u00e4nde getragen, mit dem Meer als einzigem Horizont &#8211; Strandsegeln wird Sie auf Reisen schicken! Dies ist die ideale Aktivit\u00e4t f\u00fcr alle, die sich an der frischen Luft bewegen und etwas erleben m\u00f6chten. Sie k\u00f6nnen es leicht mit der ganzen Familie praktizieren, da die Aktivit\u00e4t ab 5 Jahren zug\u00e4nglich ist.<\/p>\n<\/div><\/div>\n<\/div><\/div>\n","protected":false},"excerpt":{"rendered":"<p>Outdoor-Aktivit\u00e4ten im Calvados Fahrradtouren Erkundet 8 Kilometer entlang der K\u00fcste zwischen Longues-sur-Mer und Arromanches. W\u00e4hrend der gesamten Reise k\u00f6nnen Sie einen au\u00dfergew\u00f6hnlichen Blick auf das Meer und den Strand genie\u00dfen. Amateure, Begeisterte, Sportler &#8211; hier kommt jeder auf seine Kosten! Alle Fahrradwege im Calvados Kajakfahren f\u00fcr eine wilde Atmosph\u00e4re Die Ruhe der Natur, die V\u00f6gel [&hellip;]<\/p>\n","protected":false},"author":1,"featured_media":0,"parent":1389,"menu_order":0,"comment_status":"closed","ping_status":"closed","template":"","meta":[],"acf":[],"_links":{"self":[{"href":"https:\/\/camping-houlgate.com\/de\/wp-json\/wp\/v2\/pages\/1461"}],"collection":[{"href":"https:\/\/camping-houlgate.com\/de\/wp-json\/wp\/v2\/pages"}],"about":[{"href":"https:\/\/camping-houlgate.com\/de\/wp-json\/wp\/v2\/types\/page"}],"author":[{"embeddable":true,"href":"https:\/\/camping-houlgate.com\/de\/wp-json\/wp\/v2\/users\/1"}],"replies":[{"embeddable":true,"href":"https:\/\/camping-houlgate.com\/de\/wp-json\/wp\/v2\/comments?post=1461"}],"version-history":[{"count":4,"href":"https:\/\/camping-houlgate.com\/de\/wp-json\/wp\/v2\/pages\/1461\/revisions"}],"predecessor-version":[{"id":1903,"href":"https:\/\/camping-houlgate.com\/de\/wp-json\/wp\/v2\/pages\/1461\/revisions\/1903"}],"up":[{"embeddable":true,"href":"https:\/\/camping-houlgate.com\/de\/wp-json\/wp\/v2\/pages\/1389"}],"wp:attachment":[{"href":"https:\/\/camping-houlgate.com\/de\/wp-json\/wp\/v2\/media?parent=1461"}],"curies":[{"name":"wp","href":"https:\/\/api.w.org\/{rel}","templated":true}]}}