{"id":1481,"date":"2023-08-09T14:29:40","date_gmt":"2023-08-09T12:29:40","guid":{"rendered":"https:\/\/camping-houlgate.com\/umgebung\/wassersport\/"},"modified":"2023-08-09T14:29:41","modified_gmt":"2023-08-09T12:29:41","slug":"wassersport","status":"publish","type":"page","link":"https:\/\/camping-houlgate.com\/de\/umgebung\/wassersport\/","title":{"rendered":"Wassersport"},"content":{"rendered":"\n<h1 class=\"has-text-align-center has-vert-fonce-color has-text-color\" id=\"sports-nautiques\">Wassersport<\/h1>\n\n<div class=\"wp-block-media-text alignwide is-stacked-on-mobile is-vertically-aligned-center\"><figure class=\"wp-block-media-text__media\"><img width=\"1024\" height=\"683\" src=\"https:\/\/camping-houlgate.com\/wp-content\/uploads\/2023\/06\/steve-donoghue-ynRImHi8LnY-unsplash-1024x683.jpg\" alt=\"\" class=\"wp-image-1092 size-full\" srcset=\"https:\/\/camping-houlgate.com\/wp-content\/uploads\/2023\/06\/steve-donoghue-ynRImHi8LnY-unsplash-1024x683.jpg 1024w, https:\/\/camping-houlgate.com\/wp-content\/uploads\/2023\/06\/steve-donoghue-ynRImHi8LnY-unsplash-300x200.jpg 300w, https:\/\/camping-houlgate.com\/wp-content\/uploads\/2023\/06\/steve-donoghue-ynRImHi8LnY-unsplash-768x512.jpg 768w, https:\/\/camping-houlgate.com\/wp-content\/uploads\/2023\/06\/steve-donoghue-ynRImHi8LnY-unsplash-1536x1024.jpg 1536w, https:\/\/camping-houlgate.com\/wp-content\/uploads\/2023\/06\/steve-donoghue-ynRImHi8LnY-unsplash-2048x1365.jpg 2048w\" sizes=\"(max-width: 1024px) 100vw, 1024px\" \/><\/figure><div class=\"wp-block-media-text__content\">\n<h2 class=\"has-vert-fonce-color has-text-color\" id=\"activites-nautiques\">Wassersportliche Aktivit\u00e4ten<\/h2>\n\n\n\n<p>Kilometerlange, feine <strong>Sandstr\u00e4nde<\/strong>, die den Winden gut ausgesetzt sind: <strong>Houlgate<\/strong> ist der ideale Ort, um den <strong>Wind in die Segel zu setzen<\/strong> und sich ein paar sch\u00f6ne Erlebnisse auf dem <strong>Wasser zu g\u00f6nnen<\/strong>: <strong>Kitsurfen<\/strong>, <strong>Wasserski<\/strong>, <strong>gezogene Bojen<\/strong>, <strong>Windsurfbretter<\/strong>, <strong>Katamarane<\/strong> und <strong>Kajaks<\/strong>.<\/p>\n\n\n\n<p>Eine gro\u00dfe Auswahl an Anbietern, um die Freuden des Skifahrens zu entdecken: einige gute Adressen, um Ihren Aufenthalt vorzubereiten&#8230;<\/p>\n<\/div><\/div>\n\n<div class=\"wp-container-69df3129ef3c0 wp-block-group alignfull has-bleu-fond-background-color has-background\"><div class=\"wp-block-group__inner-container\">\n<div class=\"wp-block-media-text alignwide has-media-on-the-right is-stacked-on-mobile is-vertically-aligned-center\"><figure class=\"wp-block-media-text__media\"><img width=\"819\" height=\"1024\" src=\"https:\/\/camping-houlgate.com\/wp-content\/uploads\/2023\/06\/renan-brun-hyJl7Ou5m2Y-unsplash-819x1024.jpg\" alt=\"\" class=\"wp-image-1089 size-full\" srcset=\"https:\/\/camping-houlgate.com\/wp-content\/uploads\/2023\/06\/renan-brun-hyJl7Ou5m2Y-unsplash-819x1024.jpg 819w, https:\/\/camping-houlgate.com\/wp-content\/uploads\/2023\/06\/renan-brun-hyJl7Ou5m2Y-unsplash-240x300.jpg 240w, https:\/\/camping-houlgate.com\/wp-content\/uploads\/2023\/06\/renan-brun-hyJl7Ou5m2Y-unsplash-768x960.jpg 768w, https:\/\/camping-houlgate.com\/wp-content\/uploads\/2023\/06\/renan-brun-hyJl7Ou5m2Y-unsplash-1229x1536.jpg 1229w, https:\/\/camping-houlgate.com\/wp-content\/uploads\/2023\/06\/renan-brun-hyJl7Ou5m2Y-unsplash-1638x2048.jpg 1638w, https:\/\/camping-houlgate.com\/wp-content\/uploads\/2023\/06\/renan-brun-hyJl7Ou5m2Y-unsplash-scaled.jpg 2048w\" sizes=\"(max-width: 819px) 100vw, 819px\" \/><\/figure><div class=\"wp-block-media-text__content\">\n<h2 class=\"has-vert-fonce-color has-text-color\" id=\"kitesurf\">Kitesurfen<\/h2>\n\n\n\n<ul><li><strong>Kitesurfschule <\/strong>&#8211; <strong>\n  <a rel=\"noreferrer noopener\" href=\"http:\/\/www.kiteparadise.fr\/\" target=\"_blank\">Kiteparadise<\/a>\n<\/strong> &#8211; Houlgate &#8211;<\/li><li>06 72 17 35 74 &#8211; <a rel=\"noreferrer noopener\" href=\"mailto:contact@kiteparadise.fr\" target=\"_blank\">contact@kiteparadise.fr<\/a><\/li><\/ul>\n\n\n<p>Zwischen Meer und Luft k\u00f6nnen Sie an einem Strand, der ideal zum Lernen ist, alle Gleitaktivit\u00e4ten entdecken. Sensationen garantiert<strong>. Ab 8 Jahren<\/strong>.<\/p>\n\n\n\n<p>In den Kursen &#8222;Einf\u00fchrung&#8220; lernen Sie, wie man einen Kitesurf-Kite steuert, in den Kursen &#8222;Perfektion&#8220; werden Sie selbstst\u00e4ndig, beginnen mit dem Windschattenfahren und wagen Ihre ersten Spr\u00fcnge, und in den Kursen &#8222;Entdeckung&#8220; k\u00f6nnen Sie die Aktivit\u00e4t einen halben Tag lang ausprobieren. Die Schule ist vom <strong>15. M\u00e4rz bis zum 15. November<\/strong> t\u00e4glich ge\u00f6ffnet. und sie ist 500 m vom Campingplatz entfernt<\/p>\n<\/div><\/div>\n<\/div><\/div>\n\n<div class=\"wp-block-media-text alignwide is-stacked-on-mobile is-vertically-aligned-center\"><figure class=\"wp-block-media-text__media\"><img width=\"683\" height=\"1024\" src=\"https:\/\/camping-houlgate.com\/wp-content\/uploads\/2023\/06\/tim-de-winter-cDOXSgXgmr8-unsplash-683x1024.jpg\" alt=\"\" class=\"wp-image-1095 size-full\" srcset=\"https:\/\/camping-houlgate.com\/wp-content\/uploads\/2023\/06\/tim-de-winter-cDOXSgXgmr8-unsplash-683x1024.jpg 683w, https:\/\/camping-houlgate.com\/wp-content\/uploads\/2023\/06\/tim-de-winter-cDOXSgXgmr8-unsplash-200x300.jpg 200w, https:\/\/camping-houlgate.com\/wp-content\/uploads\/2023\/06\/tim-de-winter-cDOXSgXgmr8-unsplash-768x1152.jpg 768w, https:\/\/camping-houlgate.com\/wp-content\/uploads\/2023\/06\/tim-de-winter-cDOXSgXgmr8-unsplash-1024x1536.jpg 1024w, https:\/\/camping-houlgate.com\/wp-content\/uploads\/2023\/06\/tim-de-winter-cDOXSgXgmr8-unsplash-1365x2048.jpg 1365w, https:\/\/camping-houlgate.com\/wp-content\/uploads\/2023\/06\/tim-de-winter-cDOXSgXgmr8-unsplash-scaled.jpg 1707w\" sizes=\"(max-width: 683px) 100vw, 683px\" \/><\/figure><div class=\"wp-block-media-text__content\">\n<h2 class=\"has-vert-fonce-color has-text-color\" id=\"base-nautique\">Wassersportbasis<\/h2>\n\n\n\n<ul><li><strong>Wasserski, Babyski, Mono-Ski und und Wake Board <\/strong>-. <a href=\"http:\/\/www.kiteparadise.fr\/\" target=\"_blank\" rel=\"noreferrer noopener\">\n  <strong>Kiteparadise<\/strong>\n<\/a> &#8211; Houlgate &#8211; 06 72 17 35 74<\/li><li><strong>Boje und Banane verfolgt.  <\/strong>T\u00e4glich im Juli und August; an den Wochenenden im Juni und September.<\/li><li><strong>Segelschule <\/strong>Dives sur mer, 14160 Dives sur mer \/ <strong>02 31 91 43 14<\/strong><\/li><li><strong><a href=\"http:\/\/www.cc-estuairedeladives.fr\/\" target=\"_blank\" rel=\"noreferrer noopener\">Wassersportzentrum in Houlgate<\/a> &#8211; <\/strong>am Strand \u00f6stlich des Casinos<\/li><li><strong>06 25 71 25 94 oder 02 31 91 43 14<\/strong><\/li><\/ul>\n\n\n<p>Liegt am Strand \u00f6stlich des Kasinos und ist im Juli und August t\u00e4glich von 9:00 bis 18:00 Uhr ge\u00f6ffnet. Verleih, Privatunterricht und Kurse f\u00fcr Windsurfen und Katamaran. Verleih von Einzel- und Doppelkajaks und Stand-up-Paddle-Boards.<\/p>\n\n\n\n<p><strong>Mehr Infos \u00fcber <a href=\"http:\/\/www.cc-estuairedeladives.fr\/Activites-nautiques\/Toutes-les-activites-nautiques\" target=\"_blank\" rel=\"noreferrer noopener\">Wassersportaktivit\u00e4ten Dives-sur-Mer<\/a><\/strong><\/p>\n<\/div><\/div>\n","protected":false},"excerpt":{"rendered":"<p>Wassersport Wassersportliche Aktivit\u00e4ten Kilometerlange, feine Sandstr\u00e4nde, die den Winden gut ausgesetzt sind: Houlgate ist der ideale Ort, um den Wind in die Segel zu setzen und sich ein paar sch\u00f6ne Erlebnisse auf dem Wasser zu g\u00f6nnen: Kitsurfen, Wasserski, gezogene Bojen, Windsurfbretter, Katamarane und Kajaks. Eine gro\u00dfe Auswahl an Anbietern, um die Freuden des Skifahrens zu [&hellip;]<\/p>\n","protected":false},"author":1,"featured_media":0,"parent":1389,"menu_order":0,"comment_status":"closed","ping_status":"closed","template":"","meta":[],"acf":[],"_links":{"self":[{"href":"https:\/\/camping-houlgate.com\/de\/wp-json\/wp\/v2\/pages\/1481"}],"collection":[{"href":"https:\/\/camping-houlgate.com\/de\/wp-json\/wp\/v2\/pages"}],"about":[{"href":"https:\/\/camping-houlgate.com\/de\/wp-json\/wp\/v2\/types\/page"}],"author":[{"embeddable":true,"href":"https:\/\/camping-houlgate.com\/de\/wp-json\/wp\/v2\/users\/1"}],"replies":[{"embeddable":true,"href":"https:\/\/camping-houlgate.com\/de\/wp-json\/wp\/v2\/comments?post=1481"}],"version-history":[{"count":3,"href":"https:\/\/camping-houlgate.com\/de\/wp-json\/wp\/v2\/pages\/1481\/revisions"}],"predecessor-version":[{"id":1484,"href":"https:\/\/camping-houlgate.com\/de\/wp-json\/wp\/v2\/pages\/1481\/revisions\/1484"}],"up":[{"embeddable":true,"href":"https:\/\/camping-houlgate.com\/de\/wp-json\/wp\/v2\/pages\/1389"}],"wp:attachment":[{"href":"https:\/\/camping-houlgate.com\/de\/wp-json\/wp\/v2\/media?parent=1481"}],"curies":[{"name":"wp","href":"https:\/\/api.w.org\/{rel}","templated":true}]}}