{"id":1487,"date":"2023-08-09T14:51:11","date_gmt":"2023-08-09T12:51:11","guid":{"rendered":"https:\/\/camping-houlgate.com\/umgebung\/auf-entdeckungstour-an-der-cote-fleurie-gehen\/"},"modified":"2023-12-06T15:29:22","modified_gmt":"2023-12-06T14:29:22","slug":"auf-entdeckungstour-an-der-cote-fleurie-gehen","status":"publish","type":"page","link":"https:\/\/camping-houlgate.com\/de\/umgebung\/auf-entdeckungstour-an-der-cote-fleurie-gehen\/","title":{"rendered":"Auf Entdeckungstour an der C\u00f4te Fleurie gehen"},"content":{"rendered":"\n<h1 class=\"has-text-align-center has-vert-fonce-color has-text-color\" id=\"partir-a-la-decouverte-de-la-cote-fleurie\">Auf Entdeckungstour an der C\u00f4te Fleurie gehen<\/h1>\n\n<div class=\"wp-block-media-text alignwide is-stacked-on-mobile is-vertically-aligned-center\"><figure class=\"wp-block-media-text__media\"><img width=\"570\" height=\"427\" src=\"https:\/\/camping-houlgate.com\/wp-content\/uploads\/2023\/06\/trouville_camping_de_la_plage_houlgate.jpeg\" alt=\"\" class=\"wp-image-1140 size-full\" srcset=\"https:\/\/camping-houlgate.com\/wp-content\/uploads\/2023\/06\/trouville_camping_de_la_plage_houlgate.jpeg 570w, https:\/\/camping-houlgate.com\/wp-content\/uploads\/2023\/06\/trouville_camping_de_la_plage_houlgate-300x225.jpeg 300w\" sizes=\"(max-width: 570px) 100vw, 570px\" \/><\/figure><div class=\"wp-block-media-text__content\">\n<h2 class=\"has-vert-fonce-color has-text-color\" id=\"trouville\">Trouville<\/h2>\n\n\n\n<p>Seit 1825, als Trouville von Mozin entdeckt wurde, hat sich die Kleinstadt gut in einen Badeort verwandelt und ist zur &#8222;K\u00f6nigin der Str\u00e4nde&#8220; geworden. Fr\u00fcher war er bei Fischern und naturliebenden Malern bekannt, heute k\u00f6nnen Sie den Charme dieses sch\u00f6nen Ortes genie\u00dfen.<\/p>\n\n\n\n<p>Auf dem Programm stehen:<\/p>\n\n\n\n<ul><li>Das Museum von Trouville: mit einer Dauerausstellung der Gem\u00e4lde von Mozin, Aquarellen von Boudin und Postern von Savignac.<\/li><li>Der Strand: Im 19. Jahrhundert sprach man von diesem Strand als dem sch\u00f6nsten in Frankreich.<\/li><li>Die Villen: An der Strandpromenade k\u00f6nnen Sie bei einem Spaziergang entlang der Planches die wundersch\u00f6nen Villen bewundern.<\/li><\/ul>\n<\/div><\/div>\n\n<div class=\"wp-container-69f0df5017d44 wp-block-group alignfull has-bleu-fond-background-color has-background\"><div class=\"wp-block-group__inner-container\">\n<div class=\"wp-block-media-text alignwide has-media-on-the-right is-stacked-on-mobile is-vertically-aligned-center\" style=\"grid-template-columns:auto 46%\"><figure class=\"wp-block-media-text__media\"><img width=\"1024\" height=\"768\" src=\"https:\/\/camping-houlgate.com\/wp-content\/uploads\/2023\/12\/IMG_3087-1024x768.jpg\" alt=\"port-de-plaisance-deauville-camping-de-la-plage\" class=\"wp-image-1659 size-full\" srcset=\"https:\/\/camping-houlgate.com\/wp-content\/uploads\/2023\/12\/IMG_3087-1024x768.jpg 1024w, https:\/\/camping-houlgate.com\/wp-content\/uploads\/2023\/12\/IMG_3087-300x225.jpg 300w, https:\/\/camping-houlgate.com\/wp-content\/uploads\/2023\/12\/IMG_3087-768x576.jpg 768w, https:\/\/camping-houlgate.com\/wp-content\/uploads\/2023\/12\/IMG_3087-1536x1152.jpg 1536w, https:\/\/camping-houlgate.com\/wp-content\/uploads\/2023\/12\/IMG_3087-2048x1536.jpg 2048w\" sizes=\"(max-width: 1024px) 100vw, 1024px\" \/><\/figure><div class=\"wp-block-media-text__content\">\n<h2 class=\"has-vert-fonce-color has-text-color\" id=\"deauville\">Deauville<\/h2>\n\n\n\n<p>Dank Boudin k\u00f6nnen wir die Geschichte von Deauville leicht nachvollziehen. Er selbst kaufte sich dort eine Villa mit Blick auf das Meer.<\/p>\n\n\n\n<p>Auf dem Programm stehen:<\/p>\n\n\n\n<ul><li>Das Eug\u00e8ne-Boudin-Haus<\/li><li>Der Strand: G\u00f6nnen Sie sich einen farbenfrohen Spaziergang dank der vielen bunten Sonnenschirme, die zum Symbol des Ortes geworden sind.<\/li><li>Das Kasino und die Villen<\/li><\/ul>\n<\/div><\/div>\n<\/div><\/div>\n\n<div class=\"wp-block-media-text alignwide is-stacked-on-mobile is-vertically-aligned-center\"><figure class=\"wp-block-media-text__media\"><img width=\"570\" height=\"427\" src=\"https:\/\/camping-houlgate.com\/wp-content\/uploads\/2023\/06\/plage_cabourg_camping_de_la_plage_houlgate.jpeg\" alt=\"\" class=\"wp-image-1121 size-full\" srcset=\"https:\/\/camping-houlgate.com\/wp-content\/uploads\/2023\/06\/plage_cabourg_camping_de_la_plage_houlgate.jpeg 570w, https:\/\/camping-houlgate.com\/wp-content\/uploads\/2023\/06\/plage_cabourg_camping_de_la_plage_houlgate-300x225.jpeg 300w\" sizes=\"(max-width: 570px) 100vw, 570px\" \/><\/figure><div class=\"wp-block-media-text__content\">\n<h2 class=\"has-vert-fonce-color has-text-color\" id=\"cabourg\">Cabourg<\/h2>\n\n\n\n<p>Cabourg ist einer der Star-Badeorte an der C\u00f4te Fleurie in der Normandie!<br\/>Das Festival, der Strand, das Kasino, die Pferderennbahn, aber auch das legend\u00e4re Grand H\u00f4tel de Cabourg versprechen Ihnen einen romantischen Ausflug. Der sch\u00f6ne Badeort hat sich seinen alten Charme bewahrt. Entspannen Sie sich an einem Nachmittag im Kasino. Von der Promenade Marcel Proust aus k\u00f6nnen Sie das atemberaubende Leben an der normannischen K\u00fcste mit ihren typischen H\u00e4usern bewundern.<\/p>\n\n\n\n<p>Auf dem Programm stehen:<\/p>\n\n\n\n<ul><li>Promenade Marcel Proust<\/li><li>Der strand<\/li><li>Das casino<\/li><li>Die Klippen der Schwarzen K\u00fche<\/li><\/ul>\n<\/div><\/div>\n\n<div class=\"wp-container-69f0df501812b wp-block-group alignfull has-vert-fonce-background-color has-background\"><div class=\"wp-block-group__inner-container\">\n<div class=\"wp-block-media-text alignwide has-media-on-the-right is-stacked-on-mobile is-vertically-aligned-center\"><figure class=\"wp-block-media-text__media\"><img width=\"1024\" height=\"631\" src=\"https:\/\/camping-houlgate.com\/wp-content\/uploads\/2023\/06\/2021-05-01_17-46-00-1024x631.png\" alt=\"\" class=\"wp-image-1134 size-full\" srcset=\"https:\/\/camping-houlgate.com\/wp-content\/uploads\/2023\/06\/2021-05-01_17-46-00-1024x631.png 1024w, https:\/\/camping-houlgate.com\/wp-content\/uploads\/2023\/06\/2021-05-01_17-46-00-300x185.png 300w, https:\/\/camping-houlgate.com\/wp-content\/uploads\/2023\/06\/2021-05-01_17-46-00-768x474.png 768w, https:\/\/camping-houlgate.com\/wp-content\/uploads\/2023\/06\/2021-05-01_17-46-00.png 1534w\" sizes=\"(max-width: 1024px) 100vw, 1024px\" \/><\/figure><div class=\"wp-block-media-text__content\">\n<h2 class=\"has-vert-fonce-color has-text-color\" id=\"houlgate\">Houlgate<\/h2>\n\n\n\n<p>Houlgate wurde in den 1850er Jahren erbaut und wuchs wie ein Pilz, da in 20 Jahren 500 Villen, eine sch\u00f6ner als die andere, aus dem Boden schossen. Es gab einen Ansturm von Architekten, die das sch\u00f6nste Anwesen bauen w\u00fcrden.<\/p>\n\n\n\n<p>Auf dem Programm stehen:<\/p>\n\n\n\n<ul><li>Promenade Roland Garros<\/li><li>Der strand<\/li><li>Das casino<\/li><li>Die Klippen der Schwarzen K\u00fche<\/li><li>Rallye \u00fcber die Architektur der Stadt (organisiert vom Fremdenverkehrsamt)<\/li><\/ul>\n<\/div><\/div>\n<\/div><\/div>\n","protected":false},"excerpt":{"rendered":"<p>Auf Entdeckungstour an der C\u00f4te Fleurie gehen Trouville Seit 1825, als Trouville von Mozin entdeckt wurde, hat sich die Kleinstadt gut in einen Badeort verwandelt und ist zur &#8222;K\u00f6nigin der Str\u00e4nde&#8220; geworden. Fr\u00fcher war er bei Fischern und naturliebenden Malern bekannt, heute k\u00f6nnen Sie den Charme dieses sch\u00f6nen Ortes genie\u00dfen. Auf dem Programm stehen: Das [&hellip;]<\/p>\n","protected":false},"author":1,"featured_media":0,"parent":1389,"menu_order":0,"comment_status":"closed","ping_status":"closed","template":"","meta":[],"acf":[],"_links":{"self":[{"href":"https:\/\/camping-houlgate.com\/de\/wp-json\/wp\/v2\/pages\/1487"}],"collection":[{"href":"https:\/\/camping-houlgate.com\/de\/wp-json\/wp\/v2\/pages"}],"about":[{"href":"https:\/\/camping-houlgate.com\/de\/wp-json\/wp\/v2\/types\/page"}],"author":[{"embeddable":true,"href":"https:\/\/camping-houlgate.com\/de\/wp-json\/wp\/v2\/users\/1"}],"replies":[{"embeddable":true,"href":"https:\/\/camping-houlgate.com\/de\/wp-json\/wp\/v2\/comments?post=1487"}],"version-history":[{"count":2,"href":"https:\/\/camping-houlgate.com\/de\/wp-json\/wp\/v2\/pages\/1487\/revisions"}],"predecessor-version":[{"id":1732,"href":"https:\/\/camping-houlgate.com\/de\/wp-json\/wp\/v2\/pages\/1487\/revisions\/1732"}],"up":[{"embeddable":true,"href":"https:\/\/camping-houlgate.com\/de\/wp-json\/wp\/v2\/pages\/1389"}],"wp:attachment":[{"href":"https:\/\/camping-houlgate.com\/de\/wp-json\/wp\/v2\/media?parent=1487"}],"curies":[{"name":"wp","href":"https:\/\/api.w.org\/{rel}","templated":true}]}}