{"id":1489,"date":"2023-08-09T14:59:03","date_gmt":"2023-08-09T12:59:03","guid":{"rendered":"https:\/\/camping-houlgate.com\/umgebung\/liebeswochenende-in-der-normandie\/"},"modified":"2023-08-09T14:59:04","modified_gmt":"2023-08-09T12:59:04","slug":"liebeswochenende-in-der-normandie","status":"publish","type":"page","link":"https:\/\/camping-houlgate.com\/de\/umgebung\/liebeswochenende-in-der-normandie\/","title":{"rendered":"Liebeswochenende in der Normandie"},"content":{"rendered":"\n<h1 class=\"has-text-align-center has-vert-fonce-color has-text-color\" id=\"week-end-en-amoureux-en-normandie\">Liebeswochenende in der Normandie<\/h1>\n\n<div class=\"wp-block-media-text alignwide is-stacked-on-mobile is-vertically-aligned-center\"><figure class=\"wp-block-media-text__media\"><img width=\"570\" height=\"427\" src=\"https:\/\/camping-houlgate.com\/wp-content\/uploads\/2023\/06\/balade_velo_camping_de_la_plage_houlgate.jpeg\" alt=\"\" class=\"wp-image-1111 size-full\" srcset=\"https:\/\/camping-houlgate.com\/wp-content\/uploads\/2023\/06\/balade_velo_camping_de_la_plage_houlgate.jpeg 570w, https:\/\/camping-houlgate.com\/wp-content\/uploads\/2023\/06\/balade_velo_camping_de_la_plage_houlgate-300x225.jpeg 300w\" sizes=\"(max-width: 570px) 100vw, 570px\" \/><\/figure><div class=\"wp-block-media-text__content\">\n<h2 class=\"has-vert-fonce-color has-text-color\" id=\"quoi-faire-lors-de-votre-week-end-en-amoureux-en-normandie\">Was k\u00f6nnen Sie an Ihrem Liebeswochenende in der Normandie unternehmen?<\/h2>\n\n\n\n<h3 id=\"une-escapade-en-velo\">Ein Ausflug mit dem Fahrrad<\/h3>\n\n\n\n<p>Begeben Sie sich auf einen Ausflug mit dem Fahrrad. Von den Landungsstr\u00e4nden bis zum Mont-Saint-Michel: Fahren Sie auf der V\u00e9loroute durch die mittelalterlichen Gassen des Dorfes und steigen Sie die Stufen zur Abtei hinauf.<\/p>\n\n\n\n<h3 id=\"mettez-les-voiles\">Setzen Sie die Segel<\/h3>\n\n\n\n<p>G\u00f6nnen Sie sich an Ihrem Wochenende eine 45-min\u00fctige Fahrt auf See, die vom Kapit\u00e4n kommentiert wird. Entdecken Sie so die h\u00f6chsten Kreidefelsen Europas, aber auch die Str\u00e4nde von Le Tr\u00e9port, Mers les Bains bis hin zum Bois de Cise&#8230;<\/p>\n\n\n\n<p>Eine ideale Aktivit\u00e4t f\u00fcr einen romantischen Ausflug zu zweit!<\/p>\n<\/div><\/div>\n\n<div class=\"wp-container-69d78d7966eb4 wp-block-group alignfull has-bleu-fond-background-color has-background\"><div class=\"wp-block-group__inner-container\">\n<div class=\"wp-block-media-text alignwide has-media-on-the-right is-stacked-on-mobile is-vertically-aligned-center\"><figure class=\"wp-block-media-text__media\"><img width=\"570\" height=\"427\" src=\"https:\/\/camping-houlgate.com\/wp-content\/uploads\/2023\/06\/les_planches_deauville_camping_de_la_plage_houlgate.jpeg\" alt=\"\" class=\"wp-image-1114 size-full\" srcset=\"https:\/\/camping-houlgate.com\/wp-content\/uploads\/2023\/06\/les_planches_deauville_camping_de_la_plage_houlgate.jpeg 570w, https:\/\/camping-houlgate.com\/wp-content\/uploads\/2023\/06\/les_planches_deauville_camping_de_la_plage_houlgate-300x225.jpeg 300w\" sizes=\"(max-width: 570px) 100vw, 570px\" \/><\/figure><div class=\"wp-block-media-text__content\">\n<h2 class=\"has-vert-fonce-color has-text-color\" id=\"les-planches-de-deauville\">Die Planken von Deauville<\/h2>\n\n\n\n<p>Begeben Sie sich auf eine 643 Meter lange und 7 Meter breite Promenade. Wandeln Sie auf den Spuren der Ber\u00fchmtheiten des Festivals des amerikanischen Films in Deauville. Die Bretter von Deauville bestehen aus einem unverrottbaren Tropenholz. Damals erm\u00f6glichte er es den Damen, am Strand entlang zu spazieren, ohne ihre Kleider zu beschmutzen.<\/p>\n<\/div><\/div>\n<\/div><\/div>\n\n<div class=\"wp-block-media-text alignwide is-stacked-on-mobile is-vertically-aligned-center\"><figure class=\"wp-block-media-text__media\"><img width=\"570\" height=\"427\" src=\"https:\/\/camping-houlgate.com\/wp-content\/uploads\/2023\/06\/roulotte_weekend_camping_de_la_plage_houlgate.jpeg\" alt=\"\" class=\"wp-image-1117 size-full\" srcset=\"https:\/\/camping-houlgate.com\/wp-content\/uploads\/2023\/06\/roulotte_weekend_camping_de_la_plage_houlgate.jpeg 570w, https:\/\/camping-houlgate.com\/wp-content\/uploads\/2023\/06\/roulotte_weekend_camping_de_la_plage_houlgate-300x225.jpeg 300w\" sizes=\"(max-width: 570px) 100vw, 570px\" \/><\/figure><div class=\"wp-block-media-text__content\">\n<h2 class=\"has-vert-fonce-color has-text-color\" id=\"le-logement-ideal-pour-votre-week-end-en-amoureux-en-normandie\">Die perfekte Unterkunft f\u00fcr Ihr Liebeswochenende in der Normandie<\/h2>\n\n\n\n<p>Entdecken Sie f\u00fcr Ihr Wochenende zu zweit unsere ungew\u00f6hnlichen Unterk\u00fcnfte. Erleben Sie eine einzigartige und unvergessliche Erfahrung am Meer. F\u00fcr einen romantischen Aufenthalt zu zweit empfehlen wir Ihnen, in einem unserer Zigeunerwagen zu \u00fcbernachten!<\/p>\n\n\n\n<p>Nach Ma\u00df f\u00fcr unseren Campingplatz angefertigt, werden Sie einen Urlaub voller Abwechslung verbringen! Am Fu\u00dfe der Str\u00e4nde des Calvados, mit einem tiefen Blick auf das Meer, sind unsere Roulottes eine echte Einladung zu einer Reise und befinden sich gleichzeitig im Herzen der Normandie.<\/p>\n\n\n\n<h3 id=\"la-roulotte-capucine\">Der Zigeunerwagen Capucine<\/h3>\n\n\n\n<p>Voller Charme garantiert Ihnen der Zigeunerwagen Maria einen originellen Urlaub zu zweit. Bequem mit Blick auf das Meer werden Sie nicht mehr nach Hause wollen!<\/p>\n\n\n\n<p>In Ihrem Zigeunerwagen verf\u00fcgen Sie \u00fcber eine K\u00fcche und eine Essecke, in der Sie gemeinsam ein Abendessen bei Kerzenlicht genie\u00dfen k\u00f6nnen. Aber auch ein Alkoven mit einem Doppelbett und einer Sitzbank, in dem zwei Personen Platz finden.<\/p>\n<\/div><\/div>\n","protected":false},"excerpt":{"rendered":"<p>Liebeswochenende in der Normandie Was k\u00f6nnen Sie an Ihrem Liebeswochenende in der Normandie unternehmen? Ein Ausflug mit dem Fahrrad Begeben Sie sich auf einen Ausflug mit dem Fahrrad. Von den Landungsstr\u00e4nden bis zum Mont-Saint-Michel: Fahren Sie auf der V\u00e9loroute durch die mittelalterlichen Gassen des Dorfes und steigen Sie die Stufen zur Abtei hinauf. Setzen Sie [&hellip;]<\/p>\n","protected":false},"author":1,"featured_media":0,"parent":1389,"menu_order":0,"comment_status":"closed","ping_status":"closed","template":"","meta":[],"acf":[],"_links":{"self":[{"href":"https:\/\/camping-houlgate.com\/de\/wp-json\/wp\/v2\/pages\/1489"}],"collection":[{"href":"https:\/\/camping-houlgate.com\/de\/wp-json\/wp\/v2\/pages"}],"about":[{"href":"https:\/\/camping-houlgate.com\/de\/wp-json\/wp\/v2\/types\/page"}],"author":[{"embeddable":true,"href":"https:\/\/camping-houlgate.com\/de\/wp-json\/wp\/v2\/users\/1"}],"replies":[{"embeddable":true,"href":"https:\/\/camping-houlgate.com\/de\/wp-json\/wp\/v2\/comments?post=1489"}],"version-history":[{"count":1,"href":"https:\/\/camping-houlgate.com\/de\/wp-json\/wp\/v2\/pages\/1489\/revisions"}],"predecessor-version":[{"id":1490,"href":"https:\/\/camping-houlgate.com\/de\/wp-json\/wp\/v2\/pages\/1489\/revisions\/1490"}],"up":[{"embeddable":true,"href":"https:\/\/camping-houlgate.com\/de\/wp-json\/wp\/v2\/pages\/1389"}],"wp:attachment":[{"href":"https:\/\/camping-houlgate.com\/de\/wp-json\/wp\/v2\/media?parent=1489"}],"curies":[{"name":"wp","href":"https:\/\/api.w.org\/{rel}","templated":true}]}}