{"id":1781,"date":"2023-12-07T16:26:39","date_gmt":"2023-12-07T15:26:39","guid":{"rendered":"https:\/\/camping-houlgate.com\/umgebung\/falaises-des-vaches-noires-un-site-naturel-protege\/"},"modified":"2024-12-19T14:41:26","modified_gmt":"2024-12-19T13:41:26","slug":"falaises-des-vaches-noires-un-site-naturel-protege","status":"publish","type":"page","link":"https:\/\/camping-houlgate.com\/de\/umgebung\/falaises-des-vaches-noires-un-site-naturel-protege\/","title":{"rendered":"Falaises des Vaches Noires : un site naturel prot\u00e9g\u00e9"},"content":{"rendered":"\n<p class=\"has-small-font-size\">Falaises des Vaches Noires<\/p>\n\n\n\n<h1 class=\"has-text-align-center has-vert-fonce-color has-text-color\" id=\"un-site-hors-du-commun-a-deux-pas-du-camping\"><strong>Un site hors du commun \u00e0 deux pas du camping&#8230;<\/strong> \ud83c\udf3f<\/h1>\n\n\n\n<p class=\"has-text-align-center\">Les falaises des Vaches Noires se situent en Normandie, dans le d\u00e9partement du Calvados. Elles s&#8217;\u00e9tendent sur 4.5 km entre les communes de Villers-sur-mer et Houlgate, et principalement sur les communes d&#8217;Auberville et de Gonneville-sur-mer. Ce site naturel est devenu \u00e0 partir du 18\u00e8me si\u00e8cle un v\u00e9ritable lieu d&#8217;observation des <strong>fossiles<\/strong>, ainsi gr\u00e2ce \u00e0 l&#8217;initiative de Michel RIOULT, pal\u00e9ontologue, le site des Vaches Noires a \u00e9t\u00e9 class\u00e9 le 20 f\u00e9vrier 1995 en tant que <strong>&#8222;Zone naturelle d&#8217;int\u00e9r\u00eat \u00e9cologique, faunistique et floristique&#8220; <\/strong>afin d&#8217;assurer la protection de ce patrimoine naturel, mais aussi de garantir la s\u00e9curit\u00e9 des promeneurs d\u00fb aux risques d&#8217;\u00e9boulement. Ainsi, l&#8217;acc\u00e8s aux falaises est interdit, n\u00e9anmoins, il est possible de ramasser les fossiles tomb\u00e9s des falaises suite \u00e0 l&#8217;\u00e9rosion naturelle ou encore de les observer depuis la plage \u00e0 mar\u00e9e basse bien s\u00fbr ! \ud83c\udfde\ufe0f<\/p>\n\n\n\n<div class=\"wp-block-columns has-bleu-fond-background-color has-background\">\n<div class=\"wp-block-column\">\n<figure class=\"wp-block-image size-large\"><img width=\"1024\" height=\"768\" src=\"https:\/\/camping-houlgate.com\/wp-content\/uploads\/2023\/12\/Falaises-Camille-Plichard-OTINCPA-1024x768.jpg\" alt=\"falaises-des-vaches-noires-camping-de-la-plage-houlgate\" class=\"wp-image-1846\" srcset=\"https:\/\/camping-houlgate.com\/wp-content\/uploads\/2023\/12\/Falaises-Camille-Plichard-OTINCPA-1024x768.jpg 1024w, https:\/\/camping-houlgate.com\/wp-content\/uploads\/2023\/12\/Falaises-Camille-Plichard-OTINCPA-300x225.jpg 300w, https:\/\/camping-houlgate.com\/wp-content\/uploads\/2023\/12\/Falaises-Camille-Plichard-OTINCPA-768x576.jpg 768w, https:\/\/camping-houlgate.com\/wp-content\/uploads\/2023\/12\/Falaises-Camille-Plichard-OTINCPA-1536x1152.jpg 1536w, https:\/\/camping-houlgate.com\/wp-content\/uploads\/2023\/12\/Falaises-Camille-Plichard-OTINCPA.jpg 2048w\" sizes=\"(max-width: 1024px) 100vw, 1024px\" \/><\/figure>\n\n\n\n<ul><li><em><strong>Pour la petite anecdote,<\/strong> savez-vous pourquoi les Falaises sont appel\u00e9es Vaches Noires ?<\/em><\/li><\/ul>\n\n\n\n<p><em>Ce nom proviendrait tout simplement de paroles de marins, la pr\u00e9sence de ces blocs de craie \u00e9boul\u00e9s au pied des falaises et recouverte d&#8217;algues faisait penser vue de la mer \u00e0 un troupeau de vaches.<\/em> \ud83d\udc04<\/p>\n<\/div>\n\n\n\n<div class=\"wp-block-column\">\n<h2 class=\"has-orange-color has-text-color\" id=\"1-l-histoire\">1. L&#8217;Histoire<\/h2>\n\n\n\n<p>Hautes de plus de 100 m\u00e8tres, ces falaises sont constitu\u00e9es de couches de roches telles que la marne, le calcaire ou encore la craie, ces couches se sont form\u00e9s au cours du Jurassique moyen et sup\u00e9rieur (Callovien et Oxfordien), il y a -165 millions d&#8217;ann\u00e9es jusqu&#8217;au cr\u00e9tac\u00e9 sup\u00e9rieur (C\u00e9nomanien) il y a &#8211; 110 millions d&#8217;ann\u00e9es. \ud83c\udf0d<\/p>\n\n\n\n<p>Les formes atypiques des falaises pr\u00e8s de <a href=\"https:\/\/camping-houlgate.com\/alentours\/camping-deauville\/\">Deauville<\/a> sont li\u00e9es \u00e0 leur mode d&#8217;\u00e9rosion, majoritairement recouverte de craie, cette roche est perm\u00e9able ainsi, l&#8217;eau se glisse dans cette roche et forme ce qu&#8217;on appelle un aquif\u00e8re (r\u00e9serve d&#8217;eau souterraine). L&#8217;eau coinc\u00e9e entre la marne, roche imperm\u00e9able et la craie, roche perm\u00e9able, il se cr\u00e9e un exutoire o\u00f9 l&#8217;eau s&#8217;\u00e9vacue sous forme de coul\u00e9e de boue et emm\u00e8ne sur son passage des blocs de craie et diff\u00e9rentes roches de la falaise, cela cr\u00e9e des bourrelets de marne. \u26f0\ufe0f<\/p>\n\n\n\n<p>Lors de la mar\u00e9e haute, la mer vient laver les marnes et laisse sur la plage certains fossiles. Ainsi, \u00e0 mar\u00e9e basse, il est possible de les apercevoir et d&#8217;\u00e9tablir au fil des ann\u00e9es une m\u00e9thode de datation, dites biostratigraphie.<\/p>\n<\/div>\n<\/div>\n\n\n\n<div class=\"wp-block-columns\">\n<div class=\"wp-block-column\">\n<h2 class=\"has-orange-color has-text-color\" id=\"2-la-faune-la-flore\">2. La Faune &amp; La Flore<\/h2>\n\n\n\n<p>Les falaises des Vaches Noires ont \u00e9t\u00e9 au fil des ann\u00e9es colonis\u00e9es par toute sorte de v\u00e9g\u00e9tation, d&#8217;esp\u00e8ces naturels, aujourd&#8217;hui class\u00e9, la faune et la flore sont d\u00e9sormais prot\u00e9g\u00e9es. \ud83d\udc26<\/p>\n\n\n\n<p>Les falaises en haut de pente sont bois\u00e9es de diverses races d&#8217;arbres tels que le ch\u00eane, le fr\u00eane ou encore d&#8217;\u00e9rable. Mais elles sont aussi un lieu de vie pour toute une s\u00e9rie d&#8217;oiseaux comme les sternes de Dougall, les choucas des Tours, les p\u00e9trels Fulmar, mais aussi les mouettes et les go\u00e9lands. \ud83e\udda2<\/p>\n\n\n\n<p>Notre <a href=\"https:\/\/camping-houlgate.com\/alentours\/camping-cabourg\/\">camping pr\u00e8s de Cabourg<\/a> a la chance d&#8217;\u00eatre situ\u00e9 sur la zone prot\u00e9g\u00e9e des Vaches Noires. Ainsi, nous mettons tout en \u0153uvre pour pr\u00e9server cet endroit magnifique. De s\u00e9rieuses mesures de s\u00e9curit\u00e9 ont \u00e9t\u00e9 mises en place afin d&#8217;\u00e9viter les glissements de terrain, de plus, munit d&#8217;un composteur, d&#8217;une poubelle jaune et d&#8217;un conteneur \u00e0 verre, nous veillons \u00e0 ce que le tri s\u00e9lectif soit respect\u00e9. Nous tendons \u00e0 devenir \u00e9coresponsable en pratiquant ce que l&#8217;on appelle le tourisme vert. \ud83c\udf43<\/p>\n<\/div>\n\n\n\n<div class=\"wp-block-column\">\n<figure class=\"wp-block-image size-large is-style-default\"><img width=\"1024\" height=\"768\" src=\"https:\/\/camping-houlgate.com\/wp-content\/uploads\/2023\/12\/Aigrette-Camille-Plichard-OTINCPA-1024x768.jpg\" alt=\"faune-flore-houlgate-camping-de-la-plage-normandie\" class=\"wp-image-1828\" srcset=\"https:\/\/camping-houlgate.com\/wp-content\/uploads\/2023\/12\/Aigrette-Camille-Plichard-OTINCPA-1024x768.jpg 1024w, https:\/\/camping-houlgate.com\/wp-content\/uploads\/2023\/12\/Aigrette-Camille-Plichard-OTINCPA-300x225.jpg 300w, https:\/\/camping-houlgate.com\/wp-content\/uploads\/2023\/12\/Aigrette-Camille-Plichard-OTINCPA-768x576.jpg 768w, https:\/\/camping-houlgate.com\/wp-content\/uploads\/2023\/12\/Aigrette-Camille-Plichard-OTINCPA-1536x1152.jpg 1536w, https:\/\/camping-houlgate.com\/wp-content\/uploads\/2023\/12\/Aigrette-Camille-Plichard-OTINCPA.jpg 2048w\" sizes=\"(max-width: 1024px) 100vw, 1024px\" \/><\/figure>\n<\/div>\n<\/div>\n\n\n\n<div class=\"wp-block-columns has-vert-fonce-background-color has-background\">\n<div class=\"wp-block-column\" style=\"flex-basis:100%\">\n<div class=\"wp-container-69e18c5409fc2 wp-block-group has-vert-fonce-background-color has-background\"><div class=\"wp-block-group__inner-container\">\n<div class=\"wp-block-columns\">\n<div class=\"wp-block-column has-vert-fonce-background-color has-background\" style=\"flex-basis:100%\">\n<div class=\"wp-block-columns has-vert-fonce-background-color has-background\">\n<div class=\"wp-block-column\">\n<figure class=\"wp-block-image size-large is-resized\"><img src=\"https:\/\/camping-houlgate.com\/wp-content\/uploads\/2023\/12\/IMG_0559-002-787x1024.jpg\" alt=\"\" class=\"wp-image-1764\" width=\"404\" height=\"524\"\/><\/figure>\n\n\n\n<p><\/p>\n\n\n\n<p>Sous le second empire, le tourisme baln\u00e9aire se d\u00e9veloppe, l&#8217;oc\u00e9an et l&#8217;air marin synonyme de bien-\u00eatre et de bonne sant\u00e9 pousse la bourgeoisie \u00e0 investir les rivages normands de la C\u00f4te Fleurie. \ud83c\udfdd\ufe0f<\/p>\n<\/div>\n\n\n\n<div class=\"wp-block-column\">\n<h2 class=\"has-orange-color has-text-color\" id=\"3-un-lieu-inspirant\">3. Un lieu inspirant&#8230;<\/h2>\n\n\n\n<p>Le premier fossile d\u00e9couvert aux falaises des Vaches Noires date de 1770, il s&#8217;agit de vert\u00e8bre de Stretospondylus altdorfensis, une ancienne esp\u00e8ce de dinosaure carnivore. C&#8217;est au 19\u00e8me si\u00e8cle, que Georges CUVIER donna les premi\u00e8res descriptions scientifiques de dinosaures et de crocodiliens marins. C&#8217;est \u00e0 partir de 1887, lors d&#8217;une description d&#8217;une nouvelle esp\u00e8ce de dinosaures que la Normandie devient l&#8217;une des principales r\u00e9gions fran\u00e7aises pour l&#8217;\u00e9tude des dinosaures. \ud83e\udd96<\/p>\n<\/div>\n\n\n\n<div class=\"wp-block-column\">\n<figure class=\"wp-block-image size-large is-resized\"><img src=\"https:\/\/camping-houlgate.com\/wp-content\/uploads\/2023\/12\/IMG_0560-002-768x1024.jpg\" alt=\"\" class=\"wp-image-1767\" width=\"444\" height=\"591\" srcset=\"https:\/\/camping-houlgate.com\/wp-content\/uploads\/2023\/12\/IMG_0560-002-768x1024.jpg 768w, https:\/\/camping-houlgate.com\/wp-content\/uploads\/2023\/12\/IMG_0560-002-225x300.jpg 225w, https:\/\/camping-houlgate.com\/wp-content\/uploads\/2023\/12\/IMG_0560-002-1152x1536.jpg 1152w, https:\/\/camping-houlgate.com\/wp-content\/uploads\/2023\/12\/IMG_0560-002-1536x2048.jpg 1536w, https:\/\/camping-houlgate.com\/wp-content\/uploads\/2023\/12\/IMG_0560-002-scaled.jpg 1920w\" sizes=\"(max-width: 444px) 100vw, 444px\" \/><\/figure>\n\n\n\n<p><\/p>\n\n\n\n<p>Ainsi, l&#8217;aspect unique des Vaches Noires retient l&#8217;attention de nombreux scientifiques comme Edmond HEBERT, g\u00e9ologue ou encore Henri DOUVILLE, pal\u00e9ontologue, mais aussi, amateurs, collectionneurs, ils ont \u00e9t\u00e9 les pionniers de la cr\u00e9ation du Pal\u00e9ospace de Villers-sur-mer. \u26cf\ufe0f<\/p>\n<\/div>\n<\/div>\n<\/div>\n<\/div>\n<\/div><\/div>\n<\/div>\n<\/div>\n\n\n\n<div class=\"wp-block-columns has-blanc-background-color has-background\">\n<div class=\"wp-block-column\">\n<figure class=\"wp-block-image size-large\"><img width=\"1024\" height=\"768\" src=\"https:\/\/camping-houlgate.com\/wp-content\/uploads\/2023\/12\/Paleospace-Armelle-Le-Goff-Calvados-Attractivite-1024x768.jpg\" alt=\"pal\u00e9ospace-villers-sur-mer\" class=\"wp-image-1879\" srcset=\"https:\/\/camping-houlgate.com\/wp-content\/uploads\/2023\/12\/Paleospace-Armelle-Le-Goff-Calvados-Attractivite-1024x768.jpg 1024w, https:\/\/camping-houlgate.com\/wp-content\/uploads\/2023\/12\/Paleospace-Armelle-Le-Goff-Calvados-Attractivite-300x225.jpg 300w, https:\/\/camping-houlgate.com\/wp-content\/uploads\/2023\/12\/Paleospace-Armelle-Le-Goff-Calvados-Attractivite-768x576.jpg 768w, https:\/\/camping-houlgate.com\/wp-content\/uploads\/2023\/12\/Paleospace-Armelle-Le-Goff-Calvados-Attractivite-1536x1152.jpg 1536w, https:\/\/camping-houlgate.com\/wp-content\/uploads\/2023\/12\/Paleospace-Armelle-Le-Goff-Calvados-Attractivite.jpg 2048w\" sizes=\"(max-width: 1024px) 100vw, 1024px\" \/><\/figure>\n<\/div>\n\n\n\n<div class=\"wp-block-column\">\n<h2 class=\"has-orange-color has-text-color\" id=\"4-a-visiter\">4. \u00c0 visiter <\/h2>\n\n\n\n<p>Pour les passionn\u00e9s de fossiles, nous vous conseillons de vous rendre au <a href=\"https:\/\/www.paleospace-villers.fr\/\" target=\"_blank\" rel=\"noreferrer noopener\">Pal\u00e9ospace<\/a>, mus\u00e9e enti\u00e8rement d\u00e9di\u00e9 aux fossiles retrouv\u00e9s sur les Falaises des Vaches Noires. De plus, de nombreuses activit\u00e9s et vid\u00e9os pour les enfants y sont propos\u00e9es. \ud83e\udd96<\/p>\n\n\n\n<p>Il y a aussi le <a href=\"https:\/\/www.cpievdo.fr\/maison-de-la-nature\" target=\"_blank\" rel=\"noreferrer noopener\">mus\u00e9e de la Nature et de l&#8217;Estuaire<\/a> situ\u00e9 dans la baie de Sallenelles, vous pourrez y observer diff\u00e9rentes races d&#8217;oiseaux, mais surtout les enjeux de la protection de la faune et de la flore. \ud83c\udf3e<\/p>\n\n\n\n<p>Enfin, quelques balades sont \u00e9nonc\u00e9es, il suffit de se rendre \u00e0 l&#8217;office de tourisme des villes concern\u00e9es, <a href=\"https:\/\/www.calameo.com\/read\/0052271145c1fadf2b0eb\" target=\"_blank\" rel=\"noreferrer noopener\">l&#8217;Office de tourisme &#8211; Normandie Cabourg Pays D&#8217;Auge.<\/a> <\/p>\n<\/div>\n<\/div>\n","protected":false},"excerpt":{"rendered":"<p>Falaises des Vaches Noires Un site hors du commun \u00e0 deux pas du camping&#8230; \ud83c\udf3f Les falaises des Vaches Noires se situent en Normandie, dans le d\u00e9partement du Calvados. Elles s&#8217;\u00e9tendent sur 4.5 km entre les communes de Villers-sur-mer et Houlgate, et principalement sur les communes d&#8217;Auberville et de Gonneville-sur-mer. Ce site naturel est devenu [&hellip;]<\/p>\n","protected":false},"author":2,"featured_media":0,"parent":1389,"menu_order":0,"comment_status":"closed","ping_status":"closed","template":"","meta":[],"acf":[],"_links":{"self":[{"href":"https:\/\/camping-houlgate.com\/de\/wp-json\/wp\/v2\/pages\/1781"}],"collection":[{"href":"https:\/\/camping-houlgate.com\/de\/wp-json\/wp\/v2\/pages"}],"about":[{"href":"https:\/\/camping-houlgate.com\/de\/wp-json\/wp\/v2\/types\/page"}],"author":[{"embeddable":true,"href":"https:\/\/camping-houlgate.com\/de\/wp-json\/wp\/v2\/users\/2"}],"replies":[{"embeddable":true,"href":"https:\/\/camping-houlgate.com\/de\/wp-json\/wp\/v2\/comments?post=1781"}],"version-history":[{"count":6,"href":"https:\/\/camping-houlgate.com\/de\/wp-json\/wp\/v2\/pages\/1781\/revisions"}],"predecessor-version":[{"id":2520,"href":"https:\/\/camping-houlgate.com\/de\/wp-json\/wp\/v2\/pages\/1781\/revisions\/2520"}],"up":[{"embeddable":true,"href":"https:\/\/camping-houlgate.com\/de\/wp-json\/wp\/v2\/pages\/1389"}],"wp:attachment":[{"href":"https:\/\/camping-houlgate.com\/de\/wp-json\/wp\/v2\/media?parent=1781"}],"curies":[{"name":"wp","href":"https:\/\/api.w.org\/{rel}","templated":true}]}}